{"id":1807,"date":"2025-05-04T17:51:02","date_gmt":"2025-05-04T22:51:02","guid":{"rendered":"https:\/\/elrincondelquimico.com\/?post_type=product&#038;p=1807"},"modified":"2025-05-04T18:13:40","modified_gmt":"2025-05-04T23:13:40","slug":"frasco-pet-esteril-pqte-x-36-und-de-125-ml-cod-061-09-125-isolab","status":"publish","type":"product","link":"https:\/\/elrincondelquimico.com\/?product=frasco-pet-esteril-pqte-x-36-und-de-125-ml-cod-061-09-125-isolab","title":{"rendered":"FRASCO PET ESTERIL (PQTE X 36 UND) DE 125 ML COD 061.09.125 ISOLAB"},"content":{"rendered":"<p>Fabricadas con PET de f\u00f3rmula especial, con paredes gruesas y esquinas resistentes al aplastamiento. Especialmente recomendadas para el almacenamiento y transporte seguros de medios de cultivo celular.<br \/>\nEstas botellas se fabrican en plantas de producci\u00f3n con esterilidad as\u00e9ptica y posteriormente se env\u00edan a esterilizaci\u00f3n gamma. Pueden utilizarse para cualquier an\u00e1lisis que requiera una muestra est\u00e9ril.<br \/>\nEl cuello de la botella facilita el llenado y el vertido. Su forma cuadrada permite un m\u00e1ximo ahorro de espacio. Las tapas est\u00e1n hechas de polietileno con amplios rebordes para un cierre r\u00e1pido.<br \/>\nV en relieve<\/p>\n<table>\n<tbody>\n<tr>\n<td width=\"113\"><strong>CATALOGO NUMERO<\/strong><\/td>\n<td width=\"113\"><strong>VOLUMEN<\/strong><\/td>\n<td width=\"113\"><strong>TAMA\u00d1O CUELLO<\/strong><\/td>\n<td width=\"113\"><strong>BOTELLA <\/strong><\/p>\n<p><strong>A X L X A<\/strong><\/td>\n<td width=\"113\"><strong>CANTIDAD X PAQUETE<\/strong><\/td>\n<\/tr>\n<tr>\n<td width=\"113\"><strong>061.09.125<\/strong><\/td>\n<td width=\"113\">125 ML<\/td>\n<td width=\"113\">32 MM<\/td>\n<td width=\"113\">53X53X105 MM<\/td>\n<td width=\"113\">36 PIEZAS<\/td>\n<\/tr>\n<tr>\n<td width=\"113\"><strong>061.09.250<\/strong><\/td>\n<td width=\"113\">250 ML<\/td>\n<td width=\"113\">32 MM<\/td>\n<td width=\"113\">59X59X147 MM<\/td>\n<td width=\"113\">32 PIEZAS<\/td>\n<\/tr>\n<tr>\n<td width=\"113\"><strong>061.09.500<\/strong><\/td>\n<td width=\"113\">500 ML<\/td>\n<td width=\"113\">32 MM<\/td>\n<td width=\"113\">77X77X174 MM<\/td>\n<td width=\"113\">32 PIEZAS<\/td>\n<\/tr>\n<tr>\n<td width=\"113\"><strong>061.09.901<\/strong><\/td>\n<td width=\"113\">1000 ML<\/td>\n<td width=\"113\">32 MM<\/td>\n<td width=\"113\">93X93X214 MM<\/td>\n<td width=\"113\">24 PIEZAS<\/td>\n<\/tr>\n<\/tbody>\n<\/table>\n<p>&nbsp;<\/p>\n","protected":false},"excerpt":{"rendered":"<p>Fabricadas con PET de f\u00f3rmula especial, con paredes gruesas y esquinas resistentes al aplastamiento. Especialmente recomendadas para el almacenamiento y transporte seguros de medios de cultivo celular. Estas botellas se fabrican en plantas de producci\u00f3n con esterilidad as\u00e9ptica y posteriormente se env\u00edan a esterilizaci\u00f3n gamma. Pueden utilizarse para cualquier an\u00e1lisis que requiera una muestra est\u00e9ril.<\/p>\n<div class=\"more-link\">\n\t\t\t\t <a href=\"https:\/\/elrincondelquimico.com\/?product=frasco-pet-esteril-pqte-x-36-und-de-125-ml-cod-061-09-125-isolab\" class=\"link-btn\"><span>Continue Leyendo <\/span><i class=\"icofont-thin-double-right\"><\/i><\/a>\n\t\t\t<\/div>\n","protected":false},"featured_media":1812,"comment_status":"open","ping_status":"closed","template":"","meta":{"inline_featured_image":false},"product_brand":[],"product_cat":[27,93],"product_tag":[62,213,20,63],"class_list":{"0":"post-1807","1":"product","2":"type-product","3":"status-publish","4":"has-post-thumbnail","6":"product_cat-isolab","7":"product_cat-plastico","8":"product_tag-aleman","9":"product_tag-autoclavable","10":"product_tag-frasco","11":"product_tag-isolab","13":"first","14":"instock","15":"shipping-taxable","16":"purchasable","17":"product-type-simple"},"blog_post_layout_featured_media_urls":{"thumbnail":["https:\/\/elrincondelquimico.com\/wp-content\/uploads\/2025\/05\/Sin-titulo-1-10-150x150.jpg",150,150,true],"full":["https:\/\/elrincondelquimico.com\/wp-content\/uploads\/2025\/05\/Sin-titulo-1-10.jpg",1338,1338,false]},"categories":null,"categories_names":null,"comments_number":"0","_links":{"self":[{"href":"https:\/\/elrincondelquimico.com\/index.php?rest_route=\/wp\/v2\/product\/1807","targetHints":{"allow":["GET"]}}],"collection":[{"href":"https:\/\/elrincondelquimico.com\/index.php?rest_route=\/wp\/v2\/product"}],"about":[{"href":"https:\/\/elrincondelquimico.com\/index.php?rest_route=\/wp\/v2\/types\/product"}],"replies":[{"embeddable":true,"href":"https:\/\/elrincondelquimico.com\/index.php?rest_route=%2Fwp%2Fv2%2Fcomments&post=1807"}],"wp:featuredmedia":[{"embeddable":true,"href":"https:\/\/elrincondelquimico.com\/index.php?rest_route=\/wp\/v2\/media\/1812"}],"wp:attachment":[{"href":"https:\/\/elrincondelquimico.com\/index.php?rest_route=%2Fwp%2Fv2%2Fmedia&parent=1807"}],"wp:term":[{"taxonomy":"product_brand","embeddable":true,"href":"https:\/\/elrincondelquimico.com\/index.php?rest_route=%2Fwp%2Fv2%2Fproduct_brand&post=1807"},{"taxonomy":"product_cat","embeddable":true,"href":"https:\/\/elrincondelquimico.com\/index.php?rest_route=%2Fwp%2Fv2%2Fproduct_cat&post=1807"},{"taxonomy":"product_tag","embeddable":true,"href":"https:\/\/elrincondelquimico.com\/index.php?rest_route=%2Fwp%2Fv2%2Fproduct_tag&post=1807"}],"curies":[{"name":"wp","href":"https:\/\/api.w.org\/{rel}","templated":true}]}}