{"id":1782,"date":"2025-05-04T17:06:09","date_gmt":"2025-05-04T22:06:09","guid":{"rendered":"https:\/\/elrincondelquimico.com\/?post_type=product&#038;p=1782"},"modified":"2025-09-19T16:18:41","modified_gmt":"2025-09-19T21:18:41","slug":"frasco-de-vidrio-autoclavable-boro-3-3-de-250-ml-cod-061-01-250-isolab","status":"publish","type":"product","link":"https:\/\/elrincondelquimico.com\/?product=frasco-de-vidrio-autoclavable-boro-3-3-de-250-ml-cod-061-01-250-isolab","title":{"rendered":"FRASCO DE VIDRIO AUTOCLAVABLE BORO 3.3 DE 250 ML COD 061.01.250 ISOLAB"},"content":{"rendered":"<p>Fabricadas en vidrio de borosilicato resistente al calor y duradero, con paredes gruesas y esquinas resistentes al aplastamiento.<br \/>\nEstas botellas, resistentes a los impactos y con excelente estabilidad t\u00e9rmica, son autoclavables a 121 \u00b0C. No se deben cerrar los tapones durante la esterilizaci\u00f3n.<br \/>\nEl cuello en \u00e1ngulo permite un flujo libre de l\u00edquido sin dejar residuos.<br \/>\nEl amplio cuello de la botella GL 45 facilita el llenado y el vertido.<br \/>\nEl anillo vertedor de dise\u00f1o exclusivo evita gotas y derrames.<br \/>\nLas tapas est\u00e1n hechas de polipropileno con amplios rebordes para un mejor agarre. El dise\u00f1o interior de la tapa garantiza un cierre herm\u00e9tico y a prueba de fugas.<br \/>\nLas graduaciones de volumen en la pared lateral ofrecen una mejor visualizaci\u00f3n del nivel de l\u00edquido. Las graduaciones e inscripciones est\u00e1n impresas con esmalte blanco.<\/p>\n","protected":false},"excerpt":{"rendered":"<p>Fabricadas en vidrio de borosilicato resistente al calor y duradero, con paredes gruesas y esquinas resistentes al aplastamiento. Estas botellas, resistentes a los impactos y con excelente estabilidad t\u00e9rmica, son autoclavables a 121 \u00b0C. No se deben cerrar los tapones durante la esterilizaci\u00f3n. El cuello en \u00e1ngulo permite un flujo libre de l\u00edquido sin dejar<\/p>\n<div class=\"more-link\">\n\t\t\t\t <a href=\"https:\/\/elrincondelquimico.com\/?product=frasco-de-vidrio-autoclavable-boro-3-3-de-250-ml-cod-061-01-250-isolab\" class=\"link-btn\"><span>Continue Leyendo <\/span><i class=\"icofont-thin-double-right\"><\/i><\/a>\n\t\t\t<\/div>\n","protected":false},"featured_media":2481,"comment_status":"open","ping_status":"closed","template":"","meta":{"inline_featured_image":false},"product_brand":[],"product_cat":[27,87],"product_tag":[62,213,20,63,81],"class_list":{"0":"post-1782","1":"product","2":"type-product","3":"status-publish","4":"has-post-thumbnail","6":"product_cat-isolab","7":"product_cat-vidrio","8":"product_tag-aleman","9":"product_tag-autoclavable","10":"product_tag-frasco","11":"product_tag-isolab","12":"product_tag-vidrio","14":"first","15":"instock","16":"shipping-taxable","17":"purchasable","18":"product-type-simple"},"blog_post_layout_featured_media_urls":{"thumbnail":["https:\/\/elrincondelquimico.com\/wp-content\/uploads\/2025\/05\/FORMATO-ISOLAB-121-150x150.jpg",150,150,true],"full":["https:\/\/elrincondelquimico.com\/wp-content\/uploads\/2025\/05\/FORMATO-ISOLAB-121.jpg",1338,1338,false]},"categories":null,"categories_names":null,"comments_number":"0","_links":{"self":[{"href":"https:\/\/elrincondelquimico.com\/index.php?rest_route=\/wp\/v2\/product\/1782","targetHints":{"allow":["GET"]}}],"collection":[{"href":"https:\/\/elrincondelquimico.com\/index.php?rest_route=\/wp\/v2\/product"}],"about":[{"href":"https:\/\/elrincondelquimico.com\/index.php?rest_route=\/wp\/v2\/types\/product"}],"replies":[{"embeddable":true,"href":"https:\/\/elrincondelquimico.com\/index.php?rest_route=%2Fwp%2Fv2%2Fcomments&post=1782"}],"wp:featuredmedia":[{"embeddable":true,"href":"https:\/\/elrincondelquimico.com\/index.php?rest_route=\/wp\/v2\/media\/2481"}],"wp:attachment":[{"href":"https:\/\/elrincondelquimico.com\/index.php?rest_route=%2Fwp%2Fv2%2Fmedia&parent=1782"}],"wp:term":[{"taxonomy":"product_brand","embeddable":true,"href":"https:\/\/elrincondelquimico.com\/index.php?rest_route=%2Fwp%2Fv2%2Fproduct_brand&post=1782"},{"taxonomy":"product_cat","embeddable":true,"href":"https:\/\/elrincondelquimico.com\/index.php?rest_route=%2Fwp%2Fv2%2Fproduct_cat&post=1782"},{"taxonomy":"product_tag","embeddable":true,"href":"https:\/\/elrincondelquimico.com\/index.php?rest_route=%2Fwp%2Fv2%2Fproduct_tag&post=1782"}],"curies":[{"name":"wp","href":"https:\/\/api.w.org\/{rel}","templated":true}]}}