{"id":1761,"date":"2025-05-03T12:56:51","date_gmt":"2025-05-03T17:56:51","guid":{"rendered":"https:\/\/elrincondelquimico.com\/?post_type=product&#038;p=1761"},"modified":"2025-05-26T10:51:26","modified_gmt":"2025-05-26T15:51:26","slug":"frasco-de-plastico-graduado-de-500-ml-cod-061-15-500-isolab","status":"publish","type":"product","link":"https:\/\/elrincondelquimico.com\/?product=frasco-de-plastico-graduado-de-500-ml-cod-061-15-500-isolab","title":{"rendered":"FRASCO DE PLASTICO GRADUADO DE 500 ML COD 061.15.500 ISOLAB"},"content":{"rendered":"<p>Fabricadas con polipropileno de f\u00f3rmula especial, con paredes gruesas y esquinas resistentes al aplastamiento.<br \/>\nPresentan alta transparencia y la mejor tolerancia al calor qu\u00edmico.<br \/>\nEstas botellas, resistentes a los impactos y con excelente estabilidad t\u00e9rmica, son autoclavables a 121 \u00b0C. No se deben cerrar los tapones durante la esterilizaci\u00f3n.<br \/>\nSu cuello en \u00e1ngulo permite un flujo libre de l\u00edquido sin dejar residuos.<br \/>\nUn cuello grande GL 45 facilita el llenado y el vertido.<br \/>\nEl dise\u00f1o \u00fanico del cuello con anillo de vertido moldeado evita gotas y derrames.<br \/>\nTap\u00f3n con amplios rebordes y mayor agarre, con autobloqueo y anillo de seguridad interno. El dise\u00f1o interior del tap\u00f3n garantiza un cierre herm\u00e9tico y a prueba de fugas.<br \/>\nLas graduaciones de volumen en relieve en la pared lateral ofrecen una mejor visualizaci\u00f3n del nivel de l\u00edquido y un llenado reproducible de la botella sin necesidad de una probeta.<\/p>\n<p>&nbsp;<\/p>\n","protected":false},"excerpt":{"rendered":"<p>Fabricadas con polipropileno de f\u00f3rmula especial, con paredes gruesas y esquinas resistentes al aplastamiento. Presentan alta transparencia y la mejor tolerancia al calor qu\u00edmico. Estas botellas, resistentes a los impactos y con excelente estabilidad t\u00e9rmica, son autoclavables a 121 \u00b0C. No se deben cerrar los tapones durante la esterilizaci\u00f3n. Su cuello en \u00e1ngulo permite un<\/p>\n<div class=\"more-link\">\n\t\t\t\t <a href=\"https:\/\/elrincondelquimico.com\/?product=frasco-de-plastico-graduado-de-500-ml-cod-061-15-500-isolab\" class=\"link-btn\"><span>Continue Leyendo <\/span><i class=\"icofont-thin-double-right\"><\/i><\/a>\n\t\t\t<\/div>\n","protected":false},"featured_media":2473,"comment_status":"open","ping_status":"closed","template":"","meta":{"inline_featured_image":false},"product_brand":[],"product_cat":[27,93],"product_tag":[62,213,20,63,95],"class_list":{"0":"post-1761","1":"product","2":"type-product","3":"status-publish","4":"has-post-thumbnail","6":"product_cat-isolab","7":"product_cat-plastico","8":"product_tag-aleman","9":"product_tag-autoclavable","10":"product_tag-frasco","11":"product_tag-isolab","12":"product_tag-plastico","14":"first","15":"instock","16":"shipping-taxable","17":"purchasable","18":"product-type-simple"},"blog_post_layout_featured_media_urls":{"thumbnail":["https:\/\/elrincondelquimico.com\/wp-content\/uploads\/2025\/05\/FORMATO-ISOLAB-115-150x150.jpg",150,150,true],"full":["https:\/\/elrincondelquimico.com\/wp-content\/uploads\/2025\/05\/FORMATO-ISOLAB-115.jpg",1338,1338,false]},"categories":null,"categories_names":null,"comments_number":"0","_links":{"self":[{"href":"https:\/\/elrincondelquimico.com\/index.php?rest_route=\/wp\/v2\/product\/1761","targetHints":{"allow":["GET"]}}],"collection":[{"href":"https:\/\/elrincondelquimico.com\/index.php?rest_route=\/wp\/v2\/product"}],"about":[{"href":"https:\/\/elrincondelquimico.com\/index.php?rest_route=\/wp\/v2\/types\/product"}],"replies":[{"embeddable":true,"href":"https:\/\/elrincondelquimico.com\/index.php?rest_route=%2Fwp%2Fv2%2Fcomments&post=1761"}],"wp:featuredmedia":[{"embeddable":true,"href":"https:\/\/elrincondelquimico.com\/index.php?rest_route=\/wp\/v2\/media\/2473"}],"wp:attachment":[{"href":"https:\/\/elrincondelquimico.com\/index.php?rest_route=%2Fwp%2Fv2%2Fmedia&parent=1761"}],"wp:term":[{"taxonomy":"product_brand","embeddable":true,"href":"https:\/\/elrincondelquimico.com\/index.php?rest_route=%2Fwp%2Fv2%2Fproduct_brand&post=1761"},{"taxonomy":"product_cat","embeddable":true,"href":"https:\/\/elrincondelquimico.com\/index.php?rest_route=%2Fwp%2Fv2%2Fproduct_cat&post=1761"},{"taxonomy":"product_tag","embeddable":true,"href":"https:\/\/elrincondelquimico.com\/index.php?rest_route=%2Fwp%2Fv2%2Fproduct_tag&post=1761"}],"curies":[{"name":"wp","href":"https:\/\/api.w.org\/{rel}","templated":true}]}}