{"id":1743,"date":"2025-05-03T12:12:28","date_gmt":"2025-05-03T17:12:28","guid":{"rendered":"https:\/\/elrincondelquimico.com\/?post_type=product&#038;p=1743"},"modified":"2025-05-26T10:58:10","modified_gmt":"2025-05-26T15:58:10","slug":"fiola-de-plastico-aforada-de-50-ml-cod-014-03-050-isolab","status":"publish","type":"product","link":"https:\/\/elrincondelquimico.com\/?product=fiola-de-plastico-aforada-de-50-ml-cod-014-03-050-isolab","title":{"rendered":"FIOLA DE PLASTICO AFORADA DE 50 ML COD 014.03.050 ISOLAB"},"content":{"rendered":"<p>Fabricados seg\u00fan la norma DIN EN ISO 1042 en polipropileno transparente. Resistentes a la mayor\u00eda de los \u00e1cidos, bases y disolventes de uso com\u00fan.<br \/>\nCalibrados seg\u00fan la norma DIN\/ISO Clase B.<br \/>\nLos matraces transparentes se fabrican con polipropileno muy transparente, lo que resulta en una alta transparencia y una clara indicaci\u00f3n de la l\u00ednea del menisco.<br \/>\nLos matraces \u00e1mbar se fabrican con polipropileno de f\u00f3rmula especial que impide la penetraci\u00f3n de la luz UV, ofreciendo al mismo tiempo una alta transparencia.<br \/>\nTodos los matraces aforados se suministran con un tap\u00f3n de polietileno a prueba de fugas que garantiza un cierre perfecto.<br \/>\nPara una precisi\u00f3n constante, no se deben utilizar con l\u00edquidos.<\/p>\n","protected":false},"excerpt":{"rendered":"<p>Fabricados seg\u00fan la norma DIN EN ISO 1042 en polipropileno transparente. Resistentes a la mayor\u00eda de los \u00e1cidos, bases y disolventes de uso com\u00fan. Calibrados seg\u00fan la norma DIN\/ISO Clase B. Los matraces transparentes se fabrican con polipropileno muy transparente, lo que resulta en una alta transparencia y una clara indicaci\u00f3n de la l\u00ednea del<\/p>\n<div class=\"more-link\">\n\t\t\t\t <a href=\"https:\/\/elrincondelquimico.com\/?product=fiola-de-plastico-aforada-de-50-ml-cod-014-03-050-isolab\" class=\"link-btn\"><span>Continue Leyendo <\/span><i class=\"icofont-thin-double-right\"><\/i><\/a>\n\t\t\t<\/div>\n","protected":false},"featured_media":2475,"comment_status":"open","ping_status":"closed","template":"","meta":{"inline_featured_image":false},"product_brand":[],"product_cat":[27,93],"product_tag":[62,88,63,95],"class_list":{"0":"post-1743","1":"product","2":"type-product","3":"status-publish","4":"has-post-thumbnail","6":"product_cat-isolab","7":"product_cat-plastico","8":"product_tag-aleman","9":"product_tag-fiola","10":"product_tag-isolab","11":"product_tag-plastico","13":"first","14":"instock","15":"shipping-taxable","16":"purchasable","17":"product-type-simple"},"blog_post_layout_featured_media_urls":{"thumbnail":["https:\/\/elrincondelquimico.com\/wp-content\/uploads\/2025\/05\/FORMATO-ISOLAB-117-150x150.jpg",150,150,true],"full":["https:\/\/elrincondelquimico.com\/wp-content\/uploads\/2025\/05\/FORMATO-ISOLAB-117.jpg",1338,1338,false]},"categories":null,"categories_names":null,"comments_number":"0","_links":{"self":[{"href":"https:\/\/elrincondelquimico.com\/index.php?rest_route=\/wp\/v2\/product\/1743","targetHints":{"allow":["GET"]}}],"collection":[{"href":"https:\/\/elrincondelquimico.com\/index.php?rest_route=\/wp\/v2\/product"}],"about":[{"href":"https:\/\/elrincondelquimico.com\/index.php?rest_route=\/wp\/v2\/types\/product"}],"replies":[{"embeddable":true,"href":"https:\/\/elrincondelquimico.com\/index.php?rest_route=%2Fwp%2Fv2%2Fcomments&post=1743"}],"wp:featuredmedia":[{"embeddable":true,"href":"https:\/\/elrincondelquimico.com\/index.php?rest_route=\/wp\/v2\/media\/2475"}],"wp:attachment":[{"href":"https:\/\/elrincondelquimico.com\/index.php?rest_route=%2Fwp%2Fv2%2Fmedia&parent=1743"}],"wp:term":[{"taxonomy":"product_brand","embeddable":true,"href":"https:\/\/elrincondelquimico.com\/index.php?rest_route=%2Fwp%2Fv2%2Fproduct_brand&post=1743"},{"taxonomy":"product_cat","embeddable":true,"href":"https:\/\/elrincondelquimico.com\/index.php?rest_route=%2Fwp%2Fv2%2Fproduct_cat&post=1743"},{"taxonomy":"product_tag","embeddable":true,"href":"https:\/\/elrincondelquimico.com\/index.php?rest_route=%2Fwp%2Fv2%2Fproduct_tag&post=1743"}],"curies":[{"name":"wp","href":"https:\/\/api.w.org\/{rel}","templated":true}]}}