{"id":1703,"date":"2025-04-28T12:01:04","date_gmt":"2025-04-28T17:01:04","guid":{"rendered":"https:\/\/elrincondelquimico.com\/?post_type=product&#038;p=1703"},"modified":"2025-04-28T12:05:26","modified_gmt":"2025-04-28T17:05:26","slug":"rodamina-b-grado-practico-x-100-gr-cod-grm980-himedia","status":"publish","type":"product","link":"https:\/\/elrincondelquimico.com\/?product=rodamina-b-grado-practico-x-100-gr-cod-grm980-himedia","title":{"rendered":"RODAMINA B, GRADO PRACTICO X 100 GR COD GRM980 HIMEDIA"},"content":{"rendered":"<p>RHODAMINE B<\/p>\n<p>RODAMINA<\/p>\n<p>La rodamina B es una sal de cloruro org\u00e1nico que es un colorante xanteno. Es un colorante anf\u00f3tero com\u00fanmente utilizado como fluorocromo.<\/p>\n<p>N.\u00ba CAS: 81-88-9<br \/>\nN.\u00ba CE: 201-383-9<br \/>\nF\u00f3rmula molecular: C\u2082\u2088H\u2083\u2081ClN\u2082O\u2083<\/p>\n","protected":false},"excerpt":{"rendered":"<p>ACIDO SULFAMICO<\/p>\n","protected":false},"featured_media":1704,"comment_status":"open","ping_status":"closed","template":"","meta":{"inline_featured_image":false},"product_brand":[],"product_cat":[29,21],"product_tag":[19,68,209,208],"class_list":{"0":"post-1703","1":"product","2":"type-product","3":"status-publish","4":"has-post-thumbnail","6":"product_cat-himedia-reactivos-de-laboratorio","7":"product_cat-reactivos-de-laboratorio","8":"product_tag-himedia","9":"product_tag-reactivos","10":"product_tag-rhodamine","11":"product_tag-rodamina","13":"first","14":"instock","15":"shipping-taxable","16":"purchasable","17":"product-type-simple"},"blog_post_layout_featured_media_urls":{"thumbnail":["https:\/\/elrincondelquimico.com\/wp-content\/uploads\/2025\/04\/51gZxP1jkAL._SL1500_-150x150.jpg",150,150,true],"full":["https:\/\/elrincondelquimico.com\/wp-content\/uploads\/2025\/04\/51gZxP1jkAL._SL1500_.jpg",1500,1500,false]},"categories":null,"categories_names":null,"comments_number":"0","_links":{"self":[{"href":"https:\/\/elrincondelquimico.com\/index.php?rest_route=\/wp\/v2\/product\/1703","targetHints":{"allow":["GET"]}}],"collection":[{"href":"https:\/\/elrincondelquimico.com\/index.php?rest_route=\/wp\/v2\/product"}],"about":[{"href":"https:\/\/elrincondelquimico.com\/index.php?rest_route=\/wp\/v2\/types\/product"}],"replies":[{"embeddable":true,"href":"https:\/\/elrincondelquimico.com\/index.php?rest_route=%2Fwp%2Fv2%2Fcomments&post=1703"}],"wp:featuredmedia":[{"embeddable":true,"href":"https:\/\/elrincondelquimico.com\/index.php?rest_route=\/wp\/v2\/media\/1704"}],"wp:attachment":[{"href":"https:\/\/elrincondelquimico.com\/index.php?rest_route=%2Fwp%2Fv2%2Fmedia&parent=1703"}],"wp:term":[{"taxonomy":"product_brand","embeddable":true,"href":"https:\/\/elrincondelquimico.com\/index.php?rest_route=%2Fwp%2Fv2%2Fproduct_brand&post=1703"},{"taxonomy":"product_cat","embeddable":true,"href":"https:\/\/elrincondelquimico.com\/index.php?rest_route=%2Fwp%2Fv2%2Fproduct_cat&post=1703"},{"taxonomy":"product_tag","embeddable":true,"href":"https:\/\/elrincondelquimico.com\/index.php?rest_route=%2Fwp%2Fv2%2Fproduct_tag&post=1703"}],"curies":[{"name":"wp","href":"https:\/\/api.w.org\/{rel}","templated":true}]}}