{"id":1687,"date":"2025-04-16T12:32:30","date_gmt":"2025-04-16T17:32:30","guid":{"rendered":"https:\/\/elrincondelquimico.com\/?post_type=product&#038;p=1687"},"modified":"2025-04-16T12:36:59","modified_gmt":"2025-04-16T17:36:59","slug":"densimetro-baume-0-30-precision-aleman","status":"publish","type":"product","link":"https:\/\/elrincondelquimico.com\/?product=densimetro-baume-0-30-precision-aleman","title":{"rendered":"DENSIMETRO BAUME 0 \u2013 30\u00b0 PRECISION ALEMAN"},"content":{"rendered":"<p data-sourcepos=\"1:1-1:256\">El <strong>dens\u00edmetro Baum\u00e9<\/strong> es un instrumento utilizado para medir la <strong>densidad relativa<\/strong> de l\u00edquidos, especialmente en <strong>soluciones acuosas<\/strong>. La escala Baum\u00e9 (\u00b0B\u00e9) es una escala de densidad basada en la flotabilidad de un hidr\u00f3metro en diferentes l\u00edquidos.<\/p>\n<p data-sourcepos=\"3:1-3:42\"><strong>Usos principales del dens\u00edmetro Baum\u00e9:<\/strong><\/p>\n<ul data-sourcepos=\"5:1-12:0\">\n<li data-sourcepos=\"5:1-5:102\"><strong>Industria azucarera:<\/strong> Para medir la concentraci\u00f3n de az\u00facar en jugos de ca\u00f1a de az\u00facar y melazas.<\/li>\n<li data-sourcepos=\"6:1-6:127\"><strong>Elaboraci\u00f3n de cerveza y vino:<\/strong> Para controlar la fermentaci\u00f3n midiendo la densidad del mosto o vino en diferentes etapas.<\/li>\n<li data-sourcepos=\"7:1-7:110\"><strong>Industria qu\u00edmica:<\/strong> Para determinar la concentraci\u00f3n de diversas soluciones como \u00e1cidos, \u00e1lcalis y sales.<\/li>\n<li data-sourcepos=\"8:1-8:89\"><strong>Industria de galvanoplastia:<\/strong> Para controlar la concentraci\u00f3n de soluciones de ba\u00f1o.<\/li>\n<li data-sourcepos=\"9:1-9:85\"><strong>Procesamiento de alimentos:<\/strong> Para medir la concentraci\u00f3n de salmueras y jarabes.<\/li>\n<li data-sourcepos=\"10:1-10:60\"><strong>Oftalmolog\u00eda:<\/strong> En la preparaci\u00f3n de ciertas soluciones.<\/li>\n<li data-sourcepos=\"11:1-12:0\"><strong>Industria del almid\u00f3n:<\/strong> Para medir la concentraci\u00f3n de soluciones de almid\u00f3n<\/li>\n<\/ul>\n","protected":false},"excerpt":{"rendered":"<p>El dens\u00edmetro Baum\u00e9 es un instrumento utilizado para medir la densidad relativa de l\u00edquidos, especialmente en soluciones acuosas. La escala Baum\u00e9 (\u00b0B\u00e9) es una escala de densidad basada en la flotabilidad de un hidr\u00f3metro en diferentes l\u00edquidos. Usos principales del dens\u00edmetro Baum\u00e9: Industria azucarera: Para medir la concentraci\u00f3n de az\u00facar en jugos de ca\u00f1a de<\/p>\n<div class=\"more-link\">\n\t\t\t\t <a href=\"https:\/\/elrincondelquimico.com\/?product=densimetro-baume-0-30-precision-aleman\" class=\"link-btn\"><span>Continue Leyendo <\/span><i class=\"icofont-thin-double-right\"><\/i><\/a>\n\t\t\t<\/div>\n","protected":false},"featured_media":1688,"comment_status":"open","ping_status":"closed","template":"","meta":{"inline_featured_image":false},"product_brand":[],"product_cat":[48,24],"product_tag":[203,202],"class_list":{"0":"post-1687","1":"product","2":"type-product","3":"status-publish","4":"has-post-thumbnail","6":"product_cat-importado","7":"product_cat-material-de-laboratorio","8":"product_tag-baume","9":"product_tag-densimetro","11":"first","12":"instock","13":"shipping-taxable","14":"purchasable","15":"product-type-simple"},"blog_post_layout_featured_media_urls":{"thumbnail":["https:\/\/elrincondelquimico.com\/wp-content\/uploads\/2025\/04\/2520-150x150.jpg",150,150,true],"full":["https:\/\/elrincondelquimico.com\/wp-content\/uploads\/2025\/04\/2520.jpg",490,500,false]},"categories":null,"categories_names":null,"comments_number":"0","_links":{"self":[{"href":"https:\/\/elrincondelquimico.com\/index.php?rest_route=\/wp\/v2\/product\/1687","targetHints":{"allow":["GET"]}}],"collection":[{"href":"https:\/\/elrincondelquimico.com\/index.php?rest_route=\/wp\/v2\/product"}],"about":[{"href":"https:\/\/elrincondelquimico.com\/index.php?rest_route=\/wp\/v2\/types\/product"}],"replies":[{"embeddable":true,"href":"https:\/\/elrincondelquimico.com\/index.php?rest_route=%2Fwp%2Fv2%2Fcomments&post=1687"}],"wp:featuredmedia":[{"embeddable":true,"href":"https:\/\/elrincondelquimico.com\/index.php?rest_route=\/wp\/v2\/media\/1688"}],"wp:attachment":[{"href":"https:\/\/elrincondelquimico.com\/index.php?rest_route=%2Fwp%2Fv2%2Fmedia&parent=1687"}],"wp:term":[{"taxonomy":"product_brand","embeddable":true,"href":"https:\/\/elrincondelquimico.com\/index.php?rest_route=%2Fwp%2Fv2%2Fproduct_brand&post=1687"},{"taxonomy":"product_cat","embeddable":true,"href":"https:\/\/elrincondelquimico.com\/index.php?rest_route=%2Fwp%2Fv2%2Fproduct_cat&post=1687"},{"taxonomy":"product_tag","embeddable":true,"href":"https:\/\/elrincondelquimico.com\/index.php?rest_route=%2Fwp%2Fv2%2Fproduct_tag&post=1687"}],"curies":[{"name":"wp","href":"https:\/\/api.w.org\/{rel}","templated":true}]}}