{"id":1677,"date":"2025-04-08T17:55:26","date_gmt":"2025-04-08T22:55:26","guid":{"rendered":"https:\/\/elrincondelquimico.com\/?post_type=product&#038;p=1677"},"modified":"2025-04-08T17:58:17","modified_gmt":"2025-04-08T22:58:17","slug":"estabilizador-de-mechero-bunsen-cod-050-09-001-isolab","status":"publish","type":"product","link":"https:\/\/elrincondelquimico.com\/?product=estabilizador-de-mechero-bunsen-cod-050-09-001-isolab","title":{"rendered":"ESTABILIZADOR DE MECHERO BUNSEN COD 050.09.001 ISOLAB"},"content":{"rendered":"<p>Siempre existe riesgo de vuelco con los mecheros Bunsen.<br \/>\nEl estabilizador para mecheros Bunsen proporciona una base adicional muy estable y robusta y sujeta firmemente el mechero Bunsen, evitando as\u00ed el riesgo mencionado.<br \/>\nEl soporte se adapta perfectamente a las bases de los mecheros Bunsen con n\u00famero de cat\u00e1logo: 050.01.002 y 050.01.003.<br \/>\nPrimero, inserte el mechero Bunsen en el soporte estabilizador.<br \/>\nA continuaci\u00f3n, estabilice el mechero Bunsen fij\u00e1ndolo.<\/p>\n<p>&nbsp;<\/p>\n","protected":false},"excerpt":{"rendered":"<p>Siempre existe riesgo de vuelco con los mecheros Bunsen. El estabilizador para mecheros Bunsen proporciona una base adicional muy estable y robusta y sujeta firmemente el mechero Bunsen, evitando as\u00ed el riesgo mencionado. El soporte se adapta perfectamente a las bases de los mecheros Bunsen con n\u00famero de cat\u00e1logo: 050.01.002 y 050.01.003. Primero, inserte el<\/p>\n<div class=\"more-link\">\n\t\t\t\t <a href=\"https:\/\/elrincondelquimico.com\/?product=estabilizador-de-mechero-bunsen-cod-050-09-001-isolab\" class=\"link-btn\"><span>Continue Leyendo <\/span><i class=\"icofont-thin-double-right\"><\/i><\/a>\n\t\t\t<\/div>\n","protected":false},"featured_media":1678,"comment_status":"open","ping_status":"closed","template":"","meta":{"inline_featured_image":false},"product_brand":[],"product_cat":[27,103],"product_tag":[62,200,63,199],"class_list":{"0":"post-1677","1":"product","2":"type-product","3":"status-publish","4":"has-post-thumbnail","6":"product_cat-isolab","7":"product_cat-otros","8":"product_tag-aleman","9":"product_tag-estabilizador","10":"product_tag-isolab","11":"product_tag-metal","13":"first","14":"instock","15":"shipping-taxable","16":"purchasable","17":"product-type-simple"},"blog_post_layout_featured_media_urls":{"thumbnail":["https:\/\/elrincondelquimico.com\/wp-content\/uploads\/2025\/04\/Sin-titulo-1-15-150x150.jpg",150,150,true],"full":["https:\/\/elrincondelquimico.com\/wp-content\/uploads\/2025\/04\/Sin-titulo-1-15.jpg",1421,1421,false]},"categories":null,"categories_names":null,"comments_number":"0","_links":{"self":[{"href":"https:\/\/elrincondelquimico.com\/index.php?rest_route=\/wp\/v2\/product\/1677","targetHints":{"allow":["GET"]}}],"collection":[{"href":"https:\/\/elrincondelquimico.com\/index.php?rest_route=\/wp\/v2\/product"}],"about":[{"href":"https:\/\/elrincondelquimico.com\/index.php?rest_route=\/wp\/v2\/types\/product"}],"replies":[{"embeddable":true,"href":"https:\/\/elrincondelquimico.com\/index.php?rest_route=%2Fwp%2Fv2%2Fcomments&post=1677"}],"wp:featuredmedia":[{"embeddable":true,"href":"https:\/\/elrincondelquimico.com\/index.php?rest_route=\/wp\/v2\/media\/1678"}],"wp:attachment":[{"href":"https:\/\/elrincondelquimico.com\/index.php?rest_route=%2Fwp%2Fv2%2Fmedia&parent=1677"}],"wp:term":[{"taxonomy":"product_brand","embeddable":true,"href":"https:\/\/elrincondelquimico.com\/index.php?rest_route=%2Fwp%2Fv2%2Fproduct_brand&post=1677"},{"taxonomy":"product_cat","embeddable":true,"href":"https:\/\/elrincondelquimico.com\/index.php?rest_route=%2Fwp%2Fv2%2Fproduct_cat&post=1677"},{"taxonomy":"product_tag","embeddable":true,"href":"https:\/\/elrincondelquimico.com\/index.php?rest_route=%2Fwp%2Fv2%2Fproduct_tag&post=1677"}],"curies":[{"name":"wp","href":"https:\/\/api.w.org\/{rel}","templated":true}]}}