{"id":1632,"date":"2025-04-07T14:04:47","date_gmt":"2025-04-07T19:04:47","guid":{"rendered":"https:\/\/elrincondelquimico.com\/?post_type=product&#038;p=1632"},"modified":"2026-02-13T12:01:26","modified_gmt":"2026-02-13T17:01:26","slug":"equipo-soxhlet-con-balon-boca-29-32-de-500-ml-isolab","status":"publish","type":"product","link":"https:\/\/elrincondelquimico.com\/?product=equipo-soxhlet-con-balon-boca-29-32-de-500-ml-isolab","title":{"rendered":"EQUIPO SOXHLET CON BALON BOCA (29\/32) DE 500 ML ISOLAB"},"content":{"rendered":"<p class=\"\" data-start=\"0\" data-end=\"284\">Se utiliza en el proceso de <strong data-start=\"73\" data-end=\"95\">extracci\u00f3n Soxhlet<\/strong>, que es una t\u00e9cnica com\u00fanmente empleada en laboratorios para extraer compuestos solubles de una muestra s\u00f3lida (como aceites, grasas, o sustancias org\u00e1nicas) mediante un solvente adecuado.<\/p>\n<p class=\"\" data-start=\"286\" data-end=\"628\">El <strong data-start=\"289\" data-end=\"311\">bal\u00f3n boca (29\/32)<\/strong> se refiere a que el equipo tiene una conexi\u00f3n con una rosca est\u00e1ndar de <strong data-start=\"384\" data-end=\"393\">29\/32<\/strong>, que es un tama\u00f1o com\u00fan para los accesorios de vidrio de laboratorio, como en este caso, el bal\u00f3n que contiene el solvente. La rosca asegura que el equipo sea compatible con otros accesorios como el condensador y el extractor Soxhlet.<\/p>\n","protected":false},"excerpt":{"rendered":"<p>Se utiliza en el proceso de extracci\u00f3n Soxhlet, que es una t\u00e9cnica com\u00fanmente empleada en laboratorios para extraer compuestos solubles de una muestra s\u00f3lida (como aceites, grasas, o sustancias org\u00e1nicas) mediante un solvente adecuado. El bal\u00f3n boca (29\/32) se refiere a que el equipo tiene una conexi\u00f3n con una rosca est\u00e1ndar de 29\/32, que es<\/p>\n<div class=\"more-link\">\n\t\t\t\t <a href=\"https:\/\/elrincondelquimico.com\/?product=equipo-soxhlet-con-balon-boca-29-32-de-500-ml-isolab\" class=\"link-btn\"><span>Continue Leyendo <\/span><i class=\"icofont-thin-double-right\"><\/i><\/a>\n\t\t\t<\/div>\n","protected":false},"featured_media":1630,"comment_status":"open","ping_status":"closed","template":"","meta":{"inline_featured_image":false},"product_brand":[],"product_cat":[27,87],"product_tag":[62,63,197,81],"class_list":{"0":"post-1632","1":"product","2":"type-product","3":"status-publish","4":"has-post-thumbnail","6":"product_cat-isolab","7":"product_cat-vidrio","8":"product_tag-aleman","9":"product_tag-isolab","10":"product_tag-soxhlet","11":"product_tag-vidrio","13":"first","14":"instock","15":"shipping-taxable","16":"purchasable","17":"product-type-simple"},"blog_post_layout_featured_media_urls":{"thumbnail":["https:\/\/elrincondelquimico.com\/wp-content\/uploads\/2025\/04\/extractor-soxhlet-150x150.jpg",150,150,true],"full":["https:\/\/elrincondelquimico.com\/wp-content\/uploads\/2025\/04\/extractor-soxhlet.jpg",450,450,false]},"categories":null,"categories_names":null,"comments_number":"0","_links":{"self":[{"href":"https:\/\/elrincondelquimico.com\/index.php?rest_route=\/wp\/v2\/product\/1632","targetHints":{"allow":["GET"]}}],"collection":[{"href":"https:\/\/elrincondelquimico.com\/index.php?rest_route=\/wp\/v2\/product"}],"about":[{"href":"https:\/\/elrincondelquimico.com\/index.php?rest_route=\/wp\/v2\/types\/product"}],"replies":[{"embeddable":true,"href":"https:\/\/elrincondelquimico.com\/index.php?rest_route=%2Fwp%2Fv2%2Fcomments&post=1632"}],"wp:featuredmedia":[{"embeddable":true,"href":"https:\/\/elrincondelquimico.com\/index.php?rest_route=\/wp\/v2\/media\/1630"}],"wp:attachment":[{"href":"https:\/\/elrincondelquimico.com\/index.php?rest_route=%2Fwp%2Fv2%2Fmedia&parent=1632"}],"wp:term":[{"taxonomy":"product_brand","embeddable":true,"href":"https:\/\/elrincondelquimico.com\/index.php?rest_route=%2Fwp%2Fv2%2Fproduct_brand&post=1632"},{"taxonomy":"product_cat","embeddable":true,"href":"https:\/\/elrincondelquimico.com\/index.php?rest_route=%2Fwp%2Fv2%2Fproduct_cat&post=1632"},{"taxonomy":"product_tag","embeddable":true,"href":"https:\/\/elrincondelquimico.com\/index.php?rest_route=%2Fwp%2Fv2%2Fproduct_tag&post=1632"}],"curies":[{"name":"wp","href":"https:\/\/api.w.org\/{rel}","templated":true}]}}