{"id":1606,"date":"2025-04-05T12:37:35","date_gmt":"2025-04-05T17:37:35","guid":{"rendered":"https:\/\/elrincondelquimico.com\/?post_type=product&#038;p=1606"},"modified":"2025-05-26T02:31:23","modified_gmt":"2025-05-26T07:31:23","slug":"embudo-buchner-de-porcelana-de-70mm-cod-042-01-070-isolab","status":"publish","type":"product","link":"https:\/\/elrincondelquimico.com\/?product=embudo-buchner-de-porcelana-de-70mm-cod-042-01-070-isolab","title":{"rendered":"EMBUDO BUCHNER DE PORCELANA DE 70MM COD 042.01.070 ISOLAB"},"content":{"rendered":"<p>Los embudos B\u00fcchner de porcelana se fabrican con porcelana esmaltada gruesa y robusta, seg\u00fan la norma DIN 12905, para su uso con embudos de filtraci\u00f3n. La placa de soporte perforada sujeta el papel de filtro, lo que permite una m\u00e1xima velocidad de filtraci\u00f3n. Los embudos B\u00fcchner de polipropileno se fabrican con polipropileno y una placa de filtro perforada. La parte superior se puede apilar con la inferior para formar un sello de vac\u00edo. Las partes superior e inferior se pueden separar para una limpieza eficiente.<\/p>\n","protected":false},"excerpt":{"rendered":"<p>Los embudos B\u00fcchner de porcelana se fabrican con porcelana esmaltada gruesa y robusta, seg\u00fan la norma DIN 12905, para su uso con embudos de filtraci\u00f3n. La placa de soporte perforada sujeta el papel de filtro, lo que permite una m\u00e1xima velocidad de filtraci\u00f3n. Los embudos B\u00fcchner de polipropileno se fabrican con polipropileno y una placa<\/p>\n<div class=\"more-link\">\n\t\t\t\t <a href=\"https:\/\/elrincondelquimico.com\/?product=embudo-buchner-de-porcelana-de-70mm-cod-042-01-070-isolab\" class=\"link-btn\"><span>Continue Leyendo <\/span><i class=\"icofont-thin-double-right\"><\/i><\/a>\n\t\t\t<\/div>\n","protected":false},"featured_media":2445,"comment_status":"open","ping_status":"closed","template":"","meta":{"inline_featured_image":false},"product_brand":[],"product_cat":[27,24,103],"product_tag":[62,175,63,105],"class_list":{"0":"post-1606","1":"product","2":"type-product","3":"status-publish","4":"has-post-thumbnail","6":"product_cat-isolab","7":"product_cat-material-de-laboratorio","8":"product_cat-otros","9":"product_tag-aleman","10":"product_tag-embudo","11":"product_tag-isolab","12":"product_tag-porcelana","14":"first","15":"instock","16":"shipping-taxable","17":"purchasable","18":"product-type-simple"},"blog_post_layout_featured_media_urls":{"thumbnail":["https:\/\/elrincondelquimico.com\/wp-content\/uploads\/2025\/04\/ISOLAB-FORMATO-150x150.png",150,150,true],"full":["https:\/\/elrincondelquimico.com\/wp-content\/uploads\/2025\/04\/ISOLAB-FORMATO.png",1539,1539,false]},"categories":null,"categories_names":null,"comments_number":"0","_links":{"self":[{"href":"https:\/\/elrincondelquimico.com\/index.php?rest_route=\/wp\/v2\/product\/1606","targetHints":{"allow":["GET"]}}],"collection":[{"href":"https:\/\/elrincondelquimico.com\/index.php?rest_route=\/wp\/v2\/product"}],"about":[{"href":"https:\/\/elrincondelquimico.com\/index.php?rest_route=\/wp\/v2\/types\/product"}],"replies":[{"embeddable":true,"href":"https:\/\/elrincondelquimico.com\/index.php?rest_route=%2Fwp%2Fv2%2Fcomments&post=1606"}],"wp:featuredmedia":[{"embeddable":true,"href":"https:\/\/elrincondelquimico.com\/index.php?rest_route=\/wp\/v2\/media\/2445"}],"wp:attachment":[{"href":"https:\/\/elrincondelquimico.com\/index.php?rest_route=%2Fwp%2Fv2%2Fmedia&parent=1606"}],"wp:term":[{"taxonomy":"product_brand","embeddable":true,"href":"https:\/\/elrincondelquimico.com\/index.php?rest_route=%2Fwp%2Fv2%2Fproduct_brand&post=1606"},{"taxonomy":"product_cat","embeddable":true,"href":"https:\/\/elrincondelquimico.com\/index.php?rest_route=%2Fwp%2Fv2%2Fproduct_cat&post=1606"},{"taxonomy":"product_tag","embeddable":true,"href":"https:\/\/elrincondelquimico.com\/index.php?rest_route=%2Fwp%2Fv2%2Fproduct_tag&post=1606"}],"curies":[{"name":"wp","href":"https:\/\/api.w.org\/{rel}","templated":true}]}}