{"id":1599,"date":"2025-04-05T12:32:23","date_gmt":"2025-04-05T17:32:23","guid":{"rendered":"https:\/\/elrincondelquimico.com\/?post_type=product&#038;p=1599"},"modified":"2025-10-31T10:43:14","modified_gmt":"2025-10-31T15:43:14","slug":"embudo-de-plastico-de-100mm-cod-041-02-100-isolab","status":"publish","type":"product","link":"https:\/\/elrincondelquimico.com\/?product=embudo-de-plastico-de-100mm-cod-041-02-100-isolab","title":{"rendered":"EMBUDO DE PL\u00c1STICO DE 100MM COD 041.02.100 ISOLAB"},"content":{"rendered":"<p>Fabricado en polipropileno transl\u00facido con v\u00e1stago corto seg\u00fan la norma ISO 4798.<\/p>\n<p>El \u00e1ngulo de filtraci\u00f3n del cono de 60\u00b0 garantiza una excelente adaptaci\u00f3n de los papeles de filtro.<\/p>\n","protected":false},"excerpt":{"rendered":"<p>Fabricado en polipropileno transl\u00facido con v\u00e1stago corto seg\u00fan la norma ISO 4798. El \u00e1ngulo de filtraci\u00f3n del cono de 60\u00b0 garantiza una excelente adaptaci\u00f3n de los papeles de filtro.<\/p>\n","protected":false},"featured_media":2477,"comment_status":"open","ping_status":"closed","template":"","meta":{"inline_featured_image":false},"product_brand":[],"product_cat":[27,93],"product_tag":[62,175,63,95],"class_list":{"0":"post-1599","1":"product","2":"type-product","3":"status-publish","4":"has-post-thumbnail","6":"product_cat-isolab","7":"product_cat-plastico","8":"product_tag-aleman","9":"product_tag-embudo","10":"product_tag-isolab","11":"product_tag-plastico","13":"first","14":"instock","15":"shipping-taxable","16":"purchasable","17":"product-type-simple"},"blog_post_layout_featured_media_urls":{"thumbnail":["https:\/\/elrincondelquimico.com\/wp-content\/uploads\/2025\/04\/FORMATO-ISOLAB-17-150x150.jpg",150,150,true],"full":["https:\/\/elrincondelquimico.com\/wp-content\/uploads\/2025\/04\/FORMATO-ISOLAB-17.jpg",1338,1338,false]},"categories":null,"categories_names":null,"comments_number":"0","_links":{"self":[{"href":"https:\/\/elrincondelquimico.com\/index.php?rest_route=\/wp\/v2\/product\/1599","targetHints":{"allow":["GET"]}}],"collection":[{"href":"https:\/\/elrincondelquimico.com\/index.php?rest_route=\/wp\/v2\/product"}],"about":[{"href":"https:\/\/elrincondelquimico.com\/index.php?rest_route=\/wp\/v2\/types\/product"}],"replies":[{"embeddable":true,"href":"https:\/\/elrincondelquimico.com\/index.php?rest_route=%2Fwp%2Fv2%2Fcomments&post=1599"}],"wp:featuredmedia":[{"embeddable":true,"href":"https:\/\/elrincondelquimico.com\/index.php?rest_route=\/wp\/v2\/media\/2477"}],"wp:attachment":[{"href":"https:\/\/elrincondelquimico.com\/index.php?rest_route=%2Fwp%2Fv2%2Fmedia&parent=1599"}],"wp:term":[{"taxonomy":"product_brand","embeddable":true,"href":"https:\/\/elrincondelquimico.com\/index.php?rest_route=%2Fwp%2Fv2%2Fproduct_brand&post=1599"},{"taxonomy":"product_cat","embeddable":true,"href":"https:\/\/elrincondelquimico.com\/index.php?rest_route=%2Fwp%2Fv2%2Fproduct_cat&post=1599"},{"taxonomy":"product_tag","embeddable":true,"href":"https:\/\/elrincondelquimico.com\/index.php?rest_route=%2Fwp%2Fv2%2Fproduct_tag&post=1599"}],"curies":[{"name":"wp","href":"https:\/\/api.w.org\/{rel}","templated":true}]}}