{"id":1591,"date":"2025-04-05T12:25:37","date_gmt":"2025-04-05T17:25:37","guid":{"rendered":"https:\/\/elrincondelquimico.com\/?post_type=product&#038;p=1591"},"modified":"2026-01-23T09:16:24","modified_gmt":"2026-01-23T14:16:24","slug":"embudo-de-vidrio-boro-3-3-de-80mm-cod-041-01-080-isolab","status":"publish","type":"product","link":"https:\/\/elrincondelquimico.com\/?product=embudo-de-vidrio-boro-3-3-de-80mm-cod-041-01-080-isolab","title":{"rendered":"EMBUDO DE VIDRIO BORO 3.3 DE 80MM COD 041.01.080 ISOLAB"},"content":{"rendered":"<p>Fabricado en vidrio de borosilicato resistente al calor y duradero, con v\u00e1stago corto, seg\u00fan la norma ISO 4798.<br \/>\nEl \u00e1ngulo de filtraci\u00f3n del cono de 60\u00b0 garantiza una excelente adaptaci\u00f3n de los papeles de filtro.<\/p>\n","protected":false},"excerpt":{"rendered":"<p>Fabricado en vidrio de borosilicato resistente al calor y duradero, con v\u00e1stago corto, seg\u00fan la norma ISO 4798. El \u00e1ngulo de filtraci\u00f3n del cono de 60\u00b0 garantiza una excelente adaptaci\u00f3n de los papeles de filtro.<\/p>\n","protected":false},"featured_media":2486,"comment_status":"open","ping_status":"closed","template":"","meta":{"inline_featured_image":false},"product_brand":[],"product_cat":[27,87],"product_tag":[62,175,63,81],"class_list":{"0":"post-1591","1":"product","2":"type-product","3":"status-publish","4":"has-post-thumbnail","6":"product_cat-isolab","7":"product_cat-vidrio","8":"product_tag-aleman","9":"product_tag-embudo","10":"product_tag-isolab","11":"product_tag-vidrio","13":"first","14":"instock","15":"shipping-taxable","16":"purchasable","17":"product-type-simple"},"blog_post_layout_featured_media_urls":{"thumbnail":["https:\/\/elrincondelquimico.com\/wp-content\/uploads\/2025\/04\/FORMATO-ISOLAB-18-150x150.jpg",150,150,true],"full":["https:\/\/elrincondelquimico.com\/wp-content\/uploads\/2025\/04\/FORMATO-ISOLAB-18.jpg",1338,1338,false]},"categories":null,"categories_names":null,"comments_number":"0","_links":{"self":[{"href":"https:\/\/elrincondelquimico.com\/index.php?rest_route=\/wp\/v2\/product\/1591","targetHints":{"allow":["GET"]}}],"collection":[{"href":"https:\/\/elrincondelquimico.com\/index.php?rest_route=\/wp\/v2\/product"}],"about":[{"href":"https:\/\/elrincondelquimico.com\/index.php?rest_route=\/wp\/v2\/types\/product"}],"replies":[{"embeddable":true,"href":"https:\/\/elrincondelquimico.com\/index.php?rest_route=%2Fwp%2Fv2%2Fcomments&post=1591"}],"wp:featuredmedia":[{"embeddable":true,"href":"https:\/\/elrincondelquimico.com\/index.php?rest_route=\/wp\/v2\/media\/2486"}],"wp:attachment":[{"href":"https:\/\/elrincondelquimico.com\/index.php?rest_route=%2Fwp%2Fv2%2Fmedia&parent=1591"}],"wp:term":[{"taxonomy":"product_brand","embeddable":true,"href":"https:\/\/elrincondelquimico.com\/index.php?rest_route=%2Fwp%2Fv2%2Fproduct_brand&post=1591"},{"taxonomy":"product_cat","embeddable":true,"href":"https:\/\/elrincondelquimico.com\/index.php?rest_route=%2Fwp%2Fv2%2Fproduct_cat&post=1591"},{"taxonomy":"product_tag","embeddable":true,"href":"https:\/\/elrincondelquimico.com\/index.php?rest_route=%2Fwp%2Fv2%2Fproduct_tag&post=1591"}],"curies":[{"name":"wp","href":"https:\/\/api.w.org\/{rel}","templated":true}]}}