{"id":1580,"date":"2025-04-04T17:26:51","date_gmt":"2025-04-04T22:26:51","guid":{"rendered":"https:\/\/elrincondelquimico.com\/?post_type=product&#038;p=1580"},"modified":"2026-03-19T16:13:23","modified_gmt":"2026-03-19T21:13:23","slug":"dispensador-manual-avanzado-c-valvula-de-10-10-ml-cod-008-15-010-isolab","status":"publish","type":"product","link":"https:\/\/elrincondelquimico.com\/?product=dispensador-manual-avanzado-c-valvula-de-10-10-ml-cod-008-15-010-isolab","title":{"rendered":"DISPENSADOR MANUAL AVANZADO C\/VALVULA DE 1,0 \u2013 10 ML COD 008.15.010 ISOLAB"},"content":{"rendered":"<p>Garantiza resultados fiables con una dosificaci\u00f3n de l\u00edquidos sin burbujas. Su cuerpo totalmente autoclavable proporciona alta precisi\u00f3n y un dosificado uniforme.<\/p>\n<p>Disponible en 6 rangos de volumen, desde 2,5 ml hasta 100 ml.<\/p>\n<p>Calibrada individualmente seg\u00fan la norma ISO 8655 y con certificado de calibraci\u00f3n.<\/p>\n<p>Todas las piezas en contacto con el fluido son de PTFE, FEP, PFA y vidrio de borosilicato, lo que garantiza la m\u00e1xima resistencia qu\u00edmica.<\/p>\n<p>El colector de v\u00e1lvulas de PTFE sin resortes garantiza una excelente compatibilidad qu\u00edmica y un funcionamiento a prueba de fugas.<\/p>\n<p>Esto tambi\u00e9n garantiza un movimiento del pist\u00f3n similar al de un rascador, lo que la hace adecuada para todo tipo de l\u00edquidos cristalinos.<\/p>\n<p>El pist\u00f3n de PTFE y la junta t\u00f3rica de Viton garantizan un movimiento del pist\u00f3n suave, sin fatiga y sin esfuerzo, adem\u00e1s de una alta precisi\u00f3n.<\/p>\n<p>El cilindro dosificador est\u00e1 protegido contra roturas mediante una funda de polipropileno.<\/p>\n<p>&#8211; La escala de gran volumen impresa a ambos lados del cuerpo garantiza lecturas de volumen r\u00e1pidas, f\u00e1ciles y precisas.<\/p>\n<p>&#8211; El adaptador gira libremente 360\u00b0 en el cuello de la botella y redirige la descarga a la posici\u00f3n deseada.<\/p>\n<p>&#8211; F\u00e1cil ajuste del volumen con la perilla giratoria de 180\u00b0.<\/p>\n<p>&#8211; El tap\u00f3n del tubo de descarga evita que se seque y se caiga accidentalmente.<\/p>\n<p>&#8211; Incluye 4 adaptadores (28, 38, 40 y 45 mm de di\u00e1metro) para adaptarse a casi todos los cuellos de botella con dep\u00f3sito disponibles.<\/p>\n<p>&#8211; El tubo de entrada telesc\u00f3pico extra\u00edble se ajusta f\u00e1cilmente tirando de \u00e9l para adaptarse a las diferentes alturas de la botella.<\/p>\n<p>&#8211; Cada dispensador incluye una herramienta de calibraci\u00f3n especialmente dise\u00f1ada para una recalibraci\u00f3n c\u00f3moda y r\u00e1pida.<\/p>\n<table style=\"height: 355px;\" width=\"1070\">\n<tbody>\n<tr>\n<td width=\"113\"><strong>Volumen<\/strong><\/td>\n<td width=\"113\"><strong>Sin v\u00e1lvula de recirculaci\u00f3n<\/strong><\/td>\n<td><strong>\u00a0<\/strong><\/p>\n<p><strong>Con v\u00e1lvula de recirculaci\u00f3n<\/strong><\/td>\n<td><strong>\u00a0<\/strong><\/p>\n<p><strong>Sub-divisi\u00f3n<\/strong><\/td>\n<td><strong>\u00a0<\/strong><\/p>\n<p><strong>Pack\/cantidad<\/strong><\/td>\n<\/tr>\n<tr>\n<td>0.3 &#8211; 2.5 ml<\/td>\n<td>008.12.002<\/td>\n<td>008.15.002<\/td>\n<td>&#8211;<\/td>\n<td>1 pieza<\/td>\n<\/tr>\n<tr>\n<td>0.5 &#8211; 5 ml<\/td>\n<td>008.12.005<\/td>\n<td>008.15.005<\/td>\n<td>&#8211;<\/td>\n<td>1 pieza<\/td>\n<\/tr>\n<tr>\n<td>1.0 \u2013 10 ml<\/td>\n<td>008.12.010<\/td>\n<td>008.15.010<\/td>\n<td>&#8211;<\/td>\n<td>1 pieza<\/td>\n<\/tr>\n<tr>\n<td>2.5 \u2013 30 ml<\/td>\n<td>008.12.030<\/td>\n<td>008.15.030<\/td>\n<td>&#8211;<\/td>\n<td>1 pieza<\/td>\n<\/tr>\n<tr>\n<td>5.0 \u2013 60 ml<\/td>\n<td>008.12.060<\/td>\n<td>008.15.060<\/td>\n<td>&#8211;<\/td>\n<td>1 pieza<\/td>\n<\/tr>\n<tr>\n<td>10.0 \u2013 100 ml<\/td>\n<td>008.12.100<\/td>\n<td>008.15.100<\/td>\n<td>&#8211;<\/td>\n<td>1 pieza<\/td>\n<\/tr>\n<\/tbody>\n<\/table>\n<p>&nbsp;<\/p>\n","protected":false},"excerpt":{"rendered":"<p>Garantiza resultados fiables con una dosificaci\u00f3n de l\u00edquidos sin burbujas. Su cuerpo totalmente autoclavable proporciona alta precisi\u00f3n y un dosificado uniforme. Disponible en 6 rangos de volumen, desde 2,5 ml hasta 100 ml. Calibrada individualmente seg\u00fan la norma ISO 8655 y con certificado de calibraci\u00f3n. Todas las piezas en contacto con el fluido son de<\/p>\n<div class=\"more-link\">\n\t\t\t\t <a href=\"https:\/\/elrincondelquimico.com\/?product=dispensador-manual-avanzado-c-valvula-de-10-10-ml-cod-008-15-010-isolab\" class=\"link-btn\"><span>Continue Leyendo <\/span><i class=\"icofont-thin-double-right\"><\/i><\/a>\n\t\t\t<\/div>\n","protected":false},"featured_media":1576,"comment_status":"open","ping_status":"closed","template":"","meta":{"inline_featured_image":false},"product_brand":[],"product_cat":[30,183],"product_tag":[62,188,63,178],"class_list":{"0":"post-1580","1":"product","2":"type-product","3":"status-publish","4":"has-post-thumbnail","6":"product_cat-equipos-de-laboratorio","7":"product_cat-isolab-equipos-de-laboratorio","8":"product_tag-aleman","9":"product_tag-dispensador","10":"product_tag-isolab","11":"product_tag-manual","13":"first","14":"instock","15":"shipping-taxable","16":"purchasable","17":"product-type-simple"},"blog_post_layout_featured_media_urls":{"thumbnail":["https:\/\/elrincondelquimico.com\/wp-content\/uploads\/2025\/04\/Captura-de-pantalla-2025-04-04-171128-150x150.png",150,150,true],"full":["https:\/\/elrincondelquimico.com\/wp-content\/uploads\/2025\/04\/Captura-de-pantalla-2025-04-04-171128.png",608,705,false]},"categories":null,"categories_names":null,"comments_number":"0","_links":{"self":[{"href":"https:\/\/elrincondelquimico.com\/index.php?rest_route=\/wp\/v2\/product\/1580","targetHints":{"allow":["GET"]}}],"collection":[{"href":"https:\/\/elrincondelquimico.com\/index.php?rest_route=\/wp\/v2\/product"}],"about":[{"href":"https:\/\/elrincondelquimico.com\/index.php?rest_route=\/wp\/v2\/types\/product"}],"replies":[{"embeddable":true,"href":"https:\/\/elrincondelquimico.com\/index.php?rest_route=%2Fwp%2Fv2%2Fcomments&post=1580"}],"wp:featuredmedia":[{"embeddable":true,"href":"https:\/\/elrincondelquimico.com\/index.php?rest_route=\/wp\/v2\/media\/1576"}],"wp:attachment":[{"href":"https:\/\/elrincondelquimico.com\/index.php?rest_route=%2Fwp%2Fv2%2Fmedia&parent=1580"}],"wp:term":[{"taxonomy":"product_brand","embeddable":true,"href":"https:\/\/elrincondelquimico.com\/index.php?rest_route=%2Fwp%2Fv2%2Fproduct_brand&post=1580"},{"taxonomy":"product_cat","embeddable":true,"href":"https:\/\/elrincondelquimico.com\/index.php?rest_route=%2Fwp%2Fv2%2Fproduct_cat&post=1580"},{"taxonomy":"product_tag","embeddable":true,"href":"https:\/\/elrincondelquimico.com\/index.php?rest_route=%2Fwp%2Fv2%2Fproduct_tag&post=1580"}],"curies":[{"name":"wp","href":"https:\/\/api.w.org\/{rel}","templated":true}]}}