{"id":1571,"date":"2025-04-04T12:45:45","date_gmt":"2025-04-04T17:45:45","guid":{"rendered":"https:\/\/elrincondelquimico.com\/?post_type=product&#038;p=1571"},"modified":"2025-05-26T10:03:13","modified_gmt":"2025-05-26T15:03:13","slug":"cubeta-para-espectofotometro-de-cuarzo-de-140-ml-cod-098-01-002-isolab","status":"publish","type":"product","link":"https:\/\/elrincondelquimico.com\/?product=cubeta-para-espectofotometro-de-cuarzo-de-140-ml-cod-098-01-002-isolab","title":{"rendered":"CUBETA PARA ESPECTOFOTOMETRO DE CUARZO DE 1,40 ML COD 098.01.002 ISOLAB"},"content":{"rendered":"<p>Fabricadas en vidrio de cuarzo pulido o vidrio \u00f3ptico pulido con dimensiones de 12,5 x 12,5 x 45 mm, son multiusos. Ofrecen un paso \u00f3ptico limpio y n\u00edtido y son compatibles con todos los porta cubetas de espectrofot\u00f3metro est\u00e1ndar. Pueden utilizarse tanto para aplicaciones qu\u00edmicas como de ciencias de la vida. Las cubetas de cuarzo ofrecen un rango de longitud de onda de 190 a 2500 nm. Las cubetas de vidrio \u00f3ptico ofrecen un rango de longitud de onda de 340 a 2500 nm. Forma optimizada, dimensiones precisas con una tolerancia inferior al 0,1 % mm y excelente resistencia.<\/p>\n<p>Longitud de onda: 190 &#8211; 2500 nm<\/p>\n<p>Luz: 10 mm<\/p>\n<p>VOLUMEN: 1,40 ML<\/p>\n<p>Material: Cuarzo<\/p>\n","protected":false},"excerpt":{"rendered":"<p>Fabricadas en vidrio de cuarzo pulido o vidrio \u00f3ptico pulido con dimensiones de 12,5 x 12,5 x 45 mm, son multiusos. Ofrecen un paso \u00f3ptico limpio y n\u00edtido y son compatibles con todos los porta cubetas de espectrofot\u00f3metro est\u00e1ndar. Pueden utilizarse tanto para aplicaciones qu\u00edmicas como de ciencias de la vida. Las cubetas de cuarzo<\/p>\n<div class=\"more-link\">\n\t\t\t\t <a href=\"https:\/\/elrincondelquimico.com\/?product=cubeta-para-espectofotometro-de-cuarzo-de-140-ml-cod-098-01-002-isolab\" class=\"link-btn\"><span>Continue Leyendo <\/span><i class=\"icofont-thin-double-right\"><\/i><\/a>\n\t\t\t<\/div>\n","protected":false},"featured_media":2466,"comment_status":"open","ping_status":"closed","template":"","meta":{"inline_featured_image":false},"product_brand":[],"product_cat":[27,103],"product_tag":[62,186,187,63],"class_list":{"0":"post-1571","1":"product","2":"type-product","3":"status-publish","4":"has-post-thumbnail","6":"product_cat-isolab","7":"product_cat-otros","8":"product_tag-aleman","9":"product_tag-cubetas","10":"product_tag-espectofotometros","11":"product_tag-isolab","13":"first","14":"instock","15":"shipping-taxable","16":"purchasable","17":"product-type-simple"},"blog_post_layout_featured_media_urls":{"thumbnail":["https:\/\/elrincondelquimico.com\/wp-content\/uploads\/2025\/04\/FORMATO-ISOLAB-10-150x150.jpg",150,150,true],"full":["https:\/\/elrincondelquimico.com\/wp-content\/uploads\/2025\/04\/FORMATO-ISOLAB-10.jpg",1338,1338,false]},"categories":null,"categories_names":null,"comments_number":"0","_links":{"self":[{"href":"https:\/\/elrincondelquimico.com\/index.php?rest_route=\/wp\/v2\/product\/1571","targetHints":{"allow":["GET"]}}],"collection":[{"href":"https:\/\/elrincondelquimico.com\/index.php?rest_route=\/wp\/v2\/product"}],"about":[{"href":"https:\/\/elrincondelquimico.com\/index.php?rest_route=\/wp\/v2\/types\/product"}],"replies":[{"embeddable":true,"href":"https:\/\/elrincondelquimico.com\/index.php?rest_route=%2Fwp%2Fv2%2Fcomments&post=1571"}],"wp:featuredmedia":[{"embeddable":true,"href":"https:\/\/elrincondelquimico.com\/index.php?rest_route=\/wp\/v2\/media\/2466"}],"wp:attachment":[{"href":"https:\/\/elrincondelquimico.com\/index.php?rest_route=%2Fwp%2Fv2%2Fmedia&parent=1571"}],"wp:term":[{"taxonomy":"product_brand","embeddable":true,"href":"https:\/\/elrincondelquimico.com\/index.php?rest_route=%2Fwp%2Fv2%2Fproduct_brand&post=1571"},{"taxonomy":"product_cat","embeddable":true,"href":"https:\/\/elrincondelquimico.com\/index.php?rest_route=%2Fwp%2Fv2%2Fproduct_cat&post=1571"},{"taxonomy":"product_tag","embeddable":true,"href":"https:\/\/elrincondelquimico.com\/index.php?rest_route=%2Fwp%2Fv2%2Fproduct_tag&post=1571"}],"curies":[{"name":"wp","href":"https:\/\/api.w.org\/{rel}","templated":true}]}}