{"id":1500,"date":"2025-04-02T14:45:28","date_gmt":"2025-04-02T19:45:28","guid":{"rendered":"https:\/\/elrincondelquimico.com\/?post_type=product&#038;p=1500"},"modified":"2025-06-02T16:41:47","modified_gmt":"2025-06-02T21:41:47","slug":"bureta-automatica-de-vidrio-transparente-de-50-ml-cod-019-01-050-isolab","status":"publish","type":"product","link":"https:\/\/elrincondelquimico.com\/?product=bureta-automatica-de-vidrio-transparente-de-50-ml-cod-019-01-050-isolab","title":{"rendered":"BURETA AUTOMATICA DE VIDRIO TRANSPARENTE DE 50 ML (BURETA ACODADA) COD 019.01.050 ISOLAB"},"content":{"rendered":"<p>Fabricadas en vidrio de borosilicato calibrado al prevac\u00edo. BURETAS &#8211; \u201cautom\u00e1ticas\u201d &#8211; \u201cclase AS\u201d. Cumplen con los m\u00e1s altos est\u00e1ndares de calidad seg\u00fan la norma ISO 385.<br \/>\nEl control de calidad continuo en todas las etapas elimina posibles desviaciones de los valores nominales.<br \/>\nCalibradas para entrega (Ex) y con tolerancias seg\u00fan las normas DIN\/ISO Clase \u201cAS\u201d. Certificaci\u00f3n de conformidad (\u201cH\u201d, \u201cDE-M\u201d), con n\u00famero de lote impreso en el cuerpo.<\/p>\n<p>Accesorios opcionales:<\/p>\n<p>&#8211; Frasco para bureta<\/p>\n<p>&#8211; Bombilla para bureta<\/p>\n<table style=\"height: 191px;\" width=\"1164\">\n<tbody>\n<tr>\n<td><strong>Buretas transparentes <\/strong><strong style=\"font-family: inherit; font-size: inherit;\">escala azul<\/strong><\/td>\n<td><strong>\u00a0Buretas \u00e1mbar <\/strong><strong style=\"font-family: inherit; font-size: inherit;\">escala blanca<\/strong><\/td>\n<td><strong>\u00a0 Volumen<\/strong><\/td>\n<td><strong>\u00a0<\/strong><strong>\u00a0Sub-divisi\u00f3n<\/strong><\/td>\n<td><strong>\u00a0<\/strong><strong>Pack\/cantidad<\/strong><\/td>\n<\/tr>\n<tr>\n<td>019.01.010<\/td>\n<td>019.05.010<\/td>\n<td>10 ml<\/td>\n<td>0,02 ml<\/td>\n<td>1 pieza<\/td>\n<\/tr>\n<tr>\n<td>019.01.025<\/td>\n<td>019.05.025<\/td>\n<td>25 ml<\/td>\n<td>0,05 ml<\/td>\n<td>1 pieza<\/td>\n<\/tr>\n<tr>\n<td>019.01.050<\/td>\n<td>019.05.050<\/td>\n<td>50 ml<\/td>\n<td>0,10 ml<\/td>\n<td>1 pieza<\/td>\n<\/tr>\n<\/tbody>\n<\/table>\n<p>&nbsp;<\/p>\n","protected":false},"excerpt":{"rendered":"<p>Fabricadas en vidrio de borosilicato calibrado al prevac\u00edo. BURETAS &#8211; \u201cautom\u00e1ticas\u201d &#8211; \u201cclase AS\u201d. Cumplen con los m\u00e1s altos est\u00e1ndares de calidad seg\u00fan la norma ISO 385. El control de calidad continuo en todas las etapas elimina posibles desviaciones de los valores nominales. Calibradas para entrega (Ex) y con tolerancias seg\u00fan las normas DIN\/ISO Clase<\/p>\n<div class=\"more-link\">\n\t\t\t\t <a href=\"https:\/\/elrincondelquimico.com\/?product=bureta-automatica-de-vidrio-transparente-de-50-ml-cod-019-01-050-isolab\" class=\"link-btn\"><span>Continue Leyendo <\/span><i class=\"icofont-thin-double-right\"><\/i><\/a>\n\t\t\t<\/div>\n","protected":false},"featured_media":2497,"comment_status":"open","ping_status":"closed","template":"","meta":{"inline_featured_image":false},"product_brand":[],"product_cat":[27,87],"product_tag":[62,60,96,63],"class_list":{"0":"post-1500","1":"product","2":"type-product","3":"status-publish","4":"has-post-thumbnail","6":"product_cat-isolab","7":"product_cat-vidrio","8":"product_tag-aleman","9":"product_tag-bureta","10":"product_tag-graduado","11":"product_tag-isolab","13":"first","14":"instock","15":"shipping-taxable","16":"purchasable","17":"product-type-simple"},"blog_post_layout_featured_media_urls":{"thumbnail":["https:\/\/elrincondelquimico.com\/wp-content\/uploads\/2025\/04\/FORMATO-ISOLAB-26-150x150.jpg",150,150,true],"full":["https:\/\/elrincondelquimico.com\/wp-content\/uploads\/2025\/04\/FORMATO-ISOLAB-26.jpg",1338,1338,false]},"categories":null,"categories_names":null,"comments_number":"0","_links":{"self":[{"href":"https:\/\/elrincondelquimico.com\/index.php?rest_route=\/wp\/v2\/product\/1500","targetHints":{"allow":["GET"]}}],"collection":[{"href":"https:\/\/elrincondelquimico.com\/index.php?rest_route=\/wp\/v2\/product"}],"about":[{"href":"https:\/\/elrincondelquimico.com\/index.php?rest_route=\/wp\/v2\/types\/product"}],"replies":[{"embeddable":true,"href":"https:\/\/elrincondelquimico.com\/index.php?rest_route=%2Fwp%2Fv2%2Fcomments&post=1500"}],"wp:featuredmedia":[{"embeddable":true,"href":"https:\/\/elrincondelquimico.com\/index.php?rest_route=\/wp\/v2\/media\/2497"}],"wp:attachment":[{"href":"https:\/\/elrincondelquimico.com\/index.php?rest_route=%2Fwp%2Fv2%2Fmedia&parent=1500"}],"wp:term":[{"taxonomy":"product_brand","embeddable":true,"href":"https:\/\/elrincondelquimico.com\/index.php?rest_route=%2Fwp%2Fv2%2Fproduct_brand&post=1500"},{"taxonomy":"product_cat","embeddable":true,"href":"https:\/\/elrincondelquimico.com\/index.php?rest_route=%2Fwp%2Fv2%2Fproduct_cat&post=1500"},{"taxonomy":"product_tag","embeddable":true,"href":"https:\/\/elrincondelquimico.com\/index.php?rest_route=%2Fwp%2Fv2%2Fproduct_tag&post=1500"}],"curies":[{"name":"wp","href":"https:\/\/api.w.org\/{rel}","templated":true}]}}