{"id":1417,"date":"2025-01-30T09:13:33","date_gmt":"2025-01-30T14:13:33","guid":{"rendered":"https:\/\/elrincondelquimico.com\/?post_type=product&#038;p=1417"},"modified":"2025-01-30T09:18:36","modified_gmt":"2025-01-30T14:18:36","slug":"chemizorb-granulos-supelco-x-1-kg-cod-101568-merck","status":"publish","type":"product","link":"https:\/\/elrincondelquimico.com\/?product=chemizorb-granulos-supelco-x-1-kg-cod-101568-merck","title":{"rendered":"CHEMIZORB GRANULOS SUPELCO X 1 KG COD 101568 MERCK"},"content":{"rendered":"<p>Con los absorbentes Chemizorb\u00ae, puede eliminar l\u00edquidos agresivos o desagradables de forma r\u00e1pida y<br \/>\nsegura. Nuestros absorbentes de acci\u00f3n r\u00e1pida est\u00e1n compuestos por copol\u00edmeros minerales o sint\u00e9ticos porosos que<br \/>\nson qu\u00edmicamente inertes y capaces de absorber hasta el 400 % de su propio peso en l\u00edquido.<\/p>\n","protected":false},"excerpt":{"rendered":"<p>Con los absorbentes Chemizorb\u00ae, puede eliminar l\u00edquidos agresivos o desagradables de forma r\u00e1pida y segura. Nuestros absorbentes de acci\u00f3n r\u00e1pida est\u00e1n compuestos por copol\u00edmeros minerales o sint\u00e9ticos porosos que son qu\u00edmicamente inertes y capaces de absorber hasta el 400 % de su propio peso en l\u00edquido.<\/p>\n","protected":false},"featured_media":1418,"comment_status":"open","ping_status":"closed","template":"","meta":{"inline_featured_image":false},"product_brand":[],"product_cat":[158,21],"product_tag":[159,119,121,68],"class_list":{"0":"post-1417","1":"product","2":"type-product","3":"status-publish","4":"has-post-thumbnail","6":"product_cat-merck-reactivos-de-laboratorio","7":"product_cat-reactivos-de-laboratorio","8":"product_tag-chemizorb","9":"product_tag-merck","10":"product_tag-millipore","11":"product_tag-reactivos","13":"first","14":"instock","15":"shipping-taxable","16":"purchasable","17":"product-type-simple"},"blog_post_layout_featured_media_urls":{"thumbnail":["https:\/\/elrincondelquimico.com\/wp-content\/uploads\/2025\/01\/OIP-150x150.jpeg",150,150,true],"full":["https:\/\/elrincondelquimico.com\/wp-content\/uploads\/2025\/01\/OIP.jpeg",474,538,false]},"categories":null,"categories_names":null,"comments_number":"0","_links":{"self":[{"href":"https:\/\/elrincondelquimico.com\/index.php?rest_route=\/wp\/v2\/product\/1417","targetHints":{"allow":["GET"]}}],"collection":[{"href":"https:\/\/elrincondelquimico.com\/index.php?rest_route=\/wp\/v2\/product"}],"about":[{"href":"https:\/\/elrincondelquimico.com\/index.php?rest_route=\/wp\/v2\/types\/product"}],"replies":[{"embeddable":true,"href":"https:\/\/elrincondelquimico.com\/index.php?rest_route=%2Fwp%2Fv2%2Fcomments&post=1417"}],"wp:featuredmedia":[{"embeddable":true,"href":"https:\/\/elrincondelquimico.com\/index.php?rest_route=\/wp\/v2\/media\/1418"}],"wp:attachment":[{"href":"https:\/\/elrincondelquimico.com\/index.php?rest_route=%2Fwp%2Fv2%2Fmedia&parent=1417"}],"wp:term":[{"taxonomy":"product_brand","embeddable":true,"href":"https:\/\/elrincondelquimico.com\/index.php?rest_route=%2Fwp%2Fv2%2Fproduct_brand&post=1417"},{"taxonomy":"product_cat","embeddable":true,"href":"https:\/\/elrincondelquimico.com\/index.php?rest_route=%2Fwp%2Fv2%2Fproduct_cat&post=1417"},{"taxonomy":"product_tag","embeddable":true,"href":"https:\/\/elrincondelquimico.com\/index.php?rest_route=%2Fwp%2Fv2%2Fproduct_tag&post=1417"}],"curies":[{"name":"wp","href":"https:\/\/api.w.org\/{rel}","templated":true}]}}