{"id":1414,"date":"2025-01-24T11:26:16","date_gmt":"2025-01-24T16:26:16","guid":{"rendered":"https:\/\/elrincondelquimico.com\/?post_type=product&#038;p=1414"},"modified":"2025-01-24T11:26:16","modified_gmt":"2025-01-24T16:26:16","slug":"viscosimetro-de-ostwald-importado","status":"publish","type":"product","link":"https:\/\/elrincondelquimico.com\/?product=viscosimetro-de-ostwald-importado","title":{"rendered":"VISCOSIMETRO DE OSTWALD IMPORTADO"},"content":{"rendered":"<p>El viscos\u00edmetro de Ostwald es un dispositivo utilizado para medir la viscosidad de l\u00edquidos. Funciona de manera sencilla: consiste en un tubo de vidrio con una forma espec\u00edfica y dos marcas a diferentes alturas.<\/p>\n<h3>Pasos para usar el viscos\u00edmetro de Ostwald:<\/h3>\n<ol>\n<li><strong>Limpieza del viscos\u00edmetro<\/strong>: Antes de usarlo, aseg\u00farate de que el viscos\u00edmetro est\u00e9 limpio y seco para evitar contaminaciones.<\/li>\n<li><strong>Llenado con el l\u00edquido<\/strong>: Llena el viscos\u00edmetro con el l\u00edquido cuya viscosidad deseas medir. El nivel del l\u00edquido debe estar por encima de la marca superior y por debajo de la marca inferior del tubo.<\/li>\n<li><strong>Medici\u00f3n del tiempo<\/strong>: El l\u00edquido fluir\u00e1 a trav\u00e9s del tubo y la idea es medir el tiempo que tarda en desplazarse entre las dos marcas de referencia.<\/li>\n<li><strong>C\u00e1lculos<\/strong>: Una vez que tengas el tiempo de flujo del l\u00edquido, puedes compararlo con el tiempo de flujo de un l\u00edquido est\u00e1ndar con una viscosidad conocida, como el agua. La viscosidad del l\u00edquido en cuesti\u00f3n se calcula utilizando la relaci\u00f3n entre ambos tiempos de flujo.<\/li>\n<\/ol>\n","protected":false},"excerpt":{"rendered":"<p>El viscos\u00edmetro de Ostwald es un dispositivo utilizado para medir la viscosidad de l\u00edquidos. Funciona de manera sencilla: consiste en un tubo de vidrio con una forma espec\u00edfica y dos marcas a diferentes alturas. Pasos para usar el viscos\u00edmetro de Ostwald: Limpieza del viscos\u00edmetro: Antes de usarlo, aseg\u00farate de que el viscos\u00edmetro est\u00e9 limpio y<\/p>\n<div class=\"more-link\">\n\t\t\t\t <a href=\"https:\/\/elrincondelquimico.com\/?product=viscosimetro-de-ostwald-importado\" class=\"link-btn\"><span>Continue Leyendo <\/span><i class=\"icofont-thin-double-right\"><\/i><\/a>\n\t\t\t<\/div>\n","protected":false},"featured_media":1415,"comment_status":"open","ping_status":"closed","template":"","meta":{"inline_featured_image":false},"product_brand":[],"product_cat":[48,24],"product_tag":[114,157,81,156],"class_list":{"0":"post-1414","1":"product","2":"type-product","3":"status-publish","4":"has-post-thumbnail","6":"product_cat-importado","7":"product_cat-material-de-laboratorio","8":"product_tag-importado","9":"product_tag-ostwald","10":"product_tag-vidrio","11":"product_tag-viscosimetro","13":"first","14":"instock","15":"shipping-taxable","16":"purchasable","17":"product-type-simple"},"blog_post_layout_featured_media_urls":{"thumbnail":["https:\/\/elrincondelquimico.com\/wp-content\/uploads\/2025\/01\/Sin-titulo-150x150.png",150,150,true],"full":["https:\/\/elrincondelquimico.com\/wp-content\/uploads\/2025\/01\/Sin-titulo.png",746,755,false]},"categories":null,"categories_names":null,"comments_number":"0","_links":{"self":[{"href":"https:\/\/elrincondelquimico.com\/index.php?rest_route=\/wp\/v2\/product\/1414","targetHints":{"allow":["GET"]}}],"collection":[{"href":"https:\/\/elrincondelquimico.com\/index.php?rest_route=\/wp\/v2\/product"}],"about":[{"href":"https:\/\/elrincondelquimico.com\/index.php?rest_route=\/wp\/v2\/types\/product"}],"replies":[{"embeddable":true,"href":"https:\/\/elrincondelquimico.com\/index.php?rest_route=%2Fwp%2Fv2%2Fcomments&post=1414"}],"wp:featuredmedia":[{"embeddable":true,"href":"https:\/\/elrincondelquimico.com\/index.php?rest_route=\/wp\/v2\/media\/1415"}],"wp:attachment":[{"href":"https:\/\/elrincondelquimico.com\/index.php?rest_route=%2Fwp%2Fv2%2Fmedia&parent=1414"}],"wp:term":[{"taxonomy":"product_brand","embeddable":true,"href":"https:\/\/elrincondelquimico.com\/index.php?rest_route=%2Fwp%2Fv2%2Fproduct_brand&post=1414"},{"taxonomy":"product_cat","embeddable":true,"href":"https:\/\/elrincondelquimico.com\/index.php?rest_route=%2Fwp%2Fv2%2Fproduct_cat&post=1414"},{"taxonomy":"product_tag","embeddable":true,"href":"https:\/\/elrincondelquimico.com\/index.php?rest_route=%2Fwp%2Fv2%2Fproduct_tag&post=1414"}],"curies":[{"name":"wp","href":"https:\/\/api.w.org\/{rel}","templated":true}]}}