{"id":1407,"date":"2025-01-17T12:45:21","date_gmt":"2025-01-17T17:45:21","guid":{"rendered":"https:\/\/elrincondelquimico.com\/?post_type=product&#038;p=1407"},"modified":"2025-01-17T12:47:51","modified_gmt":"2025-01-17T17:47:51","slug":"medidor-de-ph-ph-metro-hanna-hi98103","status":"publish","type":"product","link":"https:\/\/elrincondelquimico.com\/?product=medidor-de-ph-ph-metro-hanna-hi98103","title":{"rendered":"MEDIDOR DE PH (PH METRO) HANNA &#8211; HI98103"},"content":{"rendered":"<p>El HI98103 Checker es la siguiente generaci\u00f3n del medidor de bolsillo de pH Hanna Checker original. El Checker es el medidor de pH m\u00e1s popular del mundo, con m\u00e1s de 1 mill\u00f3n de medidores utilizados desde su introducci\u00f3n en 1991. Desde los estudiantes a los investigadores, el Checker ha estado ayudando con su medici\u00f3n de pH como un medidor que es f\u00e1cil de usar y operar.<\/p>\n<table class=\"tabla-border\">\n<tbody>\n<tr>\n<td>Intervalo<\/td>\n<td>0.0 a 14.0 pH<\/td>\n<\/tr>\n<tr>\n<td>Resoluci\u00f3n<\/td>\n<td>0.1 pH<\/td>\n<\/tr>\n<tr>\n<td>Exactitud<\/td>\n<td>\u00b10.2 pH<\/td>\n<\/tr>\n<tr>\n<td>Calibraci\u00f3n<\/td>\n<td>Autom\u00e1tico, dos puntos<\/td>\n<\/tr>\n<tr>\n<td>Tipo de bater\u00eda\/duraci\u00f3n<\/td>\n<td>1.5V CR2032 (1) \/ aproximadamente 1,000 horas de uso continuo<\/td>\n<\/tr>\n<tr>\n<td>Electrodo\/ Sonda<\/td>\n<td>Electrodo de pH HI1271 con conector roscado \u00a0(incluido)<\/td>\n<\/tr>\n<tr>\n<td>Condiciones ambientales<\/td>\n<td>0 a 50 \u00b0C (32 a 122 \u00b0F); HR m\u00e1x. 95%<\/td>\n<\/tr>\n<tr>\n<td>Dimensiones<\/td>\n<td>50 x 174 x 21 mm (2 x 6.8 x 0.9\u201c)<\/td>\n<\/tr>\n<tr>\n<td>Peso<\/td>\n<td>50 g (1.8 oz.)<\/td>\n<\/tr>\n<tr>\n<td>Informaci\u00f3n para ordenar<\/td>\n<td>El HI98103 se suministra con sobres de soluci\u00f3n est\u00e1ndar \u00a0HI70007 de pH 7,01 (2 x 20 mL), sobres de soluci\u00f3n de limpieza de electrodos HI700601 (2 x 20 mL), manual de instrucciones, certificado de calidad del instrumento y estuche de pl\u00e1stico.<\/td>\n<\/tr>\n<\/tbody>\n<\/table>\n<p>&nbsp;<\/p>\n","protected":false},"excerpt":{"rendered":"<p>El HI98103 Checker es la siguiente generaci\u00f3n del medidor de bolsillo de pH Hanna Checker original. El Checker es el medidor de pH m\u00e1s popular del mundo, con m\u00e1s de 1 mill\u00f3n de medidores utilizados desde su introducci\u00f3n en 1991. Desde los estudiantes a los investigadores, el Checker ha estado ayudando con su medici\u00f3n de<\/p>\n<div class=\"more-link\">\n\t\t\t\t <a href=\"https:\/\/elrincondelquimico.com\/?product=medidor-de-ph-ph-metro-hanna-hi98103\" class=\"link-btn\"><span>Continue Leyendo <\/span><i class=\"icofont-thin-double-right\"><\/i><\/a>\n\t\t\t<\/div>\n","protected":false},"featured_media":1408,"comment_status":"open","ping_status":"closed","template":"","meta":{"inline_featured_image":false},"product_brand":[],"product_cat":[149,21],"product_tag":[153,154,151,152],"class_list":{"0":"post-1407","1":"product","2":"type-product","3":"status-publish","4":"has-post-thumbnail","6":"product_cat-hanna","7":"product_cat-reactivos-de-laboratorio","8":"product_tag-calibrar","9":"product_tag-conductividad","10":"product_tag-hanna","11":"product_tag-solucion","13":"first","14":"instock","15":"shipping-taxable","16":"purchasable","17":"product-type-simple"},"blog_post_layout_featured_media_urls":{"thumbnail":["https:\/\/elrincondelquimico.com\/wp-content\/uploads\/2025\/01\/22154730953fd193098b4b66a28cbcc6-150x150.jpg",150,150,true],"full":["https:\/\/elrincondelquimico.com\/wp-content\/uploads\/2025\/01\/22154730953fd193098b4b66a28cbcc6.jpg",800,800,false]},"categories":null,"categories_names":null,"comments_number":"0","_links":{"self":[{"href":"https:\/\/elrincondelquimico.com\/index.php?rest_route=\/wp\/v2\/product\/1407","targetHints":{"allow":["GET"]}}],"collection":[{"href":"https:\/\/elrincondelquimico.com\/index.php?rest_route=\/wp\/v2\/product"}],"about":[{"href":"https:\/\/elrincondelquimico.com\/index.php?rest_route=\/wp\/v2\/types\/product"}],"replies":[{"embeddable":true,"href":"https:\/\/elrincondelquimico.com\/index.php?rest_route=%2Fwp%2Fv2%2Fcomments&post=1407"}],"wp:featuredmedia":[{"embeddable":true,"href":"https:\/\/elrincondelquimico.com\/index.php?rest_route=\/wp\/v2\/media\/1408"}],"wp:attachment":[{"href":"https:\/\/elrincondelquimico.com\/index.php?rest_route=%2Fwp%2Fv2%2Fmedia&parent=1407"}],"wp:term":[{"taxonomy":"product_brand","embeddable":true,"href":"https:\/\/elrincondelquimico.com\/index.php?rest_route=%2Fwp%2Fv2%2Fproduct_brand&post=1407"},{"taxonomy":"product_cat","embeddable":true,"href":"https:\/\/elrincondelquimico.com\/index.php?rest_route=%2Fwp%2Fv2%2Fproduct_cat&post=1407"},{"taxonomy":"product_tag","embeddable":true,"href":"https:\/\/elrincondelquimico.com\/index.php?rest_route=%2Fwp%2Fv2%2Fproduct_tag&post=1407"}],"curies":[{"name":"wp","href":"https:\/\/api.w.org\/{rel}","templated":true}]}}