{"id":1400,"date":"2025-01-17T12:36:08","date_gmt":"2025-01-17T17:36:08","guid":{"rendered":"https:\/\/elrincondelquimico.com\/?post_type=product&#038;p=1400"},"modified":"2025-01-17T12:36:46","modified_gmt":"2025-01-17T17:36:46","slug":"solucion-buffer-ph-10-x-500-ml-hi7010","status":"publish","type":"product","link":"https:\/\/elrincondelquimico.com\/?product=solucion-buffer-ph-10-x-500-ml-hi7010","title":{"rendered":"SOLUCI\u00d3N BUFFER PH 10 X 500 Ml (HI7010)"},"content":{"rendered":"<p>Hanna instruments l\u00edder en la fabricaci\u00f3n de equipos electroanal\u00edticos ofrece a usted una completa linea de soluciones de calibraci\u00f3n para pH y ORP, soluciones de limpieza, mantenimiento y relleno de electrodos<\/p>\n","protected":false},"excerpt":{"rendered":"<p>Hanna instruments l\u00edder en la fabricaci\u00f3n de equipos electroanal\u00edticos ofrece a usted una completa linea de soluciones de calibraci\u00f3n para pH y ORP, soluciones de limpieza, mantenimiento y relleno de electrodos<\/p>\n","protected":false},"featured_media":1401,"comment_status":"open","ping_status":"closed","template":"","meta":{"inline_featured_image":false},"product_brand":[],"product_cat":[149,21],"product_tag":[150,153,151,152],"class_list":{"0":"post-1400","1":"product","2":"type-product","3":"status-publish","4":"has-post-thumbnail","6":"product_cat-hanna","7":"product_cat-reactivos-de-laboratorio","8":"product_tag-buffer","9":"product_tag-calibrar","10":"product_tag-hanna","11":"product_tag-solucion","13":"first","14":"instock","15":"shipping-taxable","16":"purchasable","17":"product-type-simple"},"blog_post_layout_featured_media_urls":{"thumbnail":["https:\/\/elrincondelquimico.com\/wp-content\/uploads\/2025\/01\/HANNA-5-150x150.png",150,150,true],"full":["https:\/\/elrincondelquimico.com\/wp-content\/uploads\/2025\/01\/HANNA-5.png",1080,1080,false]},"categories":null,"categories_names":null,"comments_number":"0","_links":{"self":[{"href":"https:\/\/elrincondelquimico.com\/index.php?rest_route=\/wp\/v2\/product\/1400","targetHints":{"allow":["GET"]}}],"collection":[{"href":"https:\/\/elrincondelquimico.com\/index.php?rest_route=\/wp\/v2\/product"}],"about":[{"href":"https:\/\/elrincondelquimico.com\/index.php?rest_route=\/wp\/v2\/types\/product"}],"replies":[{"embeddable":true,"href":"https:\/\/elrincondelquimico.com\/index.php?rest_route=%2Fwp%2Fv2%2Fcomments&post=1400"}],"wp:featuredmedia":[{"embeddable":true,"href":"https:\/\/elrincondelquimico.com\/index.php?rest_route=\/wp\/v2\/media\/1401"}],"wp:attachment":[{"href":"https:\/\/elrincondelquimico.com\/index.php?rest_route=%2Fwp%2Fv2%2Fmedia&parent=1400"}],"wp:term":[{"taxonomy":"product_brand","embeddable":true,"href":"https:\/\/elrincondelquimico.com\/index.php?rest_route=%2Fwp%2Fv2%2Fproduct_brand&post=1400"},{"taxonomy":"product_cat","embeddable":true,"href":"https:\/\/elrincondelquimico.com\/index.php?rest_route=%2Fwp%2Fv2%2Fproduct_cat&post=1400"},{"taxonomy":"product_tag","embeddable":true,"href":"https:\/\/elrincondelquimico.com\/index.php?rest_route=%2Fwp%2Fv2%2Fproduct_tag&post=1400"}],"curies":[{"name":"wp","href":"https:\/\/api.w.org\/{rel}","templated":true}]}}