{"id":1371,"date":"2025-01-03T15:22:02","date_gmt":"2025-01-03T20:22:02","guid":{"rendered":"https:\/\/elrincondelquimico.com\/?post_type=product&#038;p=1371"},"modified":"2025-01-03T15:25:38","modified_gmt":"2025-01-03T20:25:38","slug":"carbopol-940-grado-usp-x-120-gr-lihua","status":"publish","type":"product","link":"https:\/\/elrincondelquimico.com\/?product=carbopol-940-grado-usp-x-120-gr-lihua","title":{"rendered":"CARBOPOL 940 GRADO USP X 120 GR LIHUA"},"content":{"rendered":"<div class=\"flex-shrink-0 flex flex-col relative items-end\">\n<div class=\"pt-0\">\n<div class=\"gizmo-bot-avatar flex h-8 w-8 items-center justify-center overflow-hidden rounded-full\">\n<div class=\"relative p-1 rounded-sm flex items-center justify-center bg-token-main-surface-primary text-token-text-primary h-8 w-8\">\n<p>El Carbopol es un nombre comercial para una serie de pol\u00edmeros sint\u00e9ticos, conocidos como pol\u00edmeros de \u00e1cido acr\u00edlico reticulado, que se utilizan principalmente como agentes espesantes, estabilizantes y gelificantes en productos cosm\u00e9ticos, farmac\u00e9uticos y de cuidado personal.<\/p>\n<\/div>\n<\/div>\n<\/div>\n<\/div>\n<p>&nbsp;<\/p>\n","protected":false},"excerpt":{"rendered":"<p>El Carbopol es un nombre comercial para una serie de pol\u00edmeros sint\u00e9ticos, conocidos como pol\u00edmeros de \u00e1cido acr\u00edlico reticulado, que se utilizan principalmente como agentes espesantes, estabilizantes y gelificantes en productos cosm\u00e9ticos, farmac\u00e9uticos y de cuidado personal. &nbsp;<\/p>\n","protected":false},"featured_media":1373,"comment_status":"open","ping_status":"closed","template":"","meta":{"inline_featured_image":false},"product_brand":[],"product_cat":[124,21],"product_tag":[138,115,126,114,127],"class_list":{"0":"post-1371","1":"product","2":"type-product","3":"status-publish","4":"has-post-thumbnail","6":"product_cat-importado-reactivos-de-laboratorio","7":"product_cat-reactivos-de-laboratorio","8":"product_tag-carbopol940","9":"product_tag-chino","10":"product_tag-edulcorante","11":"product_tag-importado","12":"product_tag-reactivo","14":"first","15":"instock","16":"shipping-taxable","17":"purchasable","18":"product-type-simple"},"blog_post_layout_featured_media_urls":{"thumbnail":["https:\/\/elrincondelquimico.com\/wp-content\/uploads\/2025\/01\/Sin-titulo-1-1-150x150.jpg",150,150,true],"full":["https:\/\/elrincondelquimico.com\/wp-content\/uploads\/2025\/01\/Sin-titulo-1-1.jpg",2069,2238,false]},"categories":null,"categories_names":null,"comments_number":"0","_links":{"self":[{"href":"https:\/\/elrincondelquimico.com\/index.php?rest_route=\/wp\/v2\/product\/1371","targetHints":{"allow":["GET"]}}],"collection":[{"href":"https:\/\/elrincondelquimico.com\/index.php?rest_route=\/wp\/v2\/product"}],"about":[{"href":"https:\/\/elrincondelquimico.com\/index.php?rest_route=\/wp\/v2\/types\/product"}],"replies":[{"embeddable":true,"href":"https:\/\/elrincondelquimico.com\/index.php?rest_route=%2Fwp%2Fv2%2Fcomments&post=1371"}],"wp:featuredmedia":[{"embeddable":true,"href":"https:\/\/elrincondelquimico.com\/index.php?rest_route=\/wp\/v2\/media\/1373"}],"wp:attachment":[{"href":"https:\/\/elrincondelquimico.com\/index.php?rest_route=%2Fwp%2Fv2%2Fmedia&parent=1371"}],"wp:term":[{"taxonomy":"product_brand","embeddable":true,"href":"https:\/\/elrincondelquimico.com\/index.php?rest_route=%2Fwp%2Fv2%2Fproduct_brand&post=1371"},{"taxonomy":"product_cat","embeddable":true,"href":"https:\/\/elrincondelquimico.com\/index.php?rest_route=%2Fwp%2Fv2%2Fproduct_cat&post=1371"},{"taxonomy":"product_tag","embeddable":true,"href":"https:\/\/elrincondelquimico.com\/index.php?rest_route=%2Fwp%2Fv2%2Fproduct_tag&post=1371"}],"curies":[{"name":"wp","href":"https:\/\/api.w.org\/{rel}","templated":true}]}}