{"id":1368,"date":"2024-12-27T14:42:23","date_gmt":"2024-12-27T19:42:23","guid":{"rendered":"https:\/\/elrincondelquimico.com\/?post_type=product&#038;p=1368"},"modified":"2024-12-27T14:42:24","modified_gmt":"2024-12-27T19:42:24","slug":"oxido-ferrico-rojo-hematita-x-500-gr-cod-028386-cdh","status":"publish","type":"product","link":"https:\/\/elrincondelquimico.com\/?product=oxido-ferrico-rojo-hematita-x-500-gr-cod-028386-cdh","title":{"rendered":"OXIDO FERRICO ROJO (HEMATITA) X 500 GR COD 028386 CDH"},"content":{"rendered":"<p>El \u00f3xido f\u00e9rrico rojo (tambi\u00e9n conocido como hematita) es un compuesto de hierro que tiene diversas aplicaciones en distintas industrias debido a sus propiedades qu\u00edmicas y f\u00edsicas. A continuaci\u00f3n, se mencionan algunos de los usos m\u00e1s comunes<\/p>\n","protected":false},"excerpt":{"rendered":"<p>El \u00f3xido f\u00e9rrico rojo (tambi\u00e9n conocido como hematita) es un compuesto de hierro que tiene diversas aplicaciones en distintas industrias debido a sus propiedades qu\u00edmicas y f\u00edsicas. A continuaci\u00f3n, se mencionan algunos de los usos m\u00e1s comunes<\/p>\n","protected":false},"featured_media":1369,"comment_status":"open","ping_status":"closed","template":"","meta":{"inline_featured_image":false},"product_brand":[],"product_cat":[124,21],"product_tag":[],"class_list":{"0":"post-1368","1":"product","2":"type-product","3":"status-publish","4":"has-post-thumbnail","6":"product_cat-importado-reactivos-de-laboratorio","7":"product_cat-reactivos-de-laboratorio","9":"first","10":"instock","11":"shipping-taxable","12":"purchasable","13":"product-type-simple"},"blog_post_layout_featured_media_urls":{"thumbnail":["https:\/\/elrincondelquimico.com\/wp-content\/uploads\/2024\/12\/1f452e9f-b902-4afe-a767-addeec513cb8-150x150.jpg",150,150,true],"full":["https:\/\/elrincondelquimico.com\/wp-content\/uploads\/2024\/12\/1f452e9f-b902-4afe-a767-addeec513cb8.jpg",500,500,false]},"categories":null,"categories_names":null,"comments_number":"0","_links":{"self":[{"href":"https:\/\/elrincondelquimico.com\/index.php?rest_route=\/wp\/v2\/product\/1368","targetHints":{"allow":["GET"]}}],"collection":[{"href":"https:\/\/elrincondelquimico.com\/index.php?rest_route=\/wp\/v2\/product"}],"about":[{"href":"https:\/\/elrincondelquimico.com\/index.php?rest_route=\/wp\/v2\/types\/product"}],"replies":[{"embeddable":true,"href":"https:\/\/elrincondelquimico.com\/index.php?rest_route=%2Fwp%2Fv2%2Fcomments&post=1368"}],"wp:featuredmedia":[{"embeddable":true,"href":"https:\/\/elrincondelquimico.com\/index.php?rest_route=\/wp\/v2\/media\/1369"}],"wp:attachment":[{"href":"https:\/\/elrincondelquimico.com\/index.php?rest_route=%2Fwp%2Fv2%2Fmedia&parent=1368"}],"wp:term":[{"taxonomy":"product_brand","embeddable":true,"href":"https:\/\/elrincondelquimico.com\/index.php?rest_route=%2Fwp%2Fv2%2Fproduct_brand&post=1368"},{"taxonomy":"product_cat","embeddable":true,"href":"https:\/\/elrincondelquimico.com\/index.php?rest_route=%2Fwp%2Fv2%2Fproduct_cat&post=1368"},{"taxonomy":"product_tag","embeddable":true,"href":"https:\/\/elrincondelquimico.com\/index.php?rest_route=%2Fwp%2Fv2%2Fproduct_tag&post=1368"}],"curies":[{"name":"wp","href":"https:\/\/api.w.org\/{rel}","templated":true}]}}