{"id":1361,"date":"2024-12-26T10:26:02","date_gmt":"2024-12-26T15:26:02","guid":{"rendered":"https:\/\/elrincondelquimico.com\/?post_type=product&#038;p=1361"},"modified":"2025-10-23T10:50:54","modified_gmt":"2025-10-23T15:50:54","slug":"metabisulfito-x-25-kg-grillo","status":"publish","type":"product","link":"https:\/\/elrincondelquimico.com\/?product=metabisulfito-x-25-kg-grillo","title":{"rendered":"METABISULFITO X 25 KG BASF"},"content":{"rendered":"<p>Disulfito de sodio o sulfito dis\u00f3dico) es un compuesto qu\u00edmico con la f\u00f3rmula Na\u2082S\u2082O\u2085. Es un sal de sodio del \u00e1cido metabisulf\u00farico y es ampliamente utilizado en varias aplicaciones industriales, especialmente en la industria alimentaria, tratamiento de agua, productos de limpieza y en la industria textil.El metabisulfito de sodio es un agente reductores y antioxidante, lo que significa que tiene la capacidad de prevenir la oxidaci\u00f3n de los alimentos y otros productos. Adem\u00e1s, es utilizado por sus propiedades antimicrobianas y desinfectantes.<\/p>\n","protected":false},"excerpt":{"rendered":"<p>Disulfito de sodio o sulfito dis\u00f3dico) es un compuesto qu\u00edmico con la f\u00f3rmula Na\u2082S\u2082O\u2085. Es un sal de sodio del \u00e1cido metabisulf\u00farico y es ampliamente utilizado en varias aplicaciones industriales, especialmente en la industria alimentaria, tratamiento de agua, productos de limpieza y en la industria textil.El metabisulfito de sodio es un agente reductores y antioxidante,<\/p>\n<div class=\"more-link\">\n\t\t\t\t <a href=\"https:\/\/elrincondelquimico.com\/?product=metabisulfito-x-25-kg-grillo\" class=\"link-btn\"><span>Continue Leyendo <\/span><i class=\"icofont-thin-double-right\"><\/i><\/a>\n\t\t\t<\/div>\n","protected":false},"featured_media":3330,"comment_status":"open","ping_status":"closed","template":"","meta":{"inline_featured_image":false},"product_brand":[],"product_cat":[124,21],"product_tag":[132,134,127,70,133],"class_list":{"0":"post-1361","1":"product","2":"type-product","3":"status-publish","4":"has-post-thumbnail","6":"product_cat-importado-reactivos-de-laboratorio","7":"product_cat-reactivos-de-laboratorio","8":"product_tag-grillo","9":"product_tag-metabisulfito","10":"product_tag-reactivo","11":"product_tag-sodio","12":"product_tag-tecnico","14":"first","15":"instock","16":"shipping-taxable","17":"purchasable","18":"product-type-simple"},"blog_post_layout_featured_media_urls":{"thumbnail":["https:\/\/elrincondelquimico.com\/wp-content\/uploads\/2024\/12\/sodium-metabisulfite-150x150.jpg",150,150,true],"full":["https:\/\/elrincondelquimico.com\/wp-content\/uploads\/2024\/12\/sodium-metabisulfite.jpg",500,500,false]},"categories":null,"categories_names":null,"comments_number":"0","_links":{"self":[{"href":"https:\/\/elrincondelquimico.com\/index.php?rest_route=\/wp\/v2\/product\/1361","targetHints":{"allow":["GET"]}}],"collection":[{"href":"https:\/\/elrincondelquimico.com\/index.php?rest_route=\/wp\/v2\/product"}],"about":[{"href":"https:\/\/elrincondelquimico.com\/index.php?rest_route=\/wp\/v2\/types\/product"}],"replies":[{"embeddable":true,"href":"https:\/\/elrincondelquimico.com\/index.php?rest_route=%2Fwp%2Fv2%2Fcomments&post=1361"}],"wp:featuredmedia":[{"embeddable":true,"href":"https:\/\/elrincondelquimico.com\/index.php?rest_route=\/wp\/v2\/media\/3330"}],"wp:attachment":[{"href":"https:\/\/elrincondelquimico.com\/index.php?rest_route=%2Fwp%2Fv2%2Fmedia&parent=1361"}],"wp:term":[{"taxonomy":"product_brand","embeddable":true,"href":"https:\/\/elrincondelquimico.com\/index.php?rest_route=%2Fwp%2Fv2%2Fproduct_brand&post=1361"},{"taxonomy":"product_cat","embeddable":true,"href":"https:\/\/elrincondelquimico.com\/index.php?rest_route=%2Fwp%2Fv2%2Fproduct_cat&post=1361"},{"taxonomy":"product_tag","embeddable":true,"href":"https:\/\/elrincondelquimico.com\/index.php?rest_route=%2Fwp%2Fv2%2Fproduct_tag&post=1361"}],"curies":[{"name":"wp","href":"https:\/\/api.w.org\/{rel}","templated":true}]}}