{"id":1356,"date":"2024-12-26T09:05:01","date_gmt":"2024-12-26T14:05:01","guid":{"rendered":"https:\/\/elrincondelquimico.com\/?post_type=product&#038;p=1356"},"modified":"2024-12-26T09:07:00","modified_gmt":"2024-12-26T14:07:00","slug":"goma-xanthan-bolsa-f-80-x-1-kg-fang-da","status":"publish","type":"product","link":"https:\/\/elrincondelquimico.com\/?product=goma-xanthan-bolsa-f-80-x-1-kg-fang-da","title":{"rendered":"GOMA XANTHAN BOLSA F-80 X 1 KG FANG DA"},"content":{"rendered":"<div class=\"flex-shrink-0 flex flex-col relative items-end\">\n<div class=\"pt-0\">\n<div class=\"gizmo-bot-avatar flex h-8 w-8 items-center justify-center overflow-hidden rounded-full\">\n<div class=\"relative p-1 rounded-sm flex items-center justify-center bg-token-main-surface-primary text-token-text-primary h-8 w-8\">\n<p>La goma xantana (tambi\u00e9n conocida como xanthan gum) es un polisac\u00e1rido que se utiliza com\u00fanmente como agente espesante, estabilizante y emulsionante en la industria alimentaria y en otros sectores. La goma xantana es producida por la fermentaci\u00f3n de az\u00facares con la bacteria <em>Xanthomonas campestris<\/em>, y tiene una amplia variedad de aplicaciones en productos alimenticios, cosm\u00e9ticos, farmac\u00e9uticos y otros.<\/p>\n<p>En cuanto a la goma xantana F-80, la \u00abF\u00bb generalmente indica una clasificaci\u00f3n de la fina textura de la goma xantana, y el \u00ab80\u00bb puede referirse a la granulometr\u00eda o al grado de pureza. Esto hace que la goma xantana F-80 sea especialmente adecuada para aplicaciones donde se requiere una disoluci\u00f3n r\u00e1pida o una mejor dispersi\u00f3n en el medio.<\/p>\n<\/div>\n<\/div>\n<\/div>\n<\/div>\n<p>&nbsp;<\/p>\n","protected":false},"excerpt":{"rendered":"<p>La goma xantana (tambi\u00e9n conocida como xanthan gum) es un polisac\u00e1rido que se utiliza com\u00fanmente como agente espesante, estabilizante y emulsionante en la industria alimentaria y en otros sectores. La goma xantana es producida por la fermentaci\u00f3n de az\u00facares con la bacteria Xanthomonas campestris, y tiene una amplia variedad de aplicaciones en productos alimenticios, cosm\u00e9ticos,<\/p>\n<div class=\"more-link\">\n\t\t\t\t <a href=\"https:\/\/elrincondelquimico.com\/?product=goma-xanthan-bolsa-f-80-x-1-kg-fang-da\" class=\"link-btn\"><span>Continue Leyendo <\/span><i class=\"icofont-thin-double-right\"><\/i><\/a>\n\t\t\t<\/div>\n","protected":false},"featured_media":1357,"comment_status":"open","ping_status":"closed","template":"","meta":{"inline_featured_image":false},"product_brand":[],"product_cat":[124,21],"product_tag":[115,130,126,114,127],"class_list":{"0":"post-1356","1":"product","2":"type-product","3":"status-publish","4":"has-post-thumbnail","6":"product_cat-importado-reactivos-de-laboratorio","7":"product_cat-reactivos-de-laboratorio","8":"product_tag-chino","9":"product_tag-ciclamato","10":"product_tag-edulcorante","11":"product_tag-importado","12":"product_tag-reactivo","14":"first","15":"instock","16":"shipping-taxable","17":"purchasable","18":"product-type-simple"},"blog_post_layout_featured_media_urls":{"thumbnail":["https:\/\/elrincondelquimico.com\/wp-content\/uploads\/2024\/12\/Captura-de-pantalla-2024-12-26-090639-150x150.png",150,150,true],"full":["https:\/\/elrincondelquimico.com\/wp-content\/uploads\/2024\/12\/Captura-de-pantalla-2024-12-26-090639.png",497,528,false]},"categories":null,"categories_names":null,"comments_number":"0","_links":{"self":[{"href":"https:\/\/elrincondelquimico.com\/index.php?rest_route=\/wp\/v2\/product\/1356","targetHints":{"allow":["GET"]}}],"collection":[{"href":"https:\/\/elrincondelquimico.com\/index.php?rest_route=\/wp\/v2\/product"}],"about":[{"href":"https:\/\/elrincondelquimico.com\/index.php?rest_route=\/wp\/v2\/types\/product"}],"replies":[{"embeddable":true,"href":"https:\/\/elrincondelquimico.com\/index.php?rest_route=%2Fwp%2Fv2%2Fcomments&post=1356"}],"wp:featuredmedia":[{"embeddable":true,"href":"https:\/\/elrincondelquimico.com\/index.php?rest_route=\/wp\/v2\/media\/1357"}],"wp:attachment":[{"href":"https:\/\/elrincondelquimico.com\/index.php?rest_route=%2Fwp%2Fv2%2Fmedia&parent=1356"}],"wp:term":[{"taxonomy":"product_brand","embeddable":true,"href":"https:\/\/elrincondelquimico.com\/index.php?rest_route=%2Fwp%2Fv2%2Fproduct_brand&post=1356"},{"taxonomy":"product_cat","embeddable":true,"href":"https:\/\/elrincondelquimico.com\/index.php?rest_route=%2Fwp%2Fv2%2Fproduct_cat&post=1356"},{"taxonomy":"product_tag","embeddable":true,"href":"https:\/\/elrincondelquimico.com\/index.php?rest_route=%2Fwp%2Fv2%2Fproduct_tag&post=1356"}],"curies":[{"name":"wp","href":"https:\/\/api.w.org\/{rel}","templated":true}]}}