{"id":1354,"date":"2024-12-26T09:00:02","date_gmt":"2024-12-26T14:00:02","guid":{"rendered":"https:\/\/elrincondelquimico.com\/?post_type=product&#038;p=1354"},"modified":"2024-12-26T09:03:05","modified_gmt":"2024-12-26T14:03:05","slug":"ciclamato-de-sodio-bolsa-x-1-kg-fang-da","status":"publish","type":"product","link":"https:\/\/elrincondelquimico.com\/?product=ciclamato-de-sodio-bolsa-x-1-kg-fang-da","title":{"rendered":"CICLAMATO DE SODIO BOLSA X 1 KG FANG DA"},"content":{"rendered":"<div class=\"flex-shrink-0 flex flex-col relative items-end\">\n<div>\n<div class=\"pt-0\">\n<div class=\"gizmo-bot-avatar flex h-8 w-8 items-center justify-center overflow-hidden rounded-full\">\n<div class=\"relative p-1 rounded-sm flex items-center justify-center bg-token-main-surface-primary text-token-text-primary h-8 w-8\">El ciclamato de sodio es otro edulcorante artificial utilizado como sustituto del az\u00facar. Es aproximadamente 30 a 50 veces m\u00e1s dulce que el az\u00facar, lo que significa que se necesita una cantidad mucho menor para conseguir el mismo nivel de dulzura. Se utiliza en una variedad de productos alimenticios, bebidas y medicamentos, especialmente aquellos destinados a personas que buscan reducir su consumo de calor\u00edas o controlar los niveles de az\u00facar en sangre<\/div>\n<\/div>\n<\/div>\n<\/div>\n<\/div>\n<p>&nbsp;<\/p>\n","protected":false},"excerpt":{"rendered":"<p>El ciclamato de sodio es otro edulcorante artificial utilizado como sustituto del az\u00facar. Es aproximadamente 30 a 50 veces m\u00e1s dulce que el az\u00facar, lo que significa que se necesita una cantidad mucho menor para conseguir el mismo nivel de dulzura. Se utiliza en una variedad de productos alimenticios, bebidas y medicamentos, especialmente aquellos destinados<\/p>\n<div class=\"more-link\">\n\t\t\t\t <a href=\"https:\/\/elrincondelquimico.com\/?product=ciclamato-de-sodio-bolsa-x-1-kg-fang-da\" class=\"link-btn\"><span>Continue Leyendo <\/span><i class=\"icofont-thin-double-right\"><\/i><\/a>\n\t\t\t<\/div>\n","protected":false},"featured_media":1355,"comment_status":"open","ping_status":"closed","template":"","meta":{"inline_featured_image":false},"product_brand":[],"product_cat":[124,21],"product_tag":[115,130,126,114,127],"class_list":{"0":"post-1354","1":"product","2":"type-product","3":"status-publish","4":"has-post-thumbnail","6":"product_cat-importado-reactivos-de-laboratorio","7":"product_cat-reactivos-de-laboratorio","8":"product_tag-chino","9":"product_tag-ciclamato","10":"product_tag-edulcorante","11":"product_tag-importado","12":"product_tag-reactivo","14":"first","15":"instock","16":"shipping-taxable","17":"purchasable","18":"product-type-simple"},"blog_post_layout_featured_media_urls":{"thumbnail":["https:\/\/elrincondelquimico.com\/wp-content\/uploads\/2024\/12\/Captura-de-pantalla-2024-12-26-090238-150x150.png",150,150,true],"full":["https:\/\/elrincondelquimico.com\/wp-content\/uploads\/2024\/12\/Captura-de-pantalla-2024-12-26-090238.png",417,433,false]},"categories":null,"categories_names":null,"comments_number":"0","_links":{"self":[{"href":"https:\/\/elrincondelquimico.com\/index.php?rest_route=\/wp\/v2\/product\/1354","targetHints":{"allow":["GET"]}}],"collection":[{"href":"https:\/\/elrincondelquimico.com\/index.php?rest_route=\/wp\/v2\/product"}],"about":[{"href":"https:\/\/elrincondelquimico.com\/index.php?rest_route=\/wp\/v2\/types\/product"}],"replies":[{"embeddable":true,"href":"https:\/\/elrincondelquimico.com\/index.php?rest_route=%2Fwp%2Fv2%2Fcomments&post=1354"}],"wp:featuredmedia":[{"embeddable":true,"href":"https:\/\/elrincondelquimico.com\/index.php?rest_route=\/wp\/v2\/media\/1355"}],"wp:attachment":[{"href":"https:\/\/elrincondelquimico.com\/index.php?rest_route=%2Fwp%2Fv2%2Fmedia&parent=1354"}],"wp:term":[{"taxonomy":"product_brand","embeddable":true,"href":"https:\/\/elrincondelquimico.com\/index.php?rest_route=%2Fwp%2Fv2%2Fproduct_brand&post=1354"},{"taxonomy":"product_cat","embeddable":true,"href":"https:\/\/elrincondelquimico.com\/index.php?rest_route=%2Fwp%2Fv2%2Fproduct_cat&post=1354"},{"taxonomy":"product_tag","embeddable":true,"href":"https:\/\/elrincondelquimico.com\/index.php?rest_route=%2Fwp%2Fv2%2Fproduct_tag&post=1354"}],"curies":[{"name":"wp","href":"https:\/\/api.w.org\/{rel}","templated":true}]}}