{"id":1350,"date":"2024-12-26T08:52:53","date_gmt":"2024-12-26T13:52:53","guid":{"rendered":"https:\/\/elrincondelquimico.com\/?post_type=product&#038;p=1350"},"modified":"2024-12-26T08:56:38","modified_gmt":"2024-12-26T13:56:38","slug":"aspartame-granular-fino-bolsa-x-1-kg-sinosweet","status":"publish","type":"product","link":"https:\/\/elrincondelquimico.com\/?product=aspartame-granular-fino-bolsa-x-1-kg-sinosweet","title":{"rendered":"ASPARTAME GRANULAR FINO BOLSA X 1 KG SINOSWEET"},"content":{"rendered":"<p>El aspartame granular fino es un edulcorante artificial que se utiliza principalmente como sustituto del az\u00facar en una amplia variedad de productos. Es aproximadamente 200 veces m\u00e1s dulce que el az\u00facar, por lo que se necesita una cantidad mucho menor para lograr el mismo nivel de dulzura. El aspartame es de uso com\u00fan en productos bajos en calor\u00edas o sin az\u00facar, y es ampliamente utilizado en la industria alimentaria<\/p>\n<p>&nbsp;<\/p>\n","protected":false},"excerpt":{"rendered":"<p>El aspartame granular fino es un edulcorante artificial que se utiliza principalmente como sustituto del az\u00facar en una amplia variedad de productos. Es aproximadamente 200 veces m\u00e1s dulce que el az\u00facar, por lo que se necesita una cantidad mucho menor para lograr el mismo nivel de dulzura. El aspartame es de uso com\u00fan en productos<\/p>\n<div class=\"more-link\">\n\t\t\t\t <a href=\"https:\/\/elrincondelquimico.com\/?product=aspartame-granular-fino-bolsa-x-1-kg-sinosweet\" class=\"link-btn\"><span>Continue Leyendo <\/span><i class=\"icofont-thin-double-right\"><\/i><\/a>\n\t\t\t<\/div>\n","protected":false},"featured_media":1351,"comment_status":"open","ping_status":"closed","template":"","meta":{"inline_featured_image":false},"product_brand":[],"product_cat":[124,21],"product_tag":[128,115,126,114,127],"class_list":{"0":"post-1350","1":"product","2":"type-product","3":"status-publish","4":"has-post-thumbnail","6":"product_cat-importado-reactivos-de-laboratorio","7":"product_cat-reactivos-de-laboratorio","8":"product_tag-aspartame","9":"product_tag-chino","10":"product_tag-edulcorante","11":"product_tag-importado","12":"product_tag-reactivo","14":"first","15":"instock","16":"shipping-taxable","17":"purchasable","18":"product-type-simple"},"blog_post_layout_featured_media_urls":{"thumbnail":["https:\/\/elrincondelquimico.com\/wp-content\/uploads\/2024\/12\/Captura-de-pantalla-2024-12-26-085553-150x150.png",150,150,true],"full":["https:\/\/elrincondelquimico.com\/wp-content\/uploads\/2024\/12\/Captura-de-pantalla-2024-12-26-085553.png",559,514,false]},"categories":null,"categories_names":null,"comments_number":"0","_links":{"self":[{"href":"https:\/\/elrincondelquimico.com\/index.php?rest_route=\/wp\/v2\/product\/1350","targetHints":{"allow":["GET"]}}],"collection":[{"href":"https:\/\/elrincondelquimico.com\/index.php?rest_route=\/wp\/v2\/product"}],"about":[{"href":"https:\/\/elrincondelquimico.com\/index.php?rest_route=\/wp\/v2\/types\/product"}],"replies":[{"embeddable":true,"href":"https:\/\/elrincondelquimico.com\/index.php?rest_route=%2Fwp%2Fv2%2Fcomments&post=1350"}],"wp:featuredmedia":[{"embeddable":true,"href":"https:\/\/elrincondelquimico.com\/index.php?rest_route=\/wp\/v2\/media\/1351"}],"wp:attachment":[{"href":"https:\/\/elrincondelquimico.com\/index.php?rest_route=%2Fwp%2Fv2%2Fmedia&parent=1350"}],"wp:term":[{"taxonomy":"product_brand","embeddable":true,"href":"https:\/\/elrincondelquimico.com\/index.php?rest_route=%2Fwp%2Fv2%2Fproduct_brand&post=1350"},{"taxonomy":"product_cat","embeddable":true,"href":"https:\/\/elrincondelquimico.com\/index.php?rest_route=%2Fwp%2Fv2%2Fproduct_cat&post=1350"},{"taxonomy":"product_tag","embeddable":true,"href":"https:\/\/elrincondelquimico.com\/index.php?rest_route=%2Fwp%2Fv2%2Fproduct_tag&post=1350"}],"curies":[{"name":"wp","href":"https:\/\/api.w.org\/{rel}","templated":true}]}}