{"id":1348,"date":"2024-12-26T08:52:45","date_gmt":"2024-12-26T13:52:45","guid":{"rendered":"https:\/\/elrincondelquimico.com\/?post_type=product&#038;p=1348"},"modified":"2024-12-26T08:52:45","modified_gmt":"2024-12-26T13:52:45","slug":"sacarina-sodica-40-80-bolsa-x-1-kg-yunsheng","status":"publish","type":"product","link":"https:\/\/elrincondelquimico.com\/?product=sacarina-sodica-40-80-bolsa-x-1-kg-yunsheng","title":{"rendered":"SACARINA SODICA 40-80 BOLSA X 1 KG YUNSHENG"},"content":{"rendered":"<p>La sacarina s\u00f3dica (concentraci\u00f3n de 40-80) es un edulcorante artificial utilizado como sustituto del az\u00facar en una variedad de productos alimenticios y bebidas. Su principal uso es como un endulzante bajo en calor\u00edas, ya que es mucho m\u00e1s dulce que el az\u00facar, por lo que se necesita una cantidad mucho menor para obtener el mismo sabor dulce.<\/p>\n<p>&nbsp;<\/p>\n","protected":false},"excerpt":{"rendered":"<p>La sacarina s\u00f3dica (concentraci\u00f3n de 40-80) es un edulcorante artificial utilizado como sustituto del az\u00facar en una variedad de productos alimenticios y bebidas. Su principal uso es como un endulzante bajo en calor\u00edas, ya que es mucho m\u00e1s dulce que el az\u00facar, por lo que se necesita una cantidad mucho menor para obtener el mismo<\/p>\n<div class=\"more-link\">\n\t\t\t\t <a href=\"https:\/\/elrincondelquimico.com\/?product=sacarina-sodica-40-80-bolsa-x-1-kg-yunsheng\" class=\"link-btn\"><span>Continue Leyendo <\/span><i class=\"icofont-thin-double-right\"><\/i><\/a>\n\t\t\t<\/div>\n","protected":false},"featured_media":1349,"comment_status":"open","ping_status":"closed","template":"","meta":{"inline_featured_image":false},"product_brand":[],"product_cat":[124,21],"product_tag":[115,126,114,127,125],"class_list":{"0":"post-1348","1":"product","2":"type-product","3":"status-publish","4":"has-post-thumbnail","6":"product_cat-importado-reactivos-de-laboratorio","7":"product_cat-reactivos-de-laboratorio","8":"product_tag-chino","9":"product_tag-edulcorante","10":"product_tag-importado","11":"product_tag-reactivo","12":"product_tag-sacarina","14":"first","15":"instock","16":"shipping-taxable","17":"purchasable","18":"product-type-simple"},"blog_post_layout_featured_media_urls":{"thumbnail":["https:\/\/elrincondelquimico.com\/wp-content\/uploads\/2024\/12\/Captura-de-pantalla-2024-12-26-085220-150x150.png",150,150,true],"full":["https:\/\/elrincondelquimico.com\/wp-content\/uploads\/2024\/12\/Captura-de-pantalla-2024-12-26-085220.png",834,653,false]},"categories":null,"categories_names":null,"comments_number":"0","_links":{"self":[{"href":"https:\/\/elrincondelquimico.com\/index.php?rest_route=\/wp\/v2\/product\/1348","targetHints":{"allow":["GET"]}}],"collection":[{"href":"https:\/\/elrincondelquimico.com\/index.php?rest_route=\/wp\/v2\/product"}],"about":[{"href":"https:\/\/elrincondelquimico.com\/index.php?rest_route=\/wp\/v2\/types\/product"}],"replies":[{"embeddable":true,"href":"https:\/\/elrincondelquimico.com\/index.php?rest_route=%2Fwp%2Fv2%2Fcomments&post=1348"}],"wp:featuredmedia":[{"embeddable":true,"href":"https:\/\/elrincondelquimico.com\/index.php?rest_route=\/wp\/v2\/media\/1349"}],"wp:attachment":[{"href":"https:\/\/elrincondelquimico.com\/index.php?rest_route=%2Fwp%2Fv2%2Fmedia&parent=1348"}],"wp:term":[{"taxonomy":"product_brand","embeddable":true,"href":"https:\/\/elrincondelquimico.com\/index.php?rest_route=%2Fwp%2Fv2%2Fproduct_brand&post=1348"},{"taxonomy":"product_cat","embeddable":true,"href":"https:\/\/elrincondelquimico.com\/index.php?rest_route=%2Fwp%2Fv2%2Fproduct_cat&post=1348"},{"taxonomy":"product_tag","embeddable":true,"href":"https:\/\/elrincondelquimico.com\/index.php?rest_route=%2Fwp%2Fv2%2Fproduct_tag&post=1348"}],"curies":[{"name":"wp","href":"https:\/\/api.w.org\/{rel}","templated":true}]}}