{"id":1340,"date":"2024-12-24T09:00:34","date_gmt":"2024-12-24T14:00:34","guid":{"rendered":"https:\/\/elrincondelquimico.com\/?post_type=product&#038;p=1340"},"modified":"2024-12-24T09:00:34","modified_gmt":"2024-12-24T14:00:34","slug":"filtro-de-membrana-blanco-de-0-45-um-x-47-mm-cod-hawg047s6-caja-x-150-und","status":"publish","type":"product","link":"https:\/\/elrincondelquimico.com\/?product=filtro-de-membrana-blanco-de-0-45-um-x-47-mm-cod-hawg047s6-caja-x-150-und","title":{"rendered":"FILTRO DE MEMBRANA BLANCO DE 0.45 UM X 47 MM COD HAWG047S6 CAJA X 150 UND"},"content":{"rendered":"<p>Los filtros S-Pak de 0,45 \u00b5m y 47 mm de rejilla blanca est\u00e1n fabricados con \u00e9steres mixtos de celulosa y han sido optimizados para el an\u00e1lisis microbiol\u00f3gico del agua u otros l\u00edquidos mediante el m\u00e9todo MF.<\/p>\n<p>Aplicaci\u00f3n: An\u00e1lisis microbiol\u00f3gico, cerveza, agua embotellada, sidra, bebidas deportivas, vino<\/p>\n<p>Aplicaciones clave:<br \/>\nCl\u00ednica<br \/>\nCosm\u00e9tica<br \/>\nMedioambiental<br \/>\nAlimentos y bebidas<br \/>\nControl de calidad industrial<\/p>\n","protected":false},"excerpt":{"rendered":"<p>Los filtros S-Pak de 0,45 \u00b5m y 47 mm de rejilla blanca est\u00e1n fabricados con \u00e9steres mixtos de celulosa y han sido optimizados para el an\u00e1lisis microbiol\u00f3gico del agua u otros l\u00edquidos mediante el m\u00e9todo MF. Aplicaci\u00f3n: An\u00e1lisis microbiol\u00f3gico, cerveza, agua embotellada, sidra, bebidas deportivas, vino Aplicaciones clave: Cl\u00ednica Cosm\u00e9tica Medioambiental Alimentos y bebidas Control<\/p>\n<div class=\"more-link\">\n\t\t\t\t <a href=\"https:\/\/elrincondelquimico.com\/?product=filtro-de-membrana-blanco-de-0-45-um-x-47-mm-cod-hawg047s6-caja-x-150-und\" class=\"link-btn\"><span>Continue Leyendo <\/span><i class=\"icofont-thin-double-right\"><\/i><\/a>\n\t\t\t<\/div>\n","protected":false},"featured_media":1341,"comment_status":"open","ping_status":"closed","template":"","meta":{"inline_featured_image":false},"product_brand":[],"product_cat":[24,118],"product_tag":[120,53,122,119,121],"class_list":{"0":"post-1340","1":"product","2":"type-product","3":"status-publish","4":"has-post-thumbnail","6":"product_cat-material-de-laboratorio","7":"product_cat-merck","8":"product_tag-blanco","9":"product_tag-filtros","10":"product_tag-membrana","11":"product_tag-merck","12":"product_tag-millipore","14":"first","15":"instock","16":"shipping-taxable","17":"purchasable","18":"product-type-simple"},"blog_post_layout_featured_media_urls":{"thumbnail":["https:\/\/elrincondelquimico.com\/wp-content\/uploads\/2024\/12\/S-Pak-FiltersS-Pak-Filters-ALL-150x150.jpg",150,150,true],"full":["https:\/\/elrincondelquimico.com\/wp-content\/uploads\/2024\/12\/S-Pak-FiltersS-Pak-Filters-ALL.jpg",600,361,false]},"categories":null,"categories_names":null,"comments_number":"0","_links":{"self":[{"href":"https:\/\/elrincondelquimico.com\/index.php?rest_route=\/wp\/v2\/product\/1340","targetHints":{"allow":["GET"]}}],"collection":[{"href":"https:\/\/elrincondelquimico.com\/index.php?rest_route=\/wp\/v2\/product"}],"about":[{"href":"https:\/\/elrincondelquimico.com\/index.php?rest_route=\/wp\/v2\/types\/product"}],"replies":[{"embeddable":true,"href":"https:\/\/elrincondelquimico.com\/index.php?rest_route=%2Fwp%2Fv2%2Fcomments&post=1340"}],"wp:featuredmedia":[{"embeddable":true,"href":"https:\/\/elrincondelquimico.com\/index.php?rest_route=\/wp\/v2\/media\/1341"}],"wp:attachment":[{"href":"https:\/\/elrincondelquimico.com\/index.php?rest_route=%2Fwp%2Fv2%2Fmedia&parent=1340"}],"wp:term":[{"taxonomy":"product_brand","embeddable":true,"href":"https:\/\/elrincondelquimico.com\/index.php?rest_route=%2Fwp%2Fv2%2Fproduct_brand&post=1340"},{"taxonomy":"product_cat","embeddable":true,"href":"https:\/\/elrincondelquimico.com\/index.php?rest_route=%2Fwp%2Fv2%2Fproduct_cat&post=1340"},{"taxonomy":"product_tag","embeddable":true,"href":"https:\/\/elrincondelquimico.com\/index.php?rest_route=%2Fwp%2Fv2%2Fproduct_tag&post=1340"}],"curies":[{"name":"wp","href":"https:\/\/api.w.org\/{rel}","templated":true}]}}