{"id":1302,"date":"2024-12-22T16:32:17","date_gmt":"2024-12-22T21:32:17","guid":{"rendered":"https:\/\/elrincondelquimico.com\/?post_type=product&#038;p=1302"},"modified":"2025-04-01T13:01:11","modified_gmt":"2025-04-01T18:01:11","slug":"pipeta-pasteur-de-vidrio-de-225mm-caja-x-250-und-cod-084-01-002","status":"publish","type":"product","link":"https:\/\/elrincondelquimico.com\/?product=pipeta-pasteur-de-vidrio-de-225mm-caja-x-250-und-cod-084-01-002","title":{"rendered":"PIPETA PASTEUR DE VIDRIO DE 225MM CAJA X 250 UND COD 084.01.002 ISOLAB"},"content":{"rendered":"<p>Fabricado de polietileno de baja densidad. El espesor de pared uniforme garantiza una fuerza de succi\u00f3n uniforme en todo momento y permite tama\u00f1os de gota reproducibles para cada uso. Ideal para transferir y dispensar l\u00edquidos de forma segura, eliminando el<br \/>\nriesgo de contaminaciones cruzadas. La bombilla de pipeta requiere una fuerza de presi\u00f3n muy peque\u00f1a. El tallo largo y flexible se puede doblar para introducir l\u00edquidos de recipientes estrechos. Se presenta con graduaciones de volumen en relieve en el cuerpo.<\/p>\n","protected":false},"excerpt":{"rendered":"<p>Fabricado de polietileno de baja densidad. El espesor de pared uniforme garantiza una fuerza de succi\u00f3n uniforme en todo momento y permite tama\u00f1os de gota reproducibles para cada uso. Ideal para transferir y dispensar l\u00edquidos de forma segura, eliminando el riesgo de contaminaciones cruzadas. La bombilla de pipeta requiere una fuerza de presi\u00f3n muy peque\u00f1a.<\/p>\n<div class=\"more-link\">\n\t\t\t\t <a href=\"https:\/\/elrincondelquimico.com\/?product=pipeta-pasteur-de-vidrio-de-225mm-caja-x-250-und-cod-084-01-002\" class=\"link-btn\"><span>Continue Leyendo <\/span><i class=\"icofont-thin-double-right\"><\/i><\/a>\n\t\t\t<\/div>\n","protected":false},"featured_media":1303,"comment_status":"open","ping_status":"closed","template":"","meta":{"inline_featured_image":false},"product_brand":[],"product_cat":[27,87],"product_tag":[62,63,98,97,81],"class_list":{"0":"post-1302","1":"product","2":"type-product","3":"status-publish","4":"has-post-thumbnail","6":"product_cat-isolab","7":"product_cat-vidrio","8":"product_tag-aleman","9":"product_tag-isolab","10":"product_tag-pasteur","11":"product_tag-pipeta","12":"product_tag-vidrio","14":"first","15":"instock","16":"shipping-taxable","17":"purchasable","18":"product-type-simple"},"blog_post_layout_featured_media_urls":{"thumbnail":["https:\/\/elrincondelquimico.com\/wp-content\/uploads\/2024\/12\/isolab_pipettes_pasteur_glass_08401001-150x150.jpg",150,150,true],"full":["https:\/\/elrincondelquimico.com\/wp-content\/uploads\/2024\/12\/isolab_pipettes_pasteur_glass_08401001.jpg",800,800,false]},"categories":null,"categories_names":null,"comments_number":"0","_links":{"self":[{"href":"https:\/\/elrincondelquimico.com\/index.php?rest_route=\/wp\/v2\/product\/1302","targetHints":{"allow":["GET"]}}],"collection":[{"href":"https:\/\/elrincondelquimico.com\/index.php?rest_route=\/wp\/v2\/product"}],"about":[{"href":"https:\/\/elrincondelquimico.com\/index.php?rest_route=\/wp\/v2\/types\/product"}],"replies":[{"embeddable":true,"href":"https:\/\/elrincondelquimico.com\/index.php?rest_route=%2Fwp%2Fv2%2Fcomments&post=1302"}],"wp:featuredmedia":[{"embeddable":true,"href":"https:\/\/elrincondelquimico.com\/index.php?rest_route=\/wp\/v2\/media\/1303"}],"wp:attachment":[{"href":"https:\/\/elrincondelquimico.com\/index.php?rest_route=%2Fwp%2Fv2%2Fmedia&parent=1302"}],"wp:term":[{"taxonomy":"product_brand","embeddable":true,"href":"https:\/\/elrincondelquimico.com\/index.php?rest_route=%2Fwp%2Fv2%2Fproduct_brand&post=1302"},{"taxonomy":"product_cat","embeddable":true,"href":"https:\/\/elrincondelquimico.com\/index.php?rest_route=%2Fwp%2Fv2%2Fproduct_cat&post=1302"},{"taxonomy":"product_tag","embeddable":true,"href":"https:\/\/elrincondelquimico.com\/index.php?rest_route=%2Fwp%2Fv2%2Fproduct_tag&post=1302"}],"curies":[{"name":"wp","href":"https:\/\/api.w.org\/{rel}","templated":true}]}}