{"id":1290,"date":"2024-12-22T15:35:30","date_gmt":"2024-12-22T20:35:30","guid":{"rendered":"https:\/\/elrincondelquimico.com\/?post_type=product&#038;p=1290"},"modified":"2026-02-10T07:15:40","modified_gmt":"2026-02-10T12:15:40","slug":"probeta-de-vidrio-graduada-clase-a-de-500-ml-cod-015-01-500","status":"publish","type":"product","link":"https:\/\/elrincondelquimico.com\/?product=probeta-de-vidrio-graduada-clase-a-de-500-ml-cod-015-01-500","title":{"rendered":"PROBETA DE VIDRIO GRADUADA CLASE \u00abA\u00bb DE 500 ML COD 015.01.500 ISOLAB"},"content":{"rendered":"<p>Fabricado con vidrio de borosilicato 3.3 resistente al calor seg\u00fan la norma DIN EN ISO 4788. Calibrados por robots autom\u00e1ticos seg\u00fan<br \/>\nla norma DIN\/ISO Clase \u00abA\u00bb. Las inscripciones en los cuerpos de los frascos est\u00e1n impresas con esmalte color blanco de larga durabilidad. La base hexagonal con perillas reforzadas asegura una mayor estabilidad.<\/p>\n","protected":false},"excerpt":{"rendered":"<p>Fabricado con vidrio de borosilicato 3.3 resistente al calor seg\u00fan la norma DIN EN ISO 4788. Calibrados por robots autom\u00e1ticos seg\u00fan la norma DIN\/ISO Clase \u00abA\u00bb. Las inscripciones en los cuerpos de los frascos est\u00e1n impresas con esmalte color blanco de larga durabilidad. La base hexagonal con perillas reforzadas asegura una mayor estabilidad.<\/p>\n","protected":false},"featured_media":2191,"comment_status":"open","ping_status":"closed","template":"","meta":{"inline_featured_image":false},"product_brand":[],"product_cat":[27,87],"product_tag":[62,82,88,63,81],"class_list":{"0":"post-1290","1":"product","2":"type-product","3":"status-publish","4":"has-post-thumbnail","6":"product_cat-isolab","7":"product_cat-vidrio","8":"product_tag-aleman","9":"product_tag-boro","10":"product_tag-fiola","11":"product_tag-isolab","12":"product_tag-vidrio","14":"first","15":"instock","16":"shipping-taxable","17":"purchasable","18":"product-type-simple"},"blog_post_layout_featured_media_urls":{"thumbnail":["https:\/\/elrincondelquimico.com\/wp-content\/uploads\/2025\/05\/FORMATO-ISOLAB-77-150x150.jpg",150,150,true],"full":["https:\/\/elrincondelquimico.com\/wp-content\/uploads\/2025\/05\/FORMATO-ISOLAB-77.jpg",1338,1338,false]},"categories":null,"categories_names":null,"comments_number":"0","_links":{"self":[{"href":"https:\/\/elrincondelquimico.com\/index.php?rest_route=\/wp\/v2\/product\/1290","targetHints":{"allow":["GET"]}}],"collection":[{"href":"https:\/\/elrincondelquimico.com\/index.php?rest_route=\/wp\/v2\/product"}],"about":[{"href":"https:\/\/elrincondelquimico.com\/index.php?rest_route=\/wp\/v2\/types\/product"}],"replies":[{"embeddable":true,"href":"https:\/\/elrincondelquimico.com\/index.php?rest_route=%2Fwp%2Fv2%2Fcomments&post=1290"}],"wp:featuredmedia":[{"embeddable":true,"href":"https:\/\/elrincondelquimico.com\/index.php?rest_route=\/wp\/v2\/media\/2191"}],"wp:attachment":[{"href":"https:\/\/elrincondelquimico.com\/index.php?rest_route=%2Fwp%2Fv2%2Fmedia&parent=1290"}],"wp:term":[{"taxonomy":"product_brand","embeddable":true,"href":"https:\/\/elrincondelquimico.com\/index.php?rest_route=%2Fwp%2Fv2%2Fproduct_brand&post=1290"},{"taxonomy":"product_cat","embeddable":true,"href":"https:\/\/elrincondelquimico.com\/index.php?rest_route=%2Fwp%2Fv2%2Fproduct_cat&post=1290"},{"taxonomy":"product_tag","embeddable":true,"href":"https:\/\/elrincondelquimico.com\/index.php?rest_route=%2Fwp%2Fv2%2Fproduct_tag&post=1290"}],"curies":[{"name":"wp","href":"https:\/\/api.w.org\/{rel}","templated":true}]}}