{"id":1282,"date":"2024-12-20T23:59:30","date_gmt":"2024-12-21T04:59:30","guid":{"rendered":"https:\/\/elrincondelquimico.com\/?post_type=product&#038;p=1282"},"modified":"2025-10-22T12:29:17","modified_gmt":"2025-10-22T17:29:17","slug":"fiola-de-vidrio-ambar-aforada-clase-a-ns-24-29-de-1000-ml-cod-014-01-901","status":"publish","type":"product","link":"https:\/\/elrincondelquimico.com\/?product=fiola-de-vidrio-ambar-aforada-clase-a-ns-24-29-de-1000-ml-cod-014-01-901","title":{"rendered":"FIOLA DE VIDRIO AMBAR AFORADA CLASE \u00abA\u00bb NS 24\/29 DE 1000 ML COD 014.01.901 ISOLAB"},"content":{"rendered":"<p>Fabricado con vidrio de borosilicato 3.3 resistente al calor seg\u00fan la norma DIN EN ISO 1042. Calibrados por robots autom\u00e1ticos seg\u00fan la<br \/>\nnorma DIN\/ISO Clase \u00abA\u00bb. Las fiolas se suministran con un tap\u00f3n de P.E a prueba de fugas que garantiza un cierre perfecto<\/p>\n","protected":false},"excerpt":{"rendered":"<p>Fabricado con vidrio de borosilicato 3.3 resistente al calor seg\u00fan la norma DIN EN ISO 1042. Calibrados por robots autom\u00e1ticos seg\u00fan la norma DIN\/ISO Clase \u00abA\u00bb. Las fiolas se suministran con un tap\u00f3n de P.E a prueba de fugas que garantiza un cierre perfecto<\/p>\n","protected":false},"featured_media":2484,"comment_status":"open","ping_status":"closed","template":"","meta":{"inline_featured_image":false},"product_brand":[],"product_cat":[27,87],"product_tag":[62,82,88,63,81],"class_list":{"0":"post-1282","1":"product","2":"type-product","3":"status-publish","4":"has-post-thumbnail","6":"product_cat-isolab","7":"product_cat-vidrio","8":"product_tag-aleman","9":"product_tag-boro","10":"product_tag-fiola","11":"product_tag-isolab","12":"product_tag-vidrio","14":"first","15":"instock","16":"shipping-taxable","17":"purchasable","18":"product-type-simple"},"blog_post_layout_featured_media_urls":{"thumbnail":["https:\/\/elrincondelquimico.com\/wp-content\/uploads\/2025\/05\/FORMATO-ISOLAB-124-150x150.jpg",150,150,true],"full":["https:\/\/elrincondelquimico.com\/wp-content\/uploads\/2025\/05\/FORMATO-ISOLAB-124.jpg",1338,1338,false]},"categories":null,"categories_names":null,"comments_number":"0","_links":{"self":[{"href":"https:\/\/elrincondelquimico.com\/index.php?rest_route=\/wp\/v2\/product\/1282","targetHints":{"allow":["GET"]}}],"collection":[{"href":"https:\/\/elrincondelquimico.com\/index.php?rest_route=\/wp\/v2\/product"}],"about":[{"href":"https:\/\/elrincondelquimico.com\/index.php?rest_route=\/wp\/v2\/types\/product"}],"replies":[{"embeddable":true,"href":"https:\/\/elrincondelquimico.com\/index.php?rest_route=%2Fwp%2Fv2%2Fcomments&post=1282"}],"wp:featuredmedia":[{"embeddable":true,"href":"https:\/\/elrincondelquimico.com\/index.php?rest_route=\/wp\/v2\/media\/2484"}],"wp:attachment":[{"href":"https:\/\/elrincondelquimico.com\/index.php?rest_route=%2Fwp%2Fv2%2Fmedia&parent=1282"}],"wp:term":[{"taxonomy":"product_brand","embeddable":true,"href":"https:\/\/elrincondelquimico.com\/index.php?rest_route=%2Fwp%2Fv2%2Fproduct_brand&post=1282"},{"taxonomy":"product_cat","embeddable":true,"href":"https:\/\/elrincondelquimico.com\/index.php?rest_route=%2Fwp%2Fv2%2Fproduct_cat&post=1282"},{"taxonomy":"product_tag","embeddable":true,"href":"https:\/\/elrincondelquimico.com\/index.php?rest_route=%2Fwp%2Fv2%2Fproduct_tag&post=1282"}],"curies":[{"name":"wp","href":"https:\/\/api.w.org\/{rel}","templated":true}]}}