{"id":1234,"date":"2024-12-20T15:17:49","date_gmt":"2024-12-20T20:17:49","guid":{"rendered":"https:\/\/elrincondelquimico.com\/?post_type=product&#038;p=1234"},"modified":"2025-12-18T14:11:49","modified_gmt":"2025-12-18T19:11:49","slug":"peroxido-de-hidrogeno-al-50-pa-galon-x-4-lt","status":"publish","type":"product","link":"https:\/\/elrincondelquimico.com\/?product=peroxido-de-hidrogeno-al-50-pa-galon-x-4-lt","title":{"rendered":"PEROXIDO DE HIDROGENO AL 50% PA GALON X 4 LT BIOLAB"},"content":{"rendered":"<p>El per\u00f3xido de hidr\u00f3geno (H\u2082O\u2082) al 50% es una soluci\u00f3n concentrada que se utiliza en una variedad de aplicaciones, pero debido a su alta concentraci\u00f3n, debe ser manejado con precauci\u00f3n. Algunas de las principales \u00e1reas de uso son:<\/p>\n<p><strong>Desinfecci\u00f3n de aguas residuales<\/strong>: El per\u00f3xido de hidr\u00f3geno al 50% se utiliza para el tratamiento de aguas industriales y en la desinfecci\u00f3n de aguas residuales, ya que act\u00faa como un fuerte oxidante.<\/p>\n<p><strong>Eliminaci\u00f3n de contaminantes<\/strong>: Ayuda a descomponer compuestos org\u00e1nicos e inorg\u00e1nicos en el agua.<\/p>\n<p><strong>Desinfecci\u00f3n de superficies y equipos<\/strong>: En algunas plantas de procesamiento de alimentos, se utiliza para desinfectar superficies, aunque debe manejarse con cuidado debido a su alta concentraci\u00f3n.<\/p>\n<p><strong>Desinfecci\u00f3n de frutas y vegetales<\/strong>: En ciertos casos, se usa diluido para la sanitizaci\u00f3n de productos frescos.<\/p>\n","protected":false},"excerpt":{"rendered":"<p>El per\u00f3xido de hidr\u00f3geno (H\u2082O\u2082) al 50% es una soluci\u00f3n concentrada que se utiliza en una variedad de aplicaciones, pero debido a su alta concentraci\u00f3n, debe ser manejado con precauci\u00f3n. Algunas de las principales \u00e1reas de uso son: Desinfecci\u00f3n de aguas residuales: El per\u00f3xido de hidr\u00f3geno al 50% se utiliza para el tratamiento de aguas<\/p>\n<div class=\"more-link\">\n\t\t\t\t <a href=\"https:\/\/elrincondelquimico.com\/?product=peroxido-de-hidrogeno-al-50-pa-galon-x-4-lt\" class=\"link-btn\"><span>Continue Leyendo <\/span><i class=\"icofont-thin-double-right\"><\/i><\/a>\n\t\t\t<\/div>\n","protected":false},"featured_media":1235,"comment_status":"open","ping_status":"closed","template":"","meta":{"inline_featured_image":false},"product_brand":[],"product_cat":[64],"product_tag":[86,84,85,83],"class_list":{"0":"post-1234","1":"product","2":"type-product","3":"status-publish","4":"has-post-thumbnail","6":"product_cat-biolab","7":"product_tag-analisis","8":"product_tag-bioba","9":"product_tag-hidrogeno","10":"product_tag-peroxido","12":"first","13":"instock","14":"shipping-taxable","15":"purchasable","16":"product-type-simple"},"blog_post_layout_featured_media_urls":{"thumbnail":["https:\/\/elrincondelquimico.com\/wp-content\/uploads\/2024\/12\/Captura-de-pantalla-2024-12-20-151557-150x150.png",150,150,true],"full":["https:\/\/elrincondelquimico.com\/wp-content\/uploads\/2024\/12\/Captura-de-pantalla-2024-12-20-151557.png",296,328,false]},"categories":null,"categories_names":null,"comments_number":"0","_links":{"self":[{"href":"https:\/\/elrincondelquimico.com\/index.php?rest_route=\/wp\/v2\/product\/1234","targetHints":{"allow":["GET"]}}],"collection":[{"href":"https:\/\/elrincondelquimico.com\/index.php?rest_route=\/wp\/v2\/product"}],"about":[{"href":"https:\/\/elrincondelquimico.com\/index.php?rest_route=\/wp\/v2\/types\/product"}],"replies":[{"embeddable":true,"href":"https:\/\/elrincondelquimico.com\/index.php?rest_route=%2Fwp%2Fv2%2Fcomments&post=1234"}],"wp:featuredmedia":[{"embeddable":true,"href":"https:\/\/elrincondelquimico.com\/index.php?rest_route=\/wp\/v2\/media\/1235"}],"wp:attachment":[{"href":"https:\/\/elrincondelquimico.com\/index.php?rest_route=%2Fwp%2Fv2%2Fmedia&parent=1234"}],"wp:term":[{"taxonomy":"product_brand","embeddable":true,"href":"https:\/\/elrincondelquimico.com\/index.php?rest_route=%2Fwp%2Fv2%2Fproduct_brand&post=1234"},{"taxonomy":"product_cat","embeddable":true,"href":"https:\/\/elrincondelquimico.com\/index.php?rest_route=%2Fwp%2Fv2%2Fproduct_cat&post=1234"},{"taxonomy":"product_tag","embeddable":true,"href":"https:\/\/elrincondelquimico.com\/index.php?rest_route=%2Fwp%2Fv2%2Fproduct_tag&post=1234"}],"curies":[{"name":"wp","href":"https:\/\/api.w.org\/{rel}","templated":true}]}}