{"id":1222,"date":"2024-12-20T00:23:46","date_gmt":"2024-12-20T05:23:46","guid":{"rendered":"https:\/\/elrincondelquimico.com\/?post_type=product&#038;p=1222"},"modified":"2024-12-20T00:23:46","modified_gmt":"2024-12-20T05:23:46","slug":"cartucho-para-particulas-gases-rosado-2097-3m","status":"publish","type":"product","link":"https:\/\/elrincondelquimico.com\/?product=cartucho-para-particulas-gases-rosado-2097-3m","title":{"rendered":"CARTUCHO PARA PARTICULAS\/GASES ROSADO 2097 3M"},"content":{"rendered":"<p>El<strong>\u00a0Filtro para Part\u00edculas 2097, P100<\/strong>, aprobado por NIOSH para ambientes que contengan determinadas aceite y las part\u00edculas sin aceite. Se recomienda para el alivio contra vapores org\u00e1nicos, el nivel de molestia y de la protecci\u00f3n del ozono hasta PEL OSHA 10 veces. Uso con respiradores reutilizables 3M\u2122<\/p>\n<ul>\n<li aria-level=\"1\">Pieza Facial: Pol\u00edmero sint\u00e9tico.<\/li>\n<li aria-level=\"1\">Elemento filtrante: Tela no tejida de polipropileno y poli\u00e9ster.<\/li>\n<li aria-level=\"1\">Carb\u00f3n activado.<\/li>\n<li aria-level=\"1\">Color: Fucsia.<\/li>\n<li aria-level=\"1\">Peso aproximado: 15 g. aprox.<\/li>\n<\/ul>\n","protected":false},"excerpt":{"rendered":"<p>El\u00a0Filtro para Part\u00edculas 2097, P100, aprobado por NIOSH para ambientes que contengan determinadas aceite y las part\u00edculas sin aceite. Se recomienda para el alivio contra vapores org\u00e1nicos, el nivel de molestia y de la protecci\u00f3n del ozono hasta PEL OSHA 10 veces. Uso con respiradores reutilizables 3M\u2122 Pieza Facial: Pol\u00edmero sint\u00e9tico. Elemento filtrante: Tela no<\/p>\n<div class=\"more-link\">\n\t\t\t\t <a href=\"https:\/\/elrincondelquimico.com\/?product=cartucho-para-particulas-gases-rosado-2097-3m\" class=\"link-btn\"><span>Continue Leyendo <\/span><i class=\"icofont-thin-double-right\"><\/i><\/a>\n\t\t\t<\/div>\n","protected":false},"featured_media":1223,"comment_status":"open","ping_status":"closed","template":"","meta":{"inline_featured_image":false},"product_brand":[],"product_cat":[40],"product_tag":[44,77,53,79],"class_list":{"0":"post-1222","1":"product","2":"type-product","3":"status-publish","4":"has-post-thumbnail","6":"product_cat-3m","7":"product_tag-3m","8":"product_tag-cartuchos","9":"product_tag-filtros","10":"product_tag-rosado","12":"first","13":"instock","14":"shipping-taxable","15":"purchasable","16":"product-type-simple"},"blog_post_layout_featured_media_urls":{"thumbnail":["https:\/\/elrincondelquimico.com\/wp-content\/uploads\/2024\/12\/Captura-de-pantalla-2024-12-20-002105-150x150.png",150,150,true],"full":["https:\/\/elrincondelquimico.com\/wp-content\/uploads\/2024\/12\/Captura-de-pantalla-2024-12-20-002105.png",662,612,false]},"categories":null,"categories_names":null,"comments_number":"0","_links":{"self":[{"href":"https:\/\/elrincondelquimico.com\/index.php?rest_route=\/wp\/v2\/product\/1222","targetHints":{"allow":["GET"]}}],"collection":[{"href":"https:\/\/elrincondelquimico.com\/index.php?rest_route=\/wp\/v2\/product"}],"about":[{"href":"https:\/\/elrincondelquimico.com\/index.php?rest_route=\/wp\/v2\/types\/product"}],"replies":[{"embeddable":true,"href":"https:\/\/elrincondelquimico.com\/index.php?rest_route=%2Fwp%2Fv2%2Fcomments&post=1222"}],"wp:featuredmedia":[{"embeddable":true,"href":"https:\/\/elrincondelquimico.com\/index.php?rest_route=\/wp\/v2\/media\/1223"}],"wp:attachment":[{"href":"https:\/\/elrincondelquimico.com\/index.php?rest_route=%2Fwp%2Fv2%2Fmedia&parent=1222"}],"wp:term":[{"taxonomy":"product_brand","embeddable":true,"href":"https:\/\/elrincondelquimico.com\/index.php?rest_route=%2Fwp%2Fv2%2Fproduct_brand&post=1222"},{"taxonomy":"product_cat","embeddable":true,"href":"https:\/\/elrincondelquimico.com\/index.php?rest_route=%2Fwp%2Fv2%2Fproduct_cat&post=1222"},{"taxonomy":"product_tag","embeddable":true,"href":"https:\/\/elrincondelquimico.com\/index.php?rest_route=%2Fwp%2Fv2%2Fproduct_tag&post=1222"}],"curies":[{"name":"wp","href":"https:\/\/api.w.org\/{rel}","templated":true}]}}