{"id":1216,"date":"2024-12-19T23:57:43","date_gmt":"2024-12-20T04:57:43","guid":{"rendered":"https:\/\/elrincondelquimico.com\/?post_type=product&#038;p=1216"},"modified":"2025-12-18T14:11:57","modified_gmt":"2025-12-18T19:11:57","slug":"iodato-de-sodio-x-100-gr-cod-859245","status":"publish","type":"product","link":"https:\/\/elrincondelquimico.com\/?product=iodato-de-sodio-x-100-gr-cod-859245","title":{"rendered":"IODATO DE SODIO X 100 GR COD 859245 BIOLAB"},"content":{"rendered":"<p>El Iodato de sodio tiene varias aplicaciones importantes en diferentes campos debido a sus propiedades qu\u00edmicas. Fortificaci\u00f3n de sal, agente oxidante.<br \/>\nF\u00f3rmula: NaIO3<br \/>\nCAS: 76811-55-2<br \/>\nMarca: BIOLAB<br \/>\nProcedencia: ARGENTINA<\/p>\n","protected":false},"excerpt":{"rendered":"<p>El Iodato de sodio tiene varias aplicaciones importantes en diferentes campos debido a sus propiedades qu\u00edmicas. Fortificaci\u00f3n de sal, agente oxidante. F\u00f3rmula: NaIO3 CAS: 76811-55-2 Marca: BIOLAB Procedencia: ARGENTINA<\/p>\n","protected":false},"featured_media":1217,"comment_status":"open","ping_status":"closed","template":"","meta":{"inline_featured_image":false},"product_brand":[],"product_cat":[64],"product_tag":[],"class_list":{"0":"post-1216","1":"product","2":"type-product","3":"status-publish","4":"has-post-thumbnail","6":"product_cat-biolab","8":"first","9":"instock","10":"shipping-taxable","11":"purchasable","12":"product-type-simple"},"blog_post_layout_featured_media_urls":{"thumbnail":["https:\/\/elrincondelquimico.com\/wp-content\/uploads\/2024\/12\/WhatsApp-Image-2024-12-19-at-11.52.31-PM-150x150.jpeg",150,150,true],"full":["https:\/\/elrincondelquimico.com\/wp-content\/uploads\/2024\/12\/WhatsApp-Image-2024-12-19-at-11.52.31-PM.jpeg",797,1600,false]},"categories":null,"categories_names":null,"comments_number":"0","_links":{"self":[{"href":"https:\/\/elrincondelquimico.com\/index.php?rest_route=\/wp\/v2\/product\/1216","targetHints":{"allow":["GET"]}}],"collection":[{"href":"https:\/\/elrincondelquimico.com\/index.php?rest_route=\/wp\/v2\/product"}],"about":[{"href":"https:\/\/elrincondelquimico.com\/index.php?rest_route=\/wp\/v2\/types\/product"}],"replies":[{"embeddable":true,"href":"https:\/\/elrincondelquimico.com\/index.php?rest_route=%2Fwp%2Fv2%2Fcomments&post=1216"}],"wp:featuredmedia":[{"embeddable":true,"href":"https:\/\/elrincondelquimico.com\/index.php?rest_route=\/wp\/v2\/media\/1217"}],"wp:attachment":[{"href":"https:\/\/elrincondelquimico.com\/index.php?rest_route=%2Fwp%2Fv2%2Fmedia&parent=1216"}],"wp:term":[{"taxonomy":"product_brand","embeddable":true,"href":"https:\/\/elrincondelquimico.com\/index.php?rest_route=%2Fwp%2Fv2%2Fproduct_brand&post=1216"},{"taxonomy":"product_cat","embeddable":true,"href":"https:\/\/elrincondelquimico.com\/index.php?rest_route=%2Fwp%2Fv2%2Fproduct_cat&post=1216"},{"taxonomy":"product_tag","embeddable":true,"href":"https:\/\/elrincondelquimico.com\/index.php?rest_route=%2Fwp%2Fv2%2Fproduct_tag&post=1216"}],"curies":[{"name":"wp","href":"https:\/\/api.w.org\/{rel}","templated":true}]}}