{"id":1214,"date":"2024-12-19T23:51:48","date_gmt":"2024-12-20T04:51:48","guid":{"rendered":"https:\/\/elrincondelquimico.com\/?post_type=product&#038;p=1214"},"modified":"2025-12-18T14:12:04","modified_gmt":"2025-12-18T19:12:04","slug":"cromato-de-potasio-pa-x-500-gr-cod-20086231","status":"publish","type":"product","link":"https:\/\/elrincondelquimico.com\/?product=cromato-de-potasio-pa-x-500-gr-cod-20086231","title":{"rendered":"CROMATO DE POTASIO PA X 500 GR COD 20086231 BIOLAB"},"content":{"rendered":"<p>El cromato de potasio es un compuesto qu\u00edmico inorg\u00e1nico que se utiliza principalmente en aplicaciones industriales y anal\u00edticas.<br \/>\nFormula: K2CRO4<br \/>\nCAS: 7789-00-6<br \/>\nMarca: BIOLAB<br \/>\nProcedencia: ARGENTINA<\/p>\n","protected":false},"excerpt":{"rendered":"<p>Cromato de potasio<\/p>\n","protected":false},"featured_media":1215,"comment_status":"open","ping_status":"closed","template":"","meta":{"inline_featured_image":false},"product_brand":[],"product_cat":[64],"product_tag":[74,65,73,68],"class_list":{"0":"post-1214","1":"product","2":"type-product","3":"status-publish","4":"has-post-thumbnail","6":"product_cat-biolab","7":"product_tag-analitico","8":"product_tag-biolab","9":"product_tag-cromato","10":"product_tag-reactivos","12":"first","13":"instock","14":"shipping-taxable","15":"purchasable","16":"product-type-simple"},"blog_post_layout_featured_media_urls":{"thumbnail":["https:\/\/elrincondelquimico.com\/wp-content\/uploads\/2024\/12\/WhatsApp-Image-2024-12-19-at-11.48.24-PM-150x150.jpeg",150,150,true],"full":["https:\/\/elrincondelquimico.com\/wp-content\/uploads\/2024\/12\/WhatsApp-Image-2024-12-19-at-11.48.24-PM.jpeg",1200,1600,false]},"categories":null,"categories_names":null,"comments_number":"0","_links":{"self":[{"href":"https:\/\/elrincondelquimico.com\/index.php?rest_route=\/wp\/v2\/product\/1214","targetHints":{"allow":["GET"]}}],"collection":[{"href":"https:\/\/elrincondelquimico.com\/index.php?rest_route=\/wp\/v2\/product"}],"about":[{"href":"https:\/\/elrincondelquimico.com\/index.php?rest_route=\/wp\/v2\/types\/product"}],"replies":[{"embeddable":true,"href":"https:\/\/elrincondelquimico.com\/index.php?rest_route=%2Fwp%2Fv2%2Fcomments&post=1214"}],"wp:featuredmedia":[{"embeddable":true,"href":"https:\/\/elrincondelquimico.com\/index.php?rest_route=\/wp\/v2\/media\/1215"}],"wp:attachment":[{"href":"https:\/\/elrincondelquimico.com\/index.php?rest_route=%2Fwp%2Fv2%2Fmedia&parent=1214"}],"wp:term":[{"taxonomy":"product_brand","embeddable":true,"href":"https:\/\/elrincondelquimico.com\/index.php?rest_route=%2Fwp%2Fv2%2Fproduct_brand&post=1214"},{"taxonomy":"product_cat","embeddable":true,"href":"https:\/\/elrincondelquimico.com\/index.php?rest_route=%2Fwp%2Fv2%2Fproduct_cat&post=1214"},{"taxonomy":"product_tag","embeddable":true,"href":"https:\/\/elrincondelquimico.com\/index.php?rest_route=%2Fwp%2Fv2%2Fproduct_tag&post=1214"}],"curies":[{"name":"wp","href":"https:\/\/api.w.org\/{rel}","templated":true}]}}