{"id":1212,"date":"2024-12-19T23:42:57","date_gmt":"2024-12-20T04:42:57","guid":{"rendered":"https:\/\/elrincondelquimico.com\/?post_type=product&#038;p=1212"},"modified":"2025-12-18T14:12:11","modified_gmt":"2025-12-18T19:12:11","slug":"acido-2-tiobarbiturico-x-25-gr-cod-20062160","status":"publish","type":"product","link":"https:\/\/elrincondelquimico.com\/?product=acido-2-tiobarbiturico-x-25-gr-cod-20062160","title":{"rendered":"ACIDO 2-TIOBARBITURICO X 25 GR COD 20062160 BIOLAB"},"content":{"rendered":"<p>Es un compuesto qu\u00edmico que se utiliza principalmente en aplicaciones anal\u00edticas, especialmente en la determinaci\u00f3n de sustancias relacionadas con la oxidaci\u00f3n de l\u00edpidos.<br \/>\nF\u00f3rmula: C4H4N2O2S<br \/>\nCAS:504-17-6<br \/>\nMARCA: BIOLAB<br \/>\nPROCEDENCIA: ARGENTINA<\/p>\n","protected":false},"excerpt":{"rendered":"<p>Es un compuesto qu\u00edmico que se utiliza principalmente en aplicaciones anal\u00edticas, especialmente en la determinaci\u00f3n de sustancias relacionadas con la oxidaci\u00f3n de l\u00edpidos. F\u00f3rmula: C4H4N2O2S CAS:504-17-6 MARCA: BIOLAB PROCEDENCIA: ARGENTINA<\/p>\n","protected":false},"featured_media":1213,"comment_status":"open","ping_status":"closed","template":"","meta":{"inline_featured_image":false},"product_brand":[],"product_cat":[64],"product_tag":[71,65,68,72],"class_list":{"0":"post-1212","1":"product","2":"type-product","3":"status-publish","4":"has-post-thumbnail","6":"product_cat-biolab","7":"product_tag-acido","8":"product_tag-biolab","9":"product_tag-reactivos","10":"product_tag-tiobarbiturico","12":"first","13":"instock","14":"shipping-taxable","15":"purchasable","16":"product-type-simple"},"blog_post_layout_featured_media_urls":{"thumbnail":["https:\/\/elrincondelquimico.com\/wp-content\/uploads\/2024\/12\/WhatsApp-Image-2024-12-19-at-11.36.13-PM-150x150.jpeg",150,150,true],"full":["https:\/\/elrincondelquimico.com\/wp-content\/uploads\/2024\/12\/WhatsApp-Image-2024-12-19-at-11.36.13-PM.jpeg",830,1074,false]},"categories":null,"categories_names":null,"comments_number":"0","_links":{"self":[{"href":"https:\/\/elrincondelquimico.com\/index.php?rest_route=\/wp\/v2\/product\/1212","targetHints":{"allow":["GET"]}}],"collection":[{"href":"https:\/\/elrincondelquimico.com\/index.php?rest_route=\/wp\/v2\/product"}],"about":[{"href":"https:\/\/elrincondelquimico.com\/index.php?rest_route=\/wp\/v2\/types\/product"}],"replies":[{"embeddable":true,"href":"https:\/\/elrincondelquimico.com\/index.php?rest_route=%2Fwp%2Fv2%2Fcomments&post=1212"}],"wp:featuredmedia":[{"embeddable":true,"href":"https:\/\/elrincondelquimico.com\/index.php?rest_route=\/wp\/v2\/media\/1213"}],"wp:attachment":[{"href":"https:\/\/elrincondelquimico.com\/index.php?rest_route=%2Fwp%2Fv2%2Fmedia&parent=1212"}],"wp:term":[{"taxonomy":"product_brand","embeddable":true,"href":"https:\/\/elrincondelquimico.com\/index.php?rest_route=%2Fwp%2Fv2%2Fproduct_brand&post=1212"},{"taxonomy":"product_cat","embeddable":true,"href":"https:\/\/elrincondelquimico.com\/index.php?rest_route=%2Fwp%2Fv2%2Fproduct_cat&post=1212"},{"taxonomy":"product_tag","embeddable":true,"href":"https:\/\/elrincondelquimico.com\/index.php?rest_route=%2Fwp%2Fv2%2Fproduct_tag&post=1212"}],"curies":[{"name":"wp","href":"https:\/\/api.w.org\/{rel}","templated":true}]}}