{"id":1198,"date":"2024-12-18T15:49:41","date_gmt":"2024-12-18T20:49:41","guid":{"rendered":"https:\/\/elrincondelquimico.com\/?post_type=product&#038;p=1198"},"modified":"2025-11-12T01:19:39","modified_gmt":"2025-11-12T06:19:39","slug":"respirador-de-media-cara-serie-6000","status":"publish","type":"product","link":"https:\/\/elrincondelquimico.com\/?product=respirador-de-media-cara-serie-6000","title":{"rendered":"RESPIRADOR DE MEDIA CARA SERIE 6000"},"content":{"rendered":"<p>La pieza facial Serie 6000 de bajo mantenimiento de Media Cara de filtros reemplazables ayuda a lograr un buen ajuste en distintas configuraciones faciales gracias a la disposici\u00f3n de tres tama\u00f1os (S, M y L). Su dise\u00f1o de bajo perfil le permite ser usado con otros implementos de seguridad, sus v\u00e1lvulas de exhalaci\u00f3n e inhalaci\u00f3n extra grandes permiten tener una menor resistencia a la respiraci\u00f3n y el dise\u00f1o de sus cartuchos le permiten una mejor distribuci\u00f3n del peso lo que incrementa la comodidad al usarlo.<br \/>\nMedia Cara 6100 (talla S)<br \/>\nMedia Cara 6200 (talla M)<br \/>\nMedia Cara 6300 (talla L)<\/p>\n","protected":false},"excerpt":{"rendered":"<p>Respiradores de la marca 3m<\/p>\n","protected":false},"featured_media":1199,"comment_status":"open","ping_status":"closed","template":"","meta":{"inline_featured_image":false},"product_brand":[],"product_cat":[40],"product_tag":[44,53,52,54],"class_list":{"0":"post-1198","1":"product","2":"type-product","3":"status-publish","4":"has-post-thumbnail","6":"product_cat-3m","7":"product_tag-3m","8":"product_tag-filtros","9":"product_tag-respirador","10":"product_tag-seguridad","12":"first","13":"instock","14":"shipping-taxable","15":"purchasable","16":"product-type-simple"},"blog_post_layout_featured_media_urls":{"thumbnail":["https:\/\/elrincondelquimico.com\/wp-content\/uploads\/2024\/12\/respirador-3m-6200-150x150.jpg",150,150,true],"full":["https:\/\/elrincondelquimico.com\/wp-content\/uploads\/2024\/12\/respirador-3m-6200.jpg",500,500,false]},"categories":null,"categories_names":null,"comments_number":"0","_links":{"self":[{"href":"https:\/\/elrincondelquimico.com\/index.php?rest_route=\/wp\/v2\/product\/1198","targetHints":{"allow":["GET"]}}],"collection":[{"href":"https:\/\/elrincondelquimico.com\/index.php?rest_route=\/wp\/v2\/product"}],"about":[{"href":"https:\/\/elrincondelquimico.com\/index.php?rest_route=\/wp\/v2\/types\/product"}],"replies":[{"embeddable":true,"href":"https:\/\/elrincondelquimico.com\/index.php?rest_route=%2Fwp%2Fv2%2Fcomments&post=1198"}],"wp:featuredmedia":[{"embeddable":true,"href":"https:\/\/elrincondelquimico.com\/index.php?rest_route=\/wp\/v2\/media\/1199"}],"wp:attachment":[{"href":"https:\/\/elrincondelquimico.com\/index.php?rest_route=%2Fwp%2Fv2%2Fmedia&parent=1198"}],"wp:term":[{"taxonomy":"product_brand","embeddable":true,"href":"https:\/\/elrincondelquimico.com\/index.php?rest_route=%2Fwp%2Fv2%2Fproduct_brand&post=1198"},{"taxonomy":"product_cat","embeddable":true,"href":"https:\/\/elrincondelquimico.com\/index.php?rest_route=%2Fwp%2Fv2%2Fproduct_cat&post=1198"},{"taxonomy":"product_tag","embeddable":true,"href":"https:\/\/elrincondelquimico.com\/index.php?rest_route=%2Fwp%2Fv2%2Fproduct_tag&post=1198"}],"curies":[{"name":"wp","href":"https:\/\/api.w.org\/{rel}","templated":true}]}}