{"id":1186,"date":"2024-12-18T11:02:13","date_gmt":"2024-12-18T16:02:13","guid":{"rendered":"https:\/\/elrincondelquimico.com\/?post_type=product&#038;p=1186"},"modified":"2025-11-12T01:18:35","modified_gmt":"2025-11-12T06:18:35","slug":"cinta-para-esterilizacion-autoclavado-18mm-cod-1322","status":"publish","type":"product","link":"https:\/\/elrincondelquimico.com\/?product=cinta-para-esterilizacion-autoclavado-18mm-cod-1322","title":{"rendered":"CINTA PARA ESTERILIZACI\u00d3N AUTOCLAVADO 18MM COD 1322"},"content":{"rendered":"<p>Como supervisoras de la exposici\u00f3n, las cintas adhesivas indicadoras 3M\u2122 Comply sellan los paquetes con seguridad y permiten al personal encargado de esterilizaci\u00f3n y de quir\u00f3fano saber a simple vista qu\u00e9 paquetes se han expuesto al proceso de esterilizaci\u00f3n. La tinta indicadora qu\u00edmica, impresa en l\u00edneas diagonales, cambia de color o se oscurece cuando se expone al proceso de esterilizaci\u00f3n.<\/p>\n","protected":false},"excerpt":{"rendered":"<p>Cinta de esterilizaci\u00f3n vapor h\u00famedo.<\/p>\n","protected":false},"featured_media":1187,"comment_status":"open","ping_status":"closed","template":"","meta":{"inline_featured_image":false},"product_brand":[],"product_cat":[40],"product_tag":[44,45,46,47],"class_list":{"0":"post-1186","1":"product","2":"type-product","3":"status-publish","4":"has-post-thumbnail","6":"product_cat-3m","7":"product_tag-3m","8":"product_tag-cintas","9":"product_tag-esterilizar","10":"product_tag-vapor","12":"first","13":"instock","14":"shipping-taxable","15":"purchasable","16":"product-type-simple"},"blog_post_layout_featured_media_urls":{"thumbnail":["https:\/\/elrincondelquimico.com\/wp-content\/uploads\/2024\/12\/Captura-de-pantalla-2024-12-18-110101-150x150.png",150,150,true],"full":["https:\/\/elrincondelquimico.com\/wp-content\/uploads\/2024\/12\/Captura-de-pantalla-2024-12-18-110101.png",408,435,false]},"categories":null,"categories_names":null,"comments_number":"0","_links":{"self":[{"href":"https:\/\/elrincondelquimico.com\/index.php?rest_route=\/wp\/v2\/product\/1186","targetHints":{"allow":["GET"]}}],"collection":[{"href":"https:\/\/elrincondelquimico.com\/index.php?rest_route=\/wp\/v2\/product"}],"about":[{"href":"https:\/\/elrincondelquimico.com\/index.php?rest_route=\/wp\/v2\/types\/product"}],"replies":[{"embeddable":true,"href":"https:\/\/elrincondelquimico.com\/index.php?rest_route=%2Fwp%2Fv2%2Fcomments&post=1186"}],"wp:featuredmedia":[{"embeddable":true,"href":"https:\/\/elrincondelquimico.com\/index.php?rest_route=\/wp\/v2\/media\/1187"}],"wp:attachment":[{"href":"https:\/\/elrincondelquimico.com\/index.php?rest_route=%2Fwp%2Fv2%2Fmedia&parent=1186"}],"wp:term":[{"taxonomy":"product_brand","embeddable":true,"href":"https:\/\/elrincondelquimico.com\/index.php?rest_route=%2Fwp%2Fv2%2Fproduct_brand&post=1186"},{"taxonomy":"product_cat","embeddable":true,"href":"https:\/\/elrincondelquimico.com\/index.php?rest_route=%2Fwp%2Fv2%2Fproduct_cat&post=1186"},{"taxonomy":"product_tag","embeddable":true,"href":"https:\/\/elrincondelquimico.com\/index.php?rest_route=%2Fwp%2Fv2%2Fproduct_tag&post=1186"}],"curies":[{"name":"wp","href":"https:\/\/api.w.org\/{rel}","templated":true}]}}