{"id":1183,"date":"2024-12-18T10:57:46","date_gmt":"2024-12-18T15:57:46","guid":{"rendered":"https:\/\/elrincondelquimico.com\/?post_type=product&#038;p=1183"},"modified":"2025-01-02T15:10:28","modified_gmt":"2025-01-02T20:10:28","slug":"petrifilm-salmonella-express-plates-paq-x-50-und-cod-6536","status":"publish","type":"product","link":"https:\/\/elrincondelquimico.com\/?product=petrifilm-salmonella-express-plates-paq-x-50-und-cod-6536","title":{"rendered":"PETRIFILM SALMONELLA EXPRESS PLATES PAQ X 50 UND COD 6536"},"content":{"rendered":"<p>El sistema Neogen\u00ae Petrifilm\u00ae Salmonella Express (SALX) se utiliza para la detecci\u00f3n cualitativa r\u00e1pida y la confirmaci\u00f3n bioqu\u00edmica de especies de Salmonella en muestras ambientales de alimentos y procesos alimentarios enriquecidos<\/p>\n","protected":false},"excerpt":{"rendered":"<p>Petrifilm salmonella<\/p>\n","protected":false},"featured_media":1184,"comment_status":"open","ping_status":"closed","template":"","meta":{"inline_featured_image":false},"product_brand":[],"product_cat":[40],"product_tag":[44,41,42,43],"class_list":{"0":"post-1183","1":"product","2":"type-product","3":"status-publish","4":"has-post-thumbnail","6":"product_cat-3m","7":"product_tag-3m","8":"product_tag-petrifilm","9":"product_tag-placa","10":"product_tag-recuento","12":"first","13":"instock","14":"shipping-taxable","15":"purchasable","16":"product-type-simple"},"blog_post_layout_featured_media_urls":{"thumbnail":["https:\/\/elrincondelquimico.com\/wp-content\/uploads\/2024\/12\/salmonella_6536-150x150.jpg",150,150,true],"full":["https:\/\/elrincondelquimico.com\/wp-content\/uploads\/2024\/12\/salmonella_6536.jpg",300,300,false]},"categories":null,"categories_names":null,"comments_number":"0","_links":{"self":[{"href":"https:\/\/elrincondelquimico.com\/index.php?rest_route=\/wp\/v2\/product\/1183","targetHints":{"allow":["GET"]}}],"collection":[{"href":"https:\/\/elrincondelquimico.com\/index.php?rest_route=\/wp\/v2\/product"}],"about":[{"href":"https:\/\/elrincondelquimico.com\/index.php?rest_route=\/wp\/v2\/types\/product"}],"replies":[{"embeddable":true,"href":"https:\/\/elrincondelquimico.com\/index.php?rest_route=%2Fwp%2Fv2%2Fcomments&post=1183"}],"wp:featuredmedia":[{"embeddable":true,"href":"https:\/\/elrincondelquimico.com\/index.php?rest_route=\/wp\/v2\/media\/1184"}],"wp:attachment":[{"href":"https:\/\/elrincondelquimico.com\/index.php?rest_route=%2Fwp%2Fv2%2Fmedia&parent=1183"}],"wp:term":[{"taxonomy":"product_brand","embeddable":true,"href":"https:\/\/elrincondelquimico.com\/index.php?rest_route=%2Fwp%2Fv2%2Fproduct_brand&post=1183"},{"taxonomy":"product_cat","embeddable":true,"href":"https:\/\/elrincondelquimico.com\/index.php?rest_route=%2Fwp%2Fv2%2Fproduct_cat&post=1183"},{"taxonomy":"product_tag","embeddable":true,"href":"https:\/\/elrincondelquimico.com\/index.php?rest_route=%2Fwp%2Fv2%2Fproduct_tag&post=1183"}],"curies":[{"name":"wp","href":"https:\/\/api.w.org\/{rel}","templated":true}]}}