{"id":318,"date":"2024-11-10T23:19:23","date_gmt":"2024-11-11T04:19:23","guid":{"rendered":"https:\/\/elrincondelquimico.com\/?page_id=318"},"modified":"2024-11-13T00:37:41","modified_gmt":"2024-11-13T05:37:41","slug":"marcas","status":"publish","type":"page","link":"https:\/\/elrincondelquimico.com\/?page_id=318","title":{"rendered":"Marcas"},"content":{"rendered":"\t\t<div data-elementor-type=\"wp-page\" data-elementor-id=\"318\" class=\"elementor elementor-318\" data-elementor-post-type=\"page\">\n\t\t\t\t<div class=\"elementor-element elementor-element-3fa046c e-flex e-con-boxed e-con e-parent\" data-id=\"3fa046c\" data-element_type=\"container\">\n\t\t\t\t\t<div class=\"e-con-inner\">\n\t\t<div class=\"elementor-element elementor-element-deed4f4 e-con-full e-flex e-con e-child\" data-id=\"deed4f4\" data-element_type=\"container\">\n\t\t\t\t<div class=\"elementor-element elementor-element-18f2d8b elementor-widget elementor-widget-image\" data-id=\"18f2d8b\" data-element_type=\"widget\" data-widget_type=\"image.default\">\n\t\t\t\t<div class=\"elementor-widget-container\">\n\t\t\t\t\t\t\t\t\t\t\t\t\t\t\t<img fetchpriority=\"high\" decoding=\"async\" width=\"640\" height=\"360\" src=\"https:\/\/elrincondelquimico.com\/wp-content\/uploads\/2024\/11\/s783287366184070498_p3763_i1_w640-768x432.jpeg\" class=\"attachment-medium_large size-medium_large wp-image-368\" alt=\"\" srcset=\"https:\/\/elrincondelquimico.com\/wp-content\/uploads\/2024\/11\/s783287366184070498_p3763_i1_w640-768x432.jpeg 768w, https:\/\/elrincondelquimico.com\/wp-content\/uploads\/2024\/11\/s783287366184070498_p3763_i1_w640-300x169.jpeg 300w, https:\/\/elrincondelquimico.com\/wp-content\/uploads\/2024\/11\/s783287366184070498_p3763_i1_w640-1024x576.jpeg 1024w, https:\/\/elrincondelquimico.com\/wp-content\/uploads\/2024\/11\/s783287366184070498_p3763_i1_w640-600x337.jpeg 600w, https:\/\/elrincondelquimico.com\/wp-content\/uploads\/2024\/11\/s783287366184070498_p3763_i1_w640.jpeg 1138w\" sizes=\"(max-width: 640px) 100vw, 640px\" \/>\t\t\t\t\t\t\t\t\t\t\t\t\t\t\t<\/div>\n\t\t\t\t<\/div>\n\t\t\t\t<div class=\"elementor-element elementor-element-0690dee elementor-widget elementor-widget-text-editor\" data-id=\"0690dee\" data-element_type=\"widget\" data-widget_type=\"text-editor.default\">\n\t\t\t\t<div class=\"elementor-widget-container\">\n\t\t\t\t\t\t\t\t\t<h2><strong>HIMEDIA<\/strong><\/h2><p style=\"text-align: left;\">HiMedia Laboratories Private Limited es una empresa de biociencias de origen indio con sede en Mumbai, Maharashtra, India. HiMedia es una de las empresas de biociencias m\u00e1s importantes de la India. E<span style=\"color: var( --e-global-color-text ); font-family: var( --e-global-typography-text-font-family ), Sans-serif; font-weight: var( --e-global-typography-text-font-weight ); text-align: var(--text-align); letter-spacing: 0.3px;\">s una organizaci\u00f3n que se dedica al desarrollo, fabricaci\u00f3n y venta de la mayor\u00eda de productos basados en biociencias en todo el mundo, y ha ampliado sus bases estableciendo oficinas y almacenes en Europa y los EE. UU.\u00a0<\/span><span style=\"text-align: var(--text-align);\">Los expertos en biociencias consideran a HiMedia como el \u00abOrgullo de la India\u00bb, ya que es la primera organizaci\u00f3n registrada de origen indio,\u00a0 basados en tecnolog\u00eda de I+D interna.<\/span><\/p><p>Conoce m\u00e1s de Himedia en su web: <strong><a href=\"https:\/\/www.himedialabs.com\/\" target=\"_blank\" rel=\"noopener\">https:\/\/www.himedialabs.com\/<\/a><\/strong><\/p>\t\t\t\t\t\t\t\t<\/div>\n\t\t\t\t<\/div>\n\t\t\t\t<\/div>\n\t\t<div class=\"elementor-element elementor-element-27b06b8 e-con-full e-flex e-con e-child\" data-id=\"27b06b8\" data-element_type=\"container\">\n\t\t\t\t<div class=\"elementor-element elementor-element-28f33eb elementor-widget elementor-widget-image\" data-id=\"28f33eb\" data-element_type=\"widget\" data-widget_type=\"image.default\">\n\t\t\t\t<div class=\"elementor-widget-container\">\n\t\t\t\t\t\t\t\t\t\t\t\t\t\t\t<img decoding=\"async\" width=\"300\" height=\"300\" src=\"https:\/\/elrincondelquimico.com\/wp-content\/uploads\/2024\/11\/25881897.jpg\" class=\"attachment-medium_large size-medium_large wp-image-411\" alt=\"\" srcset=\"https:\/\/elrincondelquimico.com\/wp-content\/uploads\/2024\/11\/25881897.jpg 300w, https:\/\/elrincondelquimico.com\/wp-content\/uploads\/2024\/11\/25881897-150x150.jpg 150w, https:\/\/elrincondelquimico.com\/wp-content\/uploads\/2024\/11\/25881897-100x100.jpg 100w, https:\/\/elrincondelquimico.com\/wp-content\/uploads\/2024\/11\/elementor\/thumbs\/25881897-150x150.jpg 700w\" sizes=\"(max-width: 300px) 100vw, 300px\" \/>\t\t\t\t\t\t\t\t\t\t\t\t\t\t\t<\/div>\n\t\t\t\t<\/div>\n\t\t\t\t<div class=\"elementor-element elementor-element-812be28 elementor-widget elementor-widget-text-editor\" data-id=\"812be28\" data-element_type=\"widget\" data-widget_type=\"text-editor.default\">\n\t\t\t\t<div class=\"elementor-widget-container\">\n\t\t\t\t\t\t\t\t\t<h2><b>JT BAKER<\/b><\/h2><div><b>\u00a0<\/b><\/div><p style=\"text-align: left;\">J.T. Baker es una marca de Avantor Performance Materials, que se origina en Estados Unidos y se especializa en la fabricaci\u00f3n y comercializaci\u00f3n de reactivos qu\u00edmicos de alta pureza.<\/p><p style=\"text-align: left;\">La compa\u00f1\u00eda ofrece una amplia variedad de productos que incluyen soluciones acuosas, \u00e1cidos, bases, solventes, reactivos qu\u00edmicos y productos de limpieza y mantenimiento. Su l\u00ednea de disolventes ULTRA LC\/MS est\u00e1 dise\u00f1ada para aplicaciones anal\u00edticas exigentes.<\/p><p>Conoce m\u00e1s de AVANTOR en su web: <strong><a href=\"https:\/\/es.vwr.com\/cms\/avantor\" target=\"_blank\" rel=\"noopener\">https:\/\/es.vwr.com\/cms\/avantor<\/a><\/strong><\/p>\t\t\t\t\t\t\t\t<\/div>\n\t\t\t\t<\/div>\n\t\t\t\t<\/div>\n\t\t\t\t\t<\/div>\n\t\t\t\t<\/div>\n\t\t<div class=\"elementor-element elementor-element-9d50cfd e-flex e-con-boxed e-con e-parent\" data-id=\"9d50cfd\" data-element_type=\"container\">\n\t\t\t\t\t<div class=\"e-con-inner\">\n\t\t<div class=\"elementor-element elementor-element-79a2eed e-con-full e-flex e-con e-child\" data-id=\"79a2eed\" data-element_type=\"container\">\n\t\t\t\t<div class=\"elementor-element elementor-element-6dec24f elementor-widget elementor-widget-image\" data-id=\"6dec24f\" data-element_type=\"widget\" data-widget_type=\"image.default\">\n\t\t\t\t<div class=\"elementor-widget-container\">\n\t\t\t\t\t\t\t\t\t\t\t\t\t\t\t<img decoding=\"async\" width=\"300\" height=\"251\" src=\"https:\/\/elrincondelquimico.com\/wp-content\/uploads\/2024\/11\/4-300x251.jpg\" class=\"attachment-medium size-medium wp-image-384\" alt=\"\" srcset=\"https:\/\/elrincondelquimico.com\/wp-content\/uploads\/2024\/11\/4-300x251.jpg 300w, https:\/\/elrincondelquimico.com\/wp-content\/uploads\/2024\/11\/4.jpg 600w\" sizes=\"(max-width: 300px) 100vw, 300px\" \/>\t\t\t\t\t\t\t\t\t\t\t\t\t\t\t<\/div>\n\t\t\t\t<\/div>\n\t\t\t\t<div class=\"elementor-element elementor-element-856d05d elementor-widget elementor-widget-text-editor\" data-id=\"856d05d\" data-element_type=\"widget\" data-widget_type=\"text-editor.default\">\n\t\t\t\t<div class=\"elementor-widget-container\">\n\t\t\t\t\t\t\t\t\t<h2><strong>CDH(CENTRAL DRUG HOUSE)<\/strong><\/h2><p style=\"text-align: left;\">CDH es una empresa que ha estado activa desde 1981, especializada en la distribuci\u00f3n de productos qu\u00edmicos de laboratorio y medios de cultivo deshidratados. Se centran en proporcionar insumos para la industria farmac\u00e9utica, investigaci\u00f3n cient\u00edfica, y educaci\u00f3n. A lo largo de los a\u00f1os, CDH ha expandido su cat\u00e1logo para incluir una variedad de productos, como reactivos, soluciones y equipos de laboratorio, consolid\u00e1ndose como un proveedor clave en el mercado. Su compromiso con la calidad y la innovaci\u00f3n ha permitido a CDH establecer una s\u00f3lida reputaci\u00f3n en el sector.<\/p><p style=\"text-align: left;\">Conoce m\u00e1s de CDH en su web: <strong><a href=\"https:\/\/www.cdhfinechemical.com\/\" target=\"_blank\" rel=\"noopener\">https:\/\/www.cdhfinechemical.com<\/a><\/strong><\/p>\t\t\t\t\t\t\t\t<\/div>\n\t\t\t\t<\/div>\n\t\t\t\t<\/div>\n\t\t<div class=\"elementor-element elementor-element-3f1755b e-con-full e-flex e-con e-child\" data-id=\"3f1755b\" data-element_type=\"container\">\n\t\t\t\t<div class=\"elementor-element elementor-element-c757ec6 elementor-widget elementor-widget-image\" data-id=\"c757ec6\" data-element_type=\"widget\" data-widget_type=\"image.default\">\n\t\t\t\t<div class=\"elementor-widget-container\">\n\t\t\t\t\t\t\t\t\t\t\t\t\t\t\t<img loading=\"lazy\" decoding=\"async\" width=\"640\" height=\"338\" src=\"https:\/\/elrincondelquimico.com\/wp-content\/uploads\/2024\/11\/file2_1553240739-1024x541.jpg\" class=\"attachment-large size-large wp-image-413\" alt=\"\" srcset=\"https:\/\/elrincondelquimico.com\/wp-content\/uploads\/2024\/11\/file2_1553240739-1024x541.jpg 1024w, https:\/\/elrincondelquimico.com\/wp-content\/uploads\/2024\/11\/file2_1553240739-300x159.jpg 300w, https:\/\/elrincondelquimico.com\/wp-content\/uploads\/2024\/11\/file2_1553240739-768x406.jpg 768w, https:\/\/elrincondelquimico.com\/wp-content\/uploads\/2024\/11\/file2_1553240739-600x317.jpg 600w, https:\/\/elrincondelquimico.com\/wp-content\/uploads\/2024\/11\/file2_1553240739.jpg 1258w\" sizes=\"(max-width: 640px) 100vw, 640px\" \/>\t\t\t\t\t\t\t\t\t\t\t\t\t\t\t<\/div>\n\t\t\t\t<\/div>\n\t\t\t\t<div class=\"elementor-element elementor-element-134b9cb elementor-widget elementor-widget-text-editor\" data-id=\"134b9cb\" data-element_type=\"widget\" data-widget_type=\"text-editor.default\">\n\t\t\t\t<div class=\"elementor-widget-container\">\n\t\t\t\t\t\t\t\t\t<h2><strong>SPL<\/strong><\/h2><p style=\"text-align: left;\">SPL Life Sciences es una empresa que ha estado activa durante 30 a\u00f1os, especializada en la fabricaci\u00f3n de productos de laboratorio de pl\u00e1stico de alta calidad, siguiendo los est\u00e1ndares m\u00e1s rigurosos de la industria. Sus productos est\u00e1n dise\u00f1ados para investigadores en el \u00e1mbito de las ciencias de la vida,<\/p><p style=\"text-align: left;\">Productos de laboratorio de pl\u00e1stico de alta calidad, incluyendo equipos y suministros para la investigaci\u00f3n, como tubos PCR, productos para cultivo celular, reactivos y suministros cl\u00ednicos.<\/p><p style=\"text-align: left;\">Conoce m\u00e1s de SPL en su web: <strong><a href=\"https:\/\/www.spllifesciences.com\/\" target=\"_blank\" rel=\"noopener\">https:\/\/www.spllifesciences.com\/<\/a><\/strong><\/p>\t\t\t\t\t\t\t\t<\/div>\n\t\t\t\t<\/div>\n\t\t\t\t<\/div>\n\t\t\t\t\t<\/div>\n\t\t\t\t<\/div>\n\t\t<div class=\"elementor-element elementor-element-915e119 e-flex e-con-boxed e-con e-parent\" data-id=\"915e119\" data-element_type=\"container\">\n\t\t\t\t\t<div class=\"e-con-inner\">\n\t\t<div class=\"elementor-element elementor-element-2d61f53 e-con-full e-flex e-con e-child\" data-id=\"2d61f53\" data-element_type=\"container\">\n\t\t\t\t<div class=\"elementor-element elementor-element-87033e6 elementor-widget elementor-widget-image\" data-id=\"87033e6\" data-element_type=\"widget\" data-widget_type=\"image.default\">\n\t\t\t\t<div class=\"elementor-widget-container\">\n\t\t\t\t\t\t\t\t\t\t\t\t\t\t\t<img loading=\"lazy\" decoding=\"async\" width=\"640\" height=\"360\" src=\"https:\/\/elrincondelquimico.com\/wp-content\/uploads\/2024\/11\/Mkgaa1920x1080-768x432.jpg\" class=\"attachment-medium_large size-medium_large wp-image-395\" alt=\"\" srcset=\"https:\/\/elrincondelquimico.com\/wp-content\/uploads\/2024\/11\/Mkgaa1920x1080-768x432.jpg 768w, https:\/\/elrincondelquimico.com\/wp-content\/uploads\/2024\/11\/Mkgaa1920x1080-300x169.jpg 300w, https:\/\/elrincondelquimico.com\/wp-content\/uploads\/2024\/11\/Mkgaa1920x1080-1024x576.jpg 1024w, https:\/\/elrincondelquimico.com\/wp-content\/uploads\/2024\/11\/Mkgaa1920x1080-1536x864.jpg 1536w, https:\/\/elrincondelquimico.com\/wp-content\/uploads\/2024\/11\/Mkgaa1920x1080-600x338.jpg 600w, https:\/\/elrincondelquimico.com\/wp-content\/uploads\/2024\/11\/Mkgaa1920x1080.jpg 1920w\" sizes=\"(max-width: 640px) 100vw, 640px\" \/>\t\t\t\t\t\t\t\t\t\t\t\t\t\t\t<\/div>\n\t\t\t\t<\/div>\n\t\t\t\t<div class=\"elementor-element elementor-element-79c7f2e elementor-widget elementor-widget-text-editor\" data-id=\"79c7f2e\" data-element_type=\"widget\" data-widget_type=\"text-editor.default\">\n\t\t\t\t<div class=\"elementor-widget-container\">\n\t\t\t\t\t\t\t\t\t<h2><strong>MERCK<\/strong><\/h2><p style=\"text-align: left;\">Merck es una de las empresas farmac\u00e9uticas y qu\u00edmicas m\u00e1s antiguas del mundo, establecida en 1668 en Alemania. En M\u00e9xico, fue fundada en 1930 y ha explorado diversas \u00e1reas en el negocio farmac\u00e9utico y qu\u00edmico durante m\u00e1s de 88 a\u00f1os. Su historia est\u00e1 marcada por innovaciones y contribuciones significativas a la salud y la ciencia. Entre sus productos m\u00e1s destacados se encuentran medicamentos y soluciones en varias \u00e1reas terap\u00e9uticas.<\/p><p style=\"text-align: left;\">Conoce m\u00e1s de MERCK en su web: <strong><a href=\"https:\/\/www.merckmillipore.com\/PE\/es\" target=\"_blank\" rel=\"noopener\">https:\/\/www.merckmillipore.com<\/a><\/strong><\/p>\t\t\t\t\t\t\t\t<\/div>\n\t\t\t\t<\/div>\n\t\t\t\t<\/div>\n\t\t<div class=\"elementor-element elementor-element-3dad7f0 e-con-full e-flex e-con e-child\" data-id=\"3dad7f0\" data-element_type=\"container\">\n\t\t\t\t<div class=\"elementor-element elementor-element-c6d9eba elementor-widget elementor-widget-image\" data-id=\"c6d9eba\" data-element_type=\"widget\" data-widget_type=\"image.default\">\n\t\t\t\t<div class=\"elementor-widget-container\">\n\t\t\t\t\t\t\t\t\t\t\t\t\t\t\t<img loading=\"lazy\" decoding=\"async\" width=\"548\" height=\"360\" src=\"https:\/\/elrincondelquimico.com\/wp-content\/uploads\/2024\/11\/noImage.jpg\" class=\"attachment-medium_large size-medium_large wp-image-424\" alt=\"\" srcset=\"https:\/\/elrincondelquimico.com\/wp-content\/uploads\/2024\/11\/noImage.jpg 548w, https:\/\/elrincondelquimico.com\/wp-content\/uploads\/2024\/11\/noImage-300x197.jpg 300w\" sizes=\"(max-width: 548px) 100vw, 548px\" \/>\t\t\t\t\t\t\t\t\t\t\t\t\t\t\t<\/div>\n\t\t\t\t<\/div>\n\t\t\t\t<div class=\"elementor-element elementor-element-c1aeb2b elementor-widget elementor-widget-text-editor\" data-id=\"c1aeb2b\" data-element_type=\"widget\" data-widget_type=\"text-editor.default\">\n\t\t\t\t<div class=\"elementor-widget-container\">\n\t\t\t\t\t\t\t\t\t<h2><strong>ISOLAB<\/strong><\/h2><p style=\"text-align: left;\">ISOLAB GmbH, fundada en 1996, se ha consolidado como una compa\u00f1\u00eda especializada en la fabricaci\u00f3n de productos de alta calidad, principalmente en el \u00e1mbito de la vidrier\u00eda y pl\u00e1sticos. Su primer \u00e9xito en exportaci\u00f3n se registr\u00f3 con un contenedor de vidrier\u00eda enviado a Rusia. La empresa pone un gran \u00e9nfasis en la calidad de sus productos, utilizando materia prima de l\u00edderes mundiales en pl\u00e1sticos.<\/p><p style=\"text-align: left;\">Conoce m\u00e1s de MERCK en su web: <strong><a href=\"https:\/\/www.isolab.de\/\" target=\"_blank\" rel=\"noopener\">https:\/\/www.isolab.de\/<\/a><\/strong><\/p>\t\t\t\t\t\t\t\t<\/div>\n\t\t\t\t<\/div>\n\t\t\t\t<\/div>\n\t\t\t\t\t<\/div>\n\t\t\t\t<\/div>\n\t\t<div class=\"elementor-element elementor-element-c4497ec e-flex e-con-boxed e-con e-parent\" data-id=\"c4497ec\" data-element_type=\"container\">\n\t\t\t\t\t<div class=\"e-con-inner\">\n\t\t<div class=\"elementor-element elementor-element-7460124 e-con-full e-flex e-con e-child\" data-id=\"7460124\" data-element_type=\"container\">\n\t\t\t\t<div class=\"elementor-element elementor-element-199057d elementor-widget elementor-widget-image\" data-id=\"199057d\" data-element_type=\"widget\" data-widget_type=\"image.default\">\n\t\t\t\t<div class=\"elementor-widget-container\">\n\t\t\t\t\t\t\t\t\t\t\t\t\t\t\t<img loading=\"lazy\" decoding=\"async\" width=\"250\" height=\"250\" src=\"https:\/\/elrincondelquimico.com\/wp-content\/uploads\/2024\/11\/pallavchemical-logo.png\" class=\"attachment-medium_large size-medium_large wp-image-432\" alt=\"\" srcset=\"https:\/\/elrincondelquimico.com\/wp-content\/uploads\/2024\/11\/pallavchemical-logo.png 250w, https:\/\/elrincondelquimico.com\/wp-content\/uploads\/2024\/11\/pallavchemical-logo-150x150.png 150w, https:\/\/elrincondelquimico.com\/wp-content\/uploads\/2024\/11\/pallavchemical-logo-100x100.png 100w\" sizes=\"(max-width: 250px) 100vw, 250px\" \/>\t\t\t\t\t\t\t\t\t\t\t\t\t\t\t<\/div>\n\t\t\t\t<\/div>\n\t\t\t\t<div class=\"elementor-element elementor-element-94308ca elementor-widget elementor-widget-text-editor\" data-id=\"94308ca\" data-element_type=\"widget\" data-widget_type=\"text-editor.default\">\n\t\t\t\t<div class=\"elementor-widget-container\">\n\t\t\t\t\t\t\t\t\t<h2><strong>PALLAV CHEMICALS<\/strong><\/h2><p style=\"text-align: left;\">Pallav Chemical es una empresa india fundada en 1996, especializada en la producci\u00f3n y distribuci\u00f3n de productos qu\u00edmicos de alta calidad. La empresa se enfoca en productos qu\u00edmicos intermedios y materias primas utilizadas en diversas industrias, incluyendo la farmac\u00e9utica, textil, agr\u00edcola, y de recubrimientos. Su cat\u00e1logo incluye solventes, \u00e1cidos, bases, y compuestos org\u00e1nicos e inorg\u00e1nicos, para categor\u00edas como HPLC, biolog\u00eda molecular y grado USP.<\/p><p style=\"text-align: left;\">Conoce m\u00e1s de SIGMA en su web: <strong><a href=\"https:\/\/pallavchemicals.com\/\" target=\"_blank\" rel=\"noopener\">https:\/\/pallavchemicals.com\/<\/a><\/strong><\/p>\t\t\t\t\t\t\t\t<\/div>\n\t\t\t\t<\/div>\n\t\t\t\t<\/div>\n\t\t<div class=\"elementor-element elementor-element-27c7ff2 e-con-full e-flex e-con e-child\" data-id=\"27c7ff2\" data-element_type=\"container\">\n\t\t\t\t<div class=\"elementor-element elementor-element-822d27e elementor-widget elementor-widget-image\" data-id=\"822d27e\" data-element_type=\"widget\" data-widget_type=\"image.default\">\n\t\t\t\t<div class=\"elementor-widget-container\">\n\t\t\t\t\t\t\t\t\t\t\t\t\t\t\t<img decoding=\"async\" src=\"https:\/\/elrincondelquimico.com\/wp-content\/uploads\/elementor\/thumbs\/Sigma-Aldrich-Logo.wine_-qwxpfu27nxg8uy65g18q8daq5b9128yzypk2d3k4w4.png\" title=\"Sigma-Aldrich-Logo.wine\" alt=\"Sigma-Aldrich-Logo.wine\" loading=\"lazy\" \/>\t\t\t\t\t\t\t\t\t\t\t\t\t\t\t<\/div>\n\t\t\t\t<\/div>\n\t\t\t\t<div class=\"elementor-element elementor-element-6da51c3 elementor-widget elementor-widget-text-editor\" data-id=\"6da51c3\" data-element_type=\"widget\" data-widget_type=\"text-editor.default\">\n\t\t\t\t<div class=\"elementor-widget-container\">\n\t\t\t\t\t\t\t\t\t<h2><strong>SIGMA ALDRICH<\/strong><\/h2><p style=\"text-align: left;\">Sigma-Aldrich es una empresa global dedicada a la ciencia y la tecnolog\u00eda, que ofrece una amplia gama de productos de laboratorio, incluyendo materiales y herramientas para investigaciones cient\u00edficas. Su misi\u00f3n es resolver problemas complejos y ser parte de los avances en laboratorios en todo el mundo. La empresa se enfoca en proporcionar productos que apoyen el trabajo de los cient\u00edficos y promuevan el progreso en diversas disciplinas.<\/p><p style=\"text-align: left;\">Conoce m\u00e1s de SIGMA en su web: <strong><a href=\"https:\/\/www.sigmaaldrich.com\/\" target=\"_blank\" rel=\"noopener\">https:\/\/www.sigmaaldrich.com\/<\/a><\/strong><\/p>\t\t\t\t\t\t\t\t<\/div>\n\t\t\t\t<\/div>\n\t\t\t\t<\/div>\n\t\t\t\t\t<\/div>\n\t\t\t\t<\/div>\n\t\t\t\t<\/div>\n\t\t","protected":false},"excerpt":{"rendered":"<p>HIMEDIA HiMedia Laboratories Private Limited es una empresa de biociencias de origen indio con sede en Mumbai, Maharashtra, India. HiMedia es una de las empresas de biociencias m\u00e1s importantes de la India. Es una organizaci\u00f3n que se dedica al desarrollo, fabricaci\u00f3n y venta de la mayor\u00eda de productos basados en biociencias en todo el mundo,<\/p>\n<div class=\"more-link\">\n\t\t\t\t <a href=\"https:\/\/elrincondelquimico.com\/?page_id=318\" class=\"link-btn\"><span>Continue Leyendo <\/span><i class=\"icofont-thin-double-right\"><\/i><\/a>\n\t\t\t<\/div>\n","protected":false},"author":1,"featured_media":0,"parent":0,"menu_order":20,"comment_status":"closed","ping_status":"closed","template":"elementor_header_footer","meta":{"inline_featured_image":false,"footnotes":""},"class_list":["post-318","page","type-page","status-publish","hentry"],"blog_post_layout_featured_media_urls":{"thumbnail":"","full":""},"categories_names":null,"comments_number":"0","_links":{"self":[{"href":"https:\/\/elrincondelquimico.com\/index.php?rest_route=\/wp\/v2\/pages\/318","targetHints":{"allow":["GET"]}}],"collection":[{"href":"https:\/\/elrincondelquimico.com\/index.php?rest_route=\/wp\/v2\/pages"}],"about":[{"href":"https:\/\/elrincondelquimico.com\/index.php?rest_route=\/wp\/v2\/types\/page"}],"author":[{"embeddable":true,"href":"https:\/\/elrincondelquimico.com\/index.php?rest_route=\/wp\/v2\/users\/1"}],"replies":[{"embeddable":true,"href":"https:\/\/elrincondelquimico.com\/index.php?rest_route=%2Fwp%2Fv2%2Fcomments&post=318"}],"version-history":[{"count":63,"href":"https:\/\/elrincondelquimico.com\/index.php?rest_route=\/wp\/v2\/pages\/318\/revisions"}],"predecessor-version":[{"id":438,"href":"https:\/\/elrincondelquimico.com\/index.php?rest_route=\/wp\/v2\/pages\/318\/revisions\/438"}],"wp:attachment":[{"href":"https:\/\/elrincondelquimico.com\/index.php?rest_route=%2Fwp%2Fv2%2Fmedia&parent=318"}],"curies":[{"name":"wp","href":"https:\/\/api.w.org\/{rel}","templated":true}]}}